{"id":121266,"date":"2020-02-05T17:17:00","date_gmt":"2020-02-05T17:17:00","guid":{"rendered":"https:\/\/foreldrekompetanse.no\/?page_id=121266"},"modified":"2020-02-10T11:33:43","modified_gmt":"2020-02-10T11:33:43","slug":"pamelding-minneseminar-for-jesper-juul","status":"publish","type":"page","link":"https:\/\/foreldrekompetanse.no\/en\/pamelding-minneseminar-for-jesper-juul\/","title":{"rendered":"P\u00e5melding minneseminar for Jesper Juul"},"content":{"rendered":"<p>[et_pb_section fb_built=&#8221;1&#8243; fullwidth=&#8221;on&#8221; _builder_version=&#8221;3.22&#8243; transparent_background=&#8221;off&#8221;][et_pb_fullwidth_header title=&#8221;Her kan du melde deg p\u00e5 minneseminar for Jesper Juul.&#8221; logo_image_url=&#8221;https:\/\/foreldrekompetanse.no\/wp-content\/uploads\/2020\/02\/famlab-no_bw.png&#8221; admin_label=&#8221;Overskrift med full bredde&#8221; _builder_version=&#8221;4.2.2&#8243; background_color=&#8221;#A9364A&#8221; max_width_tablet=&#8221;50px&#8221; button_one_text_size__hover_enabled=&#8221;off&#8221; button_one_text_size__hover=&#8221;null&#8221; button_two_text_size__hover_enabled=&#8221;off&#8221; button_two_text_size__hover=&#8221;null&#8221; button_one_text_color__hover_enabled=&#8221;off&#8221; button_one_text_color__hover=&#8221;null&#8221; button_two_text_color__hover_enabled=&#8221;off&#8221; button_two_text_color__hover=&#8221;null&#8221; button_one_border_width__hover_enabled=&#8221;off&#8221; button_one_border_width__hover=&#8221;null&#8221; button_two_border_width__hover_enabled=&#8221;off&#8221; button_two_border_width__hover=&#8221;null&#8221; button_one_border_color__hover_enabled=&#8221;off&#8221; button_one_border_color__hover=&#8221;null&#8221; button_two_border_color__hover_enabled=&#8221;off&#8221; button_two_border_color__hover=&#8221;null&#8221; button_one_border_radius__hover_enabled=&#8221;off&#8221; button_one_border_radius__hover=&#8221;null&#8221; button_two_border_radius__hover_enabled=&#8221;off&#8221; button_two_border_radius__hover=&#8221;null&#8221; button_one_letter_spacing__hover_enabled=&#8221;off&#8221; button_one_letter_spacing__hover=&#8221;null&#8221; button_two_letter_spacing__hover_enabled=&#8221;off&#8221; button_two_letter_spacing__hover=&#8221;null&#8221; button_one_bg_color__hover_enabled=&#8221;off&#8221; button_one_bg_color__hover=&#8221;null&#8221; button_two_bg_color__hover_enabled=&#8221;off&#8221; button_two_bg_color__hover=&#8221;null&#8221;][\/et_pb_fullwidth_header][\/et_pb_section][et_pb_section fb_built=&#8221;1&#8243; _builder_version=&#8221;3.22&#8243; transparent_background=&#8221;off&#8221;][et_pb_row _builder_version=&#8221;3.25&#8243; custom_margin=&#8221;||0px|&#8221;][et_pb_column type=&#8221;4_4&#8243; _builder_version=&#8221;3.0.47&#8243; custom_padding=&#8221;|||&#8221; custom_padding__hover=&#8221;|||&#8221;][et_pb_text _builder_version=&#8221;4.2.2&#8243; background_size=&#8221;initial&#8221; background_position=&#8221;top_left&#8221; background_repeat=&#8221;repeat&#8221; module_alignment=&#8221;left&#8221; locked=&#8221;off&#8221;]<\/p>\n<p>Her kan du melde deg p\u00e5 til v\u00e5re kurs i Oslo og andre byer. \u00d8nsker du \u00e5 delta p\u00e5 et av v\u00e5re nettkurs kan du g\u00e5 til <a href=\"https:\/\/foreldrekompetanse.no\/pamelding-nettkurs\/\"><strong>denne siden<\/strong><\/a>.<\/p>\n<h3>Betaling med kort eller Vipps via Bambora, eller med Paypal.<\/h3>\n<p>Du kan betale online via Paypal eller Bambora. Med Bambora kan du betale med Visa, Mastercard\/Mastro eller med Vipps. Dette er raskeste og mest effektivt b\u00e5de for deg og oss. Dette gj\u00f8r du under p\u00e5 denne siden.<\/p>\n<h3>Betal med giro.<\/h3>\n<p>Du kan ogs\u00e5 f\u00e5 tilsendt en giro. Vi tar da et fakturagebyr \u00e5 39 kr, for \u00e5 dekke v\u00e5re ekstrakostnader\/tidsbruk med dette.<\/p>\n<p>For \u00e5 fylle ut en giro trenger vi din post\/fakturadresse, fullt navn og adresse. Giroen blir sent til din epost adresse. For \u00e5 bli manuelt registrert p\u00e5 kurset og f\u00e5 tilsendt giro m\u00e5 du sende oss en epost med navn p\u00e5 kurs, kursdato og antall deltagere. Du kan sende oss en epost via <a href=\"https:\/\/foreldrekompetanse.no\/pamelding-med-giro\/\"><strong>kontaktskjemaet her<\/strong><\/a><strong>.<\/strong><\/p>\n<p>Er du en bedrift\/organisasjon\/kommune el. s\u00e5 trenger vi ogs\u00e5 organisasjonsnummer, ressursnummer ol. Giroen blir sent til din epost adresse, eventuelt til regnskapskontoret via EHF. Du m\u00e5 sende oss en epost med navn p\u00e5 kurs, kursdato og antall deltagere. Du kan sende oss en epost via <strong><a href=\"https:\/\/foreldrekompetanse.no\/pamelding-med-giro\/\">kontaktskjemaet her<\/a><\/strong>.<\/p>\n<h3>Kj\u00f8psbetingelser.<\/h3>\n<p>V\u00e5re kj\u00f8psvilk\u00e5r finner du <strong><a href=\"https:\/\/foreldrekompetanse.no\/kjopsbetingelser\/\">her<\/a>.<\/strong><\/p>\n<p>[\/et_pb_text][\/et_pb_column][\/et_pb_row][et_pb_row column_structure=&#8221;2_3,1_3&#8243; _builder_version=&#8221;3.25&#8243; background_size=&#8221;initial&#8221; background_position=&#8221;top_left&#8221; background_repeat=&#8221;repeat&#8221;][et_pb_column type=&#8221;2_3&#8243; _builder_version=&#8221;3.0.47&#8243; custom_padding=&#8221;|||&#8221; custom_padding__hover=&#8221;|||&#8221;][et_pb_image src=&#8221;https:\/\/foreldrekompetanse.no\/wp-content\/uploads\/2019\/03\/oppmerksom-logos-norway-wallets-2x-opt.jpg&#8221; align_tablet=&#8221;center&#8221; align_phone=&#8221;&#8221; align_last_edited=&#8221;on|desktop&#8221; admin_label=&#8221;bambora branding&#8221; _builder_version=&#8221;3.23&#8243; z_index_tablet=&#8221;500&#8243;][\/et_pb_image][\/et_pb_column][et_pb_column type=&#8221;1_3&#8243; _builder_version=&#8221;3.0.47&#8243; custom_padding=&#8221;|||&#8221; custom_padding__hover=&#8221;|||&#8221;][et_pb_image src=&#8221;https:\/\/foreldrekompetanse.no\/wp-content\/uploads\/2019\/03\/paypal-logo.jpg&#8221; align_tablet=&#8221;center&#8221; align_phone=&#8221;&#8221; align_last_edited=&#8221;on|desktop&#8221; admin_label=&#8221;paypal logo branding&#8221; _builder_version=&#8221;3.23&#8243; z_index_tablet=&#8221;500&#8243;][\/et_pb_image][\/et_pb_column][\/et_pb_row][et_pb_row column_structure=&#8221;3_4,1_4&#8243; admin_label=&#8221;Rekke&#8221; _builder_version=&#8221;3.25&#8243; background_size=&#8221;initial&#8221; background_position=&#8221;top_left&#8221; background_repeat=&#8221;repeat&#8221; custom_margin=&#8221;0px|||&#8221;][et_pb_column type=&#8221;3_4&#8243; _builder_version=&#8221;3.0.47&#8243; custom_padding=&#8221;|||&#8221; custom_padding__hover=&#8221;|||&#8221;][et_pb_text admin_label=&#8221;checkout&#8221; module_id=&#8221;checkout&#8221; _builder_version=&#8221;4.2.2&#8243; hover_enabled=&#8221;0&#8243; z_index_tablet=&#8221;500&#8243; box_shadow_horizontal_tablet=&#8221;0px&#8221; box_shadow_vertical_tablet=&#8221;0px&#8221; box_shadow_blur_tablet=&#8221;40px&#8221; box_shadow_spread_tablet=&#8221;0px&#8221;]<\/p>\n<div class=\"wcopc\"><\/div>\n<p>[\/et_pb_text][\/et_pb_column][et_pb_column type=&#8221;1_4&#8243; _builder_version=&#8221;3.0.47&#8243; custom_padding=&#8221;|||&#8221; custom_padding__hover=&#8221;|||&#8221;][et_pb_image src=&#8221;https:\/\/foreldrekompetanse.no\/wp-content\/uploads\/2020\/02\/jesper-juul-.jpg&#8221; admin_label=&#8221;Jesper Juul&#8221; _builder_version=&#8221;4.2.2&#8243;][\/et_pb_image][et_pb_image src=&#8221;https:\/\/foreldrekompetanse.no\/wp-content\/uploads\/2020\/02\/famlab-no_rgbb.png&#8221; admin_label=&#8221;famlab logo&#8221; _builder_version=&#8221;4.2.2&#8243;][\/et_pb_image][\/et_pb_column][\/et_pb_row][\/et_pb_section]<\/p>\n<span class=\"et_bloom_bottom_trigger\"><\/span>","protected":false},"excerpt":{"rendered":"<p>Her kan du melde deg p\u00e5 til v\u00e5re kurs i Oslo og andre byer. \u00d8nsker du \u00e5 delta p\u00e5 et av v\u00e5re nettkurs kan du g\u00e5 til denne siden. Betaling med kort eller Vipps via Bambora, eller med Paypal. Du kan betale online via Paypal eller Bambora. Med Bambora kan du betale med Visa, Mastercard\/Mastro [&hellip;]<\/p>\n","protected":false},"author":73,"featured_media":0,"parent":0,"menu_order":0,"comment_status":"closed","ping_status":"closed","template":"","meta":{"_acf_changed":false,"_et_pb_use_builder":"on","_et_pb_old_content":"","_et_gb_content_width":"","footnotes":""},"class_list":["post-121266","page","type-page","status-publish","hentry"],"acf":[],"aioseo_notices":[],"_links":{"self":[{"href":"https:\/\/foreldrekompetanse.no\/en\/wp-json\/wp\/v2\/pages\/121266","targetHints":{"allow":["GET"]}}],"collection":[{"href":"https:\/\/foreldrekompetanse.no\/en\/wp-json\/wp\/v2\/pages"}],"about":[{"href":"https:\/\/foreldrekompetanse.no\/en\/wp-json\/wp\/v2\/types\/page"}],"author":[{"embeddable":true,"href":"https:\/\/foreldrekompetanse.no\/en\/wp-json\/wp\/v2\/users\/73"}],"replies":[{"embeddable":true,"href":"https:\/\/foreldrekompetanse.no\/en\/wp-json\/wp\/v2\/comments?post=121266"}],"version-history":[{"count":0,"href":"https:\/\/foreldrekompetanse.no\/en\/wp-json\/wp\/v2\/pages\/121266\/revisions"}],"wp:attachment":[{"href":"https:\/\/foreldrekompetanse.no\/en\/wp-json\/wp\/v2\/media?parent=121266"}],"curies":[{"name":"wp","href":"https:\/\/api.w.org\/{rel}","templated":true}]}}