{"id":1713,"date":"2015-10-05T12:15:59","date_gmt":"2015-10-05T12:15:59","guid":{"rendered":"http:\/\/foreldrekompetanse.no\/?page_id=1713"},"modified":"2026-02-10T10:42:39","modified_gmt":"2026-02-10T09:42:39","slug":"pamelding-foreldrekurs-oslo-bergen-stavanger-trondheim","status":"publish","type":"page","link":"https:\/\/foreldrekompetanse.no\/en\/pamelding-foreldrekurs-oslo-bergen-stavanger-trondheim\/","title":{"rendered":"Foreldrekurs Oslo, Bergen, Stavanger, Trondheim"},"content":{"rendered":"<p>[et_pb_section fb_built=&#8221;1&#8243; fullwidth=&#8221;on&#8221; _builder_version=&#8221;4.16&#8243; module_alignment=&#8221;center&#8221; transparent_background=&#8221;off&#8221; global_colors_info=&#8221;{}&#8221;][et_pb_fullwidth_header title=&#8221;Her kan du melde deg p\u00e5 v\u00e5re kurs i Oslo og andre byer.&#8221; admin_label=&#8221;Overskrift med full bredde&#8221; _builder_version=&#8221;4.16&#8243; background_color=&#8221;#095070&#8243; max_width_tablet=&#8221;50px&#8221; module_alignment=&#8221;center&#8221; custom_margin=&#8221;|0px||0px|false|false&#8221; custom_padding=&#8221;|0px||0px|false|false&#8221; global_colors_info=&#8221;{}&#8221; button_one_text_size__hover_enabled=&#8221;off&#8221; button_one_text_size__hover=&#8221;null&#8221; button_two_text_size__hover_enabled=&#8221;off&#8221; button_two_text_size__hover=&#8221;null&#8221; button_one_text_color__hover_enabled=&#8221;off&#8221; button_one_text_color__hover=&#8221;null&#8221; button_two_text_color__hover_enabled=&#8221;off&#8221; button_two_text_color__hover=&#8221;null&#8221; button_one_border_width__hover_enabled=&#8221;off&#8221; button_one_border_width__hover=&#8221;null&#8221; button_two_border_width__hover_enabled=&#8221;off&#8221; button_two_border_width__hover=&#8221;null&#8221; button_one_border_color__hover_enabled=&#8221;off&#8221; button_one_border_color__hover=&#8221;null&#8221; button_two_border_color__hover_enabled=&#8221;off&#8221; button_two_border_color__hover=&#8221;null&#8221; button_one_border_radius__hover_enabled=&#8221;off&#8221; button_one_border_radius__hover=&#8221;null&#8221; button_two_border_radius__hover_enabled=&#8221;off&#8221; button_two_border_radius__hover=&#8221;null&#8221; button_one_letter_spacing__hover_enabled=&#8221;off&#8221; button_one_letter_spacing__hover=&#8221;null&#8221; button_two_letter_spacing__hover_enabled=&#8221;off&#8221; button_two_letter_spacing__hover=&#8221;null&#8221; button_one_bg_color__hover_enabled=&#8221;off&#8221; button_one_bg_color__hover=&#8221;null&#8221; button_two_bg_color__hover_enabled=&#8221;off&#8221; button_two_bg_color__hover=&#8221;null&#8221;][\/et_pb_fullwidth_header][\/et_pb_section][et_pb_section fb_built=&#8221;1&#8243; admin_label=&#8221;section&#8221; module_class=&#8221;lesspaddingtop&#8221; _builder_version=&#8221;4.16&#8243; background_color=&#8221;#ffffff&#8221; transparent_background=&#8221;off&#8221; saved_tabs=&#8221;all&#8221; global_colors_info=&#8221;{}&#8221;][et_pb_row _builder_version=&#8221;4.16&#8243; background_size=&#8221;initial&#8221; background_position=&#8221;top_left&#8221; background_repeat=&#8221;repeat&#8221; max_width=&#8221;1024px&#8221; global_colors_info=&#8221;{}&#8221;][et_pb_column type=&#8221;4_4&#8243; _builder_version=&#8221;4.16&#8243; custom_padding=&#8221;|||&#8221; global_colors_info=&#8221;{}&#8221; custom_padding__hover=&#8221;|||&#8221;][et_pb_text admin_label=&#8221;Text&#8221; _builder_version=&#8221;4.16&#8243; background_size=&#8221;initial&#8221; background_position=&#8221;top_left&#8221; background_repeat=&#8221;repeat&#8221; module_alignment=&#8221;left&#8221; global_colors_info=&#8221;{}&#8221;]<\/p>\n<p>Her kan du melde deg p\u00e5 til v\u00e5re kurs i Oslo og andre byer. \u00d8nsker du \u00e5 delta p\u00e5 et av v\u00e5re nettkurs kan du g\u00e5 til <a href=\"https:\/\/foreldrekompetanse.no\/pamelding-nettkurs\/\"><strong>denne siden<\/strong><\/a>.<\/p>\n<p>[\/et_pb_text][et_pb_toggle title=&#8221;Betal online med kort, Vipps eller Paypal.&#8221; use_icon_font_size=&#8221;on&#8221; icon_font_size=&#8221;22px&#8221; open_use_icon_font_size=&#8221;on&#8221; open_icon_font_size=&#8221;22px&#8221; admin_label=&#8221;Betal online&#8221; _builder_version=&#8221;4.16&#8243; _module_preset=&#8221;default&#8221; title_level=&#8221;h3&#8243; title_font=&#8221;|600|||||||&#8221; title_font_size_tablet=&#8221;&#8221; title_font_size_phone=&#8221;19px&#8221; title_font_size_last_edited=&#8221;on|phone&#8221; border_radii=&#8221;on|3px|3px|3px|3px&#8221; locked=&#8221;off&#8221; global_colors_info=&#8221;{}&#8221;]<\/p>\n<div class=\"et_pb_toggle_content clearfix\">Du kan betale online via Paypal eller Bambora. Med Bambora kan du betale med Visa, Mastercard\/Mastro eller med Vipps. Dette er raskeste og mest effektivt b\u00e5de for deg og oss. Dette velger du under p\u00e5 denne siden.<\/div>\n<p>[\/et_pb_toggle][et_pb_toggle title=&#8221;Betal med giro eller EHF.&#8221; use_icon_font_size=&#8221;on&#8221; icon_font_size=&#8221;22px&#8221; open_use_icon_font_size=&#8221;on&#8221; open_icon_font_size=&#8221;22px&#8221; admin_label=&#8221;giro&#8221; _builder_version=&#8221;4.16&#8243; _module_preset=&#8221;default&#8221; title_level=&#8221;h3&#8243; title_font=&#8221;|600|||||||&#8221; border_radii=&#8221;on|3px|3px|3px|3px&#8221; locked=&#8221;off&#8221; global_colors_info=&#8221;{}&#8221;]<\/p>\n<div class=\"et_pb_toggle_content clearfix\">\n<p>Du kan ogs\u00e5 f\u00e5 tilsendt en giro.<\/p>\n<h4><strong>Privatpersoner.<\/strong><\/h4>\n<p>Er du en privatperson og vil betale med giro s\u00e5 melder du deg p\u00e5 p\u00e5 vanlig m\u00e5te i skjemaet under og velger &#8220;Bambora online checkout&#8221; som betalingsform. P\u00e5 neste side s\u00e5 velger du giro som betalingsm\u00e5te i neste trinn. Giroen blir sendt deg via epost. Husk \u00e5 sjekke din s\u00f8ppelfolder i tilfelle du ikke mottar giroen innen kort tid.<\/p>\n<p>Det er Collector bank som er ansvarlig for fakturaen. Du kan lese mer om betaling med giro p\u00e5 Collector banks egne sider her,<br \/><a href=\"https:\/\/www.collector.no\/kundeservice\/handlet-med-faktura\/\" target=\"_blank\" rel=\"nofollow noopener noreferrer\">https:\/\/www.collector.no\/kundeservice\/handlet-med-faktura\/<\/a>.<\/p>\n<h4><strong>Bedrifter\/organisasjoner og betaling med EHF.<\/strong><\/h4>\n<p>Skal en bedrift\/organisasjon\/skole\/barnehage\/kommune betale for deg s\u00e5 trenger vi ogs\u00e5 organisasjonsnummer, ressursnummer ol. Giroen blir sent til din epost adresse, eventuelt til regnskapskontoret via EHF.<\/p>\n<p>Du m\u00e5 fylle ut skjemaet p\u00e5 <a href=\"https:\/\/foreldrekompetanse.no\/pamelding-med-giro\/\">denne siden<\/a> med navn p\u00e5 kurs, kursdato og antall deltagere i tillegg til korrekt fakturainformasjon i <a href=\"https:\/\/foreldrekompetanse.no\/pamelding-med-giro\/\">p\u00e5meldingsskjemaet her<\/a>.<\/p>\n<p>&nbsp;<\/p>\n<\/div>\n<p>[\/et_pb_toggle][et_pb_toggle title=&#8221;Delbetaling.&#8221; use_icon_font_size=&#8221;on&#8221; icon_font_size=&#8221;22px&#8221; open_use_icon_font_size=&#8221;on&#8221; open_icon_font_size=&#8221;22px&#8221; admin_label=&#8221;Delbetaling&#8221; _builder_version=&#8221;4.16&#8243; _module_preset=&#8221;default&#8221; title_level=&#8221;h3&#8243; title_font=&#8221;|600|||||||&#8221; border_radii=&#8221;on|3px|3px|3px|3px&#8221; locked=&#8221;off&#8221; global_colors_info=&#8221;{}&#8221;]<\/p>\n<p>Er du privatperson kan du velge \u00e5 betale i avdrag. Dette gj\u00f8r du ved \u00e5 melde deg p\u00e5 via skjemaet under og velge &#8220;Bambora online checkout&#8221; som betalingsform. Og s\u00e5 velge &#8220;Delbetaling&#8221; n\u00e5r du kommer til neste side med betalingsvalgene.<\/p>\n<p>Det er Collector bank som er ansvarlig for fakturaen. Du kan lese mer om betaling med giro p\u00e5 Collector banks egne sider her,<br \/><a href=\"https:\/\/www.collector.no\/kundeservice\/handlet-med-faktura\/\" target=\"_blank\" rel=\"nofollow noopener noreferrer\">https:\/\/www.collector.no\/kundeservice\/handlet-med-faktura\/<\/a>.<\/p>\n<p>[\/et_pb_toggle][et_pb_toggle title=&#8221;Venteliste.&#8221; use_icon_font_size=&#8221;on&#8221; icon_font_size=&#8221;22px&#8221; open_use_icon_font_size=&#8221;on&#8221; open_icon_font_size=&#8221;22px&#8221; admin_label=&#8221;Venteliste&#8221; _builder_version=&#8221;4.16&#8243; _module_preset=&#8221;default&#8221; title_level=&#8221;h3&#8243; title_font=&#8221;|600|||||||&#8221; border_radii=&#8221;on|3px|3px|3px|3px&#8221; locked=&#8221;off&#8221; global_colors_info=&#8221;{}&#8221;]<\/p>\n<p>Er kurset fullt? Om du vil st\u00e5 p\u00e5 venteliste kan du fylle ut skjemaet p\u00e5 <a href=\"https:\/\/foreldrekompetanse.no\/venteliste\/\"><strong>denne siden<\/strong><\/a>.<\/p>\n<p>[\/et_pb_toggle][\/et_pb_column][\/et_pb_row][et_pb_row column_structure=&#8221;2_3,1_3&#8243; make_equal=&#8221;on&#8221; custom_padding_last_edited=&#8221;on|tablet&#8221; _builder_version=&#8221;4.16&#8243; max_width=&#8221;1024px&#8221; custom_padding_tablet=&#8221;0px||0px||false|false&#8221; custom_padding_phone=&#8221;&#8221; z_index_tablet=&#8221;500&#8243; custom_css_main_element=&#8221;align-items:center;&#8221; box_shadow_horizontal_tablet=&#8221;0px&#8221; box_shadow_vertical_tablet=&#8221;0px&#8221; box_shadow_blur_tablet=&#8221;40px&#8221; box_shadow_spread_tablet=&#8221;0px&#8221; locked=&#8221;off&#8221; global_colors_info=&#8221;{}&#8221;][et_pb_column type=&#8221;2_3&#8243; _builder_version=&#8221;4.16&#8243; custom_padding=&#8221;|||&#8221; global_colors_info=&#8221;{}&#8221; custom_padding__hover=&#8221;|||&#8221;][et_pb_image src=&#8221;https:\/\/foreldrekompetanse.no\/wp-content\/uploads\/2019\/03\/oppmerksom-logos-norway-wallets-2x-opt.jpg&#8221; align_tablet=&#8221;center&#8221; align_phone=&#8221;&#8221; align_last_edited=&#8221;on|desktop&#8221; admin_label=&#8221;bambora branding&#8221; _builder_version=&#8221;4.16&#8243; custom_padding=&#8221;|0px||0px|false|false&#8221; custom_padding_tablet=&#8221;&#8221; custom_padding_phone=&#8221;&#8221; custom_padding_last_edited=&#8221;on|desktop&#8221; z_index_tablet=&#8221;500&#8243; border_radii=&#8221;on|5px|5px|5px|5px&#8221; border_width_all=&#8221;1px&#8221; border_color_all=&#8221;#bbbbbb&#8221; global_colors_info=&#8221;{}&#8221;][\/et_pb_image][\/et_pb_column][et_pb_column type=&#8221;1_3&#8243; _builder_version=&#8221;4.16&#8243; custom_padding=&#8221;|||&#8221; global_colors_info=&#8221;{}&#8221; custom_padding__hover=&#8221;|||&#8221;][et_pb_image src=&#8221;https:\/\/foreldrekompetanse.no\/wp-content\/uploads\/2019\/03\/paypal-logo.jpg&#8221; show_bottom_space=&#8221;off&#8221; align_tablet=&#8221;center&#8221; align_phone=&#8221;&#8221; align_last_edited=&#8221;on|desktop&#8221; admin_label=&#8221;paypal logo branding&#8221; _builder_version=&#8221;4.16&#8243; module_alignment=&#8221;center&#8221; max_height_tablet=&#8221;&#8221; max_height_phone=&#8221;70px&#8221; max_height_last_edited=&#8221;on|phone&#8221; custom_padding=&#8221;||||false|false&#8221; z_index_tablet=&#8221;500&#8243; global_colors_info=&#8221;{}&#8221;][\/et_pb_image][\/et_pb_column][\/et_pb_row][et_pb_row column_structure=&#8221;2_3,1_3&#8243; admin_label=&#8221;Rekke&#8221; _builder_version=&#8221;4.16&#8243; background_size=&#8221;initial&#8221; background_position=&#8221;top_left&#8221; background_repeat=&#8221;repeat&#8221; max_width=&#8221;1024px&#8221; custom_margin=&#8221;0px|||&#8221; collapsed=&#8221;off&#8221; global_colors_info=&#8221;{}&#8221;][et_pb_column type=&#8221;2_3&#8243; _builder_version=&#8221;4.16&#8243; custom_padding=&#8221;|||&#8221; global_colors_info=&#8221;{}&#8221; custom_padding__hover=&#8221;|||&#8221;][et_pb_text disabled_on=&#8221;on|on|on&#8221; admin_label=&#8221;checkout&#8221; module_id=&#8221;checkout&#8221; _builder_version=&#8221;4.16&#8243; z_index_tablet=&#8221;500&#8243; box_shadow_horizontal_tablet=&#8221;0px&#8221; box_shadow_vertical_tablet=&#8221;0px&#8221; box_shadow_blur_tablet=&#8221;40px&#8221; box_shadow_spread_tablet=&#8221;0px&#8221; disabled=&#8221;on&#8221; global_colors_info=&#8221;{}&#8221;]<\/p>\n<div class=\"wcopc\"><\/div>\n<p>[\/et_pb_text][et_pb_text _builder_version=&#8221;4.16&#8243; _module_preset=&#8221;default&#8221; text_font=&#8221;||||||||&#8221; background_color=&#8221;rgba(29,149,181,0.18)&#8221; custom_padding=&#8221;20px|40px|20px|40px|true|true&#8221; global_colors_info=&#8221;{}&#8221;]<\/p>\n<p>P\u00e5 grunn av smittevernrestriksjoner kan vi ikke holde v\u00e5re kurs som vanlig i de lokalene vi bruker. Du har fremdeles mulighet til \u00e5 delta p\u00e5 v\u00e5re online kurs. Du finner dette kurset i online format <strong><a href=\"https:\/\/foreldrekompetanse.no\/pamelding-nettkurs\/\">her<\/a><\/strong>.<\/p>\n<p>Du kan ogs\u00e5 registrere interesse for kurset <strong><a href=\"https:\/\/foreldrekompetanse.no\/registrer-interesse-for-kurs\/\">her<\/a><\/strong> s\u00e5 sender vi deg informasjon n\u00e5r nye datoer er klare.<\/p>\n<p>[\/et_pb_text][\/et_pb_column][et_pb_column type=&#8221;1_3&#8243; _builder_version=&#8221;4.16&#8243; custom_padding=&#8221;|||&#8221; global_colors_info=&#8221;{}&#8221; custom_padding__hover=&#8221;|||&#8221;][et_pb_testimonial _builder_version=&#8221;4.27.5&#8243; use_border_color=&#8221;off&#8221; border_style=&#8221;solid&#8221; global_colors_info=&#8221;{}&#8221; hover_enabled=&#8221;0&#8243; sticky_enabled=&#8221;0&#8243;]<\/p>\n<h4 style=\"text-align: center;\">&#8220;Alt vi har l\u00e6rt fungerer veldig bra, tusen takk for et nyttig og viktig kurs!&#8221;<\/span><\/h4>\n<p>[\/et_pb_testimonial][et_pb_testimonial _builder_version=&#8221;4.27.5&#8243; hover_enabled=&#8221;0&#8243; use_border_color=&#8221;off&#8221; border_style=&#8221;solid&#8221; global_colors_info=&#8221;{}&#8221; sticky_enabled=&#8221;0&#8243;]<\/p>\n<h4 style=\"text-align: center;\">&#8220;Fikk noen store aha opplevelser p\u00e5 kurset! Alle foreldre burde ta dette foreldrekurset!&#8221;<\/span><\/h4>\n<p>[\/et_pb_testimonial][et_pb_testimonial _builder_version=&#8221;4.27.5&#8243; hover_enabled=&#8221;0&#8243; use_border_color=&#8221;off&#8221; border_style=&#8221;solid&#8221; global_colors_info=&#8221;{}&#8221; sticky_enabled=&#8221;0&#8243;]<\/p>\n<h4 style=\"text-align: center;\">\u00abHar allerede anbefalt kurset til venner med barn. \ud83d\ude42 Et godt kurs!&#8221;<\/span><\/h4>\n<p>[\/et_pb_testimonial][et_pb_divider show_divider=&#8221;off&#8221; _builder_version=&#8221;4.16&#8243; height=&#8221;46px&#8221; global_colors_info=&#8221;{}&#8221;]<br \/>\n[\/et_pb_divider][et_pb_text _builder_version=&#8221;4.16&#8243; background_color=&#8221;#EBE9EB&#8221; custom_padding=&#8221;30px|30px|30px|30px|false|false&#8221; border_color_all=&#8221;#7baebd&#8221; global_colors_info=&#8221;{}&#8221;]<\/p>\n<p style=\"text-align: center;\">Her kan du melde deg p\u00e5 til v\u00e5re kurs i Oslo og andre byer.<br \/>\u00d8nsker du \u00e5 delta p\u00e5 et av v\u00e5re nettkurs kan du g\u00e5 til <br \/><a href=\"https:\/\/foreldrekompetanse.no\/pamelding-nettkurs\/\"><strong>denne siden<\/strong><\/a>.<\/p>\n<p>[\/et_pb_text][\/et_pb_column][\/et_pb_row][\/et_pb_section]<\/p>\n<span class=\"et_bloom_bottom_trigger\"><\/span>","protected":false},"excerpt":{"rendered":"<p>Her kan du melde deg p\u00e5 til v\u00e5re kurs i Oslo og andre byer. \u00d8nsker du \u00e5 delta p\u00e5 et av v\u00e5re nettkurs kan du g\u00e5 til denne siden.Du kan betale online via Paypal eller Bambora. Med Bambora kan du betale med Visa, Mastercard\/Mastro eller med Vipps. Dette er raskeste og mest effektivt b\u00e5de for [&hellip;]<\/p>\n","protected":false},"author":2,"featured_media":0,"parent":0,"menu_order":0,"comment_status":"closed","ping_status":"closed","template":"","meta":{"_acf_changed":false,"_et_pb_use_builder":"on","_et_pb_old_content":"","_et_gb_content_width":"","footnotes":""},"class_list":["post-1713","page","type-page","status-publish","hentry"],"acf":[],"aioseo_notices":[],"_links":{"self":[{"href":"https:\/\/foreldrekompetanse.no\/en\/wp-json\/wp\/v2\/pages\/1713","targetHints":{"allow":["GET"]}}],"collection":[{"href":"https:\/\/foreldrekompetanse.no\/en\/wp-json\/wp\/v2\/pages"}],"about":[{"href":"https:\/\/foreldrekompetanse.no\/en\/wp-json\/wp\/v2\/types\/page"}],"author":[{"embeddable":true,"href":"https:\/\/foreldrekompetanse.no\/en\/wp-json\/wp\/v2\/users\/2"}],"replies":[{"embeddable":true,"href":"https:\/\/foreldrekompetanse.no\/en\/wp-json\/wp\/v2\/comments?post=1713"}],"version-history":[{"count":0,"href":"https:\/\/foreldrekompetanse.no\/en\/wp-json\/wp\/v2\/pages\/1713\/revisions"}],"wp:attachment":[{"href":"https:\/\/foreldrekompetanse.no\/en\/wp-json\/wp\/v2\/media?parent=1713"}],"curies":[{"name":"wp","href":"https:\/\/api.w.org\/{rel}","templated":true}]}}