{"id":27985,"date":"2017-12-20T10:49:41","date_gmt":"2017-12-20T10:49:41","guid":{"rendered":"https:\/\/foreldrekompetanse.no\/?page_id=27985"},"modified":"2020-01-21T12:39:45","modified_gmt":"2020-01-21T12:39:45","slug":"nettkurs-traumer","status":"publish","type":"page","link":"https:\/\/foreldrekompetanse.no\/en\/nettkurs-traumer\/","title":{"rendered":"Nettkurs Traumer, relasjonelt stress og barns utvikling"},"content":{"rendered":"<p>[et_pb_section fb_built=&#8221;1&#8243; admin_label=&#8221;section&#8221; _builder_version=&#8221;3.22&#8243; background_color=&#8221;rgba(255,255,255,0)&#8221; transparent_background=&#8221;on&#8221;][et_pb_row admin_label=&#8221;row&#8221; _builder_version=&#8221;3.25&#8243; background_size=&#8221;initial&#8221; background_position=&#8221;top_left&#8221; background_repeat=&#8221;repeat&#8221;][et_pb_column type=&#8221;4_4&#8243; _builder_version=&#8221;3.25&#8243; custom_padding=&#8221;|||&#8221; custom_padding__hover=&#8221;|||&#8221;][et_pb_text _builder_version=&#8221;4.0.11&#8243; background_size=&#8221;initial&#8221; background_position=&#8221;top_left&#8221; background_repeat=&#8221;repeat&#8221; hover_enabled=&#8221;0&#8243;]<\/p>\n<h1 class=\"line-height-scale-3 font-scale-5 text-align-center lp-headline headline\" style=\"text-align: center;\"><strong>V\u00e5rt popul\u00e6re kurs om traumer, relasjonelt stress og barns utvikling n\u00e5 ogs\u00e5 som nettkurs!<\/strong><\/h1>\n<p>[\/et_pb_text][\/et_pb_column][\/et_pb_row][et_pb_row _builder_version=&#8221;3.25&#8243; background_size=&#8221;initial&#8221; background_position=&#8221;top_left&#8221; background_repeat=&#8221;repeat&#8221; column_structure=&#8221;1_2,1_2&#8243;][et_pb_column type=&#8221;1_2&#8243; _builder_version=&#8221;3.25&#8243; custom_padding=&#8221;|||&#8221; custom_padding__hover=&#8221;|||&#8221;][et_pb_image src=&#8221;https:\/\/foreldrekompetanse.no\/wp-content\/uploads\/2016\/12\/traumer_reasjonelt-strss_og-barns-utvikling.png&#8221; alt=&#8221;Nettkurs Konflikter med barn&#8221; align=&#8221;right&#8221; force_fullwidth=&#8221;on&#8221; align_tablet=&#8221;center&#8221; align_last_edited=&#8221;on|desktop&#8221; _builder_version=&#8221;3.23&#8243; always_center_on_mobile=&#8221;on&#8221;][\/et_pb_image][\/et_pb_column][et_pb_column type=&#8221;1_2&#8243; _builder_version=&#8221;3.25&#8243; custom_padding=&#8221;|||&#8221; custom_padding__hover=&#8221;|||&#8221;][et_pb_text _builder_version=&#8221;4.0.11&#8243; text_line_height=&#8221;2em&#8221; header_line_height=&#8221;1.5em&#8221; background_size=&#8221;initial&#8221; background_position=&#8221;top_left&#8221; background_repeat=&#8221;repeat&#8221; hover_enabled=&#8221;0&#8243; text_line_height_tablet=&#8221;&#8221; text_line_height_phone=&#8221;1.7em&#8221; text_line_height_last_edited=&#8221;on|phone&#8221; header_line_height_tablet=&#8221;&#8221; header_line_height_phone=&#8221;1em&#8221; header_line_height_last_edited=&#8221;on|phone&#8221;]<\/p>\n<h2 style=\"color: #1d95b5; text-align: center;\"><strong>Det viktigste kurset du deltar p\u00e5&#8230;<\/strong><\/h2>\n<h1 style=\"text-align: center;\"><strong>Traumer, relasjonelt stress og barns utvikling.<\/strong><\/h1>\n<h2 style=\"text-align: center;\">Nettkurs med 3 moduler.<\/h2>\n<p>Modul 1 og 2 f\u00e5r du p\u00e5 video og kan se n\u00e5r du vil. Modul 3 samles vi online og her kan du stille dine sp\u00f8rsm\u00e5l, dele erfaringer, f\u00e5 tilbakemeldinger og utdypning av innholdet fra de to f\u00f8rste delene.\u00a0<\/p>\n<p>[\/et_pb_text][et_pb_button button_url=&#8221;http:\/\/foreldrekompetanse.no\/pamelding-foreldrekurs-oslo-bergen-stavanger-trondheim\/&#8221; button_text=&#8221;P\u00e5melding her!&#8221; button_alignment=&#8221;center&#8221; disabled_on=&#8221;on|on|on&#8221; _builder_version=&#8221;3.16&#8243; custom_button=&#8221;on&#8221; button_text_size=&#8221;26&#8243; button_text_color=&#8221;#ffffff&#8221; button_bg_color=&#8221;#c3c63b&#8221; button_border_color=&#8221;#c3c63b&#8221; button_font=&#8221;|on|||&#8221; button_icon=&#8221;%%73%%&#8221; button_text_size_tablet=&#8221;&#8221; button_text_size_phone=&#8221;20&#8243; button_text_size_last_edited=&#8221;on|desktop&#8221; disabled=&#8221;on&#8221; button_text_size__hover_enabled=&#8221;off&#8221; button_one_text_size__hover_enabled=&#8221;off&#8221; button_two_text_size__hover_enabled=&#8221;off&#8221; button_text_color__hover_enabled=&#8221;off&#8221; button_one_text_color__hover_enabled=&#8221;off&#8221; button_two_text_color__hover_enabled=&#8221;off&#8221; button_border_width__hover_enabled=&#8221;off&#8221; button_one_border_width__hover_enabled=&#8221;off&#8221; button_two_border_width__hover_enabled=&#8221;off&#8221; button_border_color__hover_enabled=&#8221;off&#8221; button_one_border_color__hover_enabled=&#8221;off&#8221; button_two_border_color__hover_enabled=&#8221;off&#8221; button_border_radius__hover_enabled=&#8221;off&#8221; button_one_border_radius__hover_enabled=&#8221;off&#8221; button_two_border_radius__hover_enabled=&#8221;off&#8221; button_letter_spacing__hover_enabled=&#8221;off&#8221; button_one_letter_spacing__hover_enabled=&#8221;off&#8221; button_two_letter_spacing__hover_enabled=&#8221;off&#8221; button_bg_color__hover_enabled=&#8221;off&#8221; button_one_bg_color__hover_enabled=&#8221;off&#8221; button_two_bg_color__hover_enabled=&#8221;off&#8221;][\/et_pb_button][\/et_pb_column][\/et_pb_row][et_pb_row _builder_version=&#8221;3.25&#8243; background_size=&#8221;initial&#8221; background_position=&#8221;top_left&#8221; background_repeat=&#8221;repeat&#8221;][et_pb_column type=&#8221;4_4&#8243; _builder_version=&#8221;3.25&#8243; custom_padding=&#8221;|||&#8221; custom_padding__hover=&#8221;|||&#8221;][et_pb_text _builder_version=&#8221;4.0.11&#8243; text_line_height=&#8221;2em&#8221; header_line_height=&#8221;1.5em&#8221; background_size=&#8221;initial&#8221; background_position=&#8221;top_left&#8221; background_repeat=&#8221;repeat&#8221; hover_enabled=&#8221;0&#8243; text_line_height_tablet=&#8221;&#8221; text_line_height_phone=&#8221;1.7em&#8221; text_line_height_last_edited=&#8221;on|phone&#8221; header_line_height_tablet=&#8221;&#8221; header_line_height_phone=&#8221;1em&#8221; header_line_height_last_edited=&#8221;on|phone&#8221;]<\/p>\n<p>Du melder deg p\u00e5 via v\u00e5rt p\u00e5meldingssystem. Du f\u00e5r da med en gang tilgang til videoene som h\u00f8rer til kurset med p\u00e5logging til v\u00e5r l\u00e6ringsplattform.<\/p>\n<p>S\u00e5 ser du videoene, noterer sp\u00f8rsm\u00e5l og erfaringer du \u00f8nsker \u00e5 sp\u00f8rre om og f\u00e5 hjelp med.\u00a0<\/p>\n<p>Vi samles s\u00e5 online til modul 3. Vi bruker da Zoom og du f\u00e5r link med tilgang til m\u00f8tet. Du kan delta fra din PC, Mac eller telefon.\u00a0<\/p>\n<p>&nbsp;<\/p>\n<p>&nbsp;<\/p>\n<p>[\/et_pb_text][et_pb_text _builder_version=&#8221;4.0.11&#8243; background_size=&#8221;initial&#8221; background_position=&#8221;top_left&#8221; background_repeat=&#8221;repeat&#8221; hover_enabled=&#8221;0&#8243;][\/et_pb_text][\/et_pb_column][\/et_pb_row][\/et_pb_section][et_pb_section fb_built=&#8221;1&#8243; _builder_version=&#8221;3.22&#8243; background_color=&#8221;#1d95b5&#8243; transparent_background=&#8221;off&#8221;][et_pb_row _builder_version=&#8221;3.25&#8243; background_color=&#8221;rgba(29,149,181,0.3)&#8221; background_size=&#8221;initial&#8221; background_position=&#8221;top_left&#8221; background_repeat=&#8221;repeat&#8221; column_structure=&#8221;1_2,1_2&#8243;][et_pb_column type=&#8221;1_2&#8243; _builder_version=&#8221;3.25&#8243; custom_padding=&#8221;|||&#8221; custom_padding__hover=&#8221;|||&#8221;][et_pb_text _builder_version=&#8221;4.0.11&#8243; background_size=&#8221;initial&#8221; background_position=&#8221;top_left&#8221; background_repeat=&#8221;repeat&#8221; text_orientation=&#8221;right&#8221; background_layout=&#8221;dark&#8221; module_alignment=&#8221;right&#8221; hover_enabled=&#8221;0&#8243;]<\/p>\n<p><a href=\"http:\/\/foreldrekompetanse.no\/wp-content\/uploads\/2017\/04\/calendar.png\"><img loading=\"lazy\" decoding=\"async\" class=\"size-full wp-image-27428 alignleft\" src=\"https:\/\/foreldrekompetanse.no\/wp-content\/uploads\/2017\/04\/calendar.png\" alt=\"\" width=\"80\" height=\"76\" srcset=\"https:\/\/foreldrekompetanse.no\/wp-content\/uploads\/2017\/04\/calendar.png 80w, https:\/\/foreldrekompetanse.no\/wp-content\/uploads\/2017\/04\/calendar-13x12.png 13w\" sizes=\"(max-width: 80px) 100vw, 80px\" \/><\/a><\/p>\n<h2 style=\"text-align: left;\"><b>Online samling tirsdag 24. mars kl. 18 &#8211; 19.30.\u00a0<\/b><\/h2>\n<p>[\/et_pb_text][\/et_pb_column][et_pb_column type=&#8221;1_2&#8243; _builder_version=&#8221;3.25&#8243; custom_padding=&#8221;|||&#8221; custom_padding__hover=&#8221;|||&#8221;][et_pb_text _builder_version=&#8221;4.0.11&#8243; background_size=&#8221;initial&#8221; background_position=&#8221;top_left&#8221; background_repeat=&#8221;repeat&#8221; background_layout=&#8221;dark&#8221; hover_enabled=&#8221;0&#8243;]<\/p>\n<p><a href=\"http:\/\/foreldrekompetanse.no\/wp-content\/uploads\/2017\/04\/persons.png\"><img loading=\"lazy\" decoding=\"async\" class=\"size-full wp-image-27429 alignleft\" src=\"https:\/\/foreldrekompetanse.no\/wp-content\/uploads\/2017\/04\/persons.png\" alt=\"\" width=\"80\" height=\"76\" srcset=\"https:\/\/foreldrekompetanse.no\/wp-content\/uploads\/2017\/04\/persons.png 80w, https:\/\/foreldrekompetanse.no\/wp-content\/uploads\/2017\/04\/persons-13x12.png 13w\" sizes=\"(max-width: 80px) 100vw, 80px\" \/><\/a><\/p>\n<h2><strong>Pris 1490 kr.<\/strong><\/h2>\n<h2>\u00a0<\/h2>\n<p>[\/et_pb_text][\/et_pb_column][\/et_pb_row][\/et_pb_section][et_pb_section fb_built=&#8221;1&#8243; _builder_version=&#8221;3.22&#8243; background_color=&#8221;#060000&#8243; custom_padding=&#8221;0px||0px|&#8221; transparent_background=&#8221;off&#8221;][et_pb_row _builder_version=&#8221;3.25&#8243; background_size=&#8221;initial&#8221; background_position=&#8221;top_left&#8221; background_repeat=&#8221;repeat&#8221;][et_pb_column type=&#8221;4_4&#8243; _builder_version=&#8221;3.25&#8243; custom_padding=&#8221;|||&#8221; custom_padding__hover=&#8221;|||&#8221;][et_pb_countdown_timer title=&#8221;Dette nettkurset starter om&#8221; date_time=&#8221;2020-03-24 18:00&#8243; _builder_version=&#8221;4.0.11&#8243; header_font=&#8221;|on|||&#8221; header_font_size=&#8221;28&#8243; header_line_height=&#8221;1.5em&#8221; use_background_color=&#8221;off&#8221; background_size=&#8221;initial&#8221; background_position=&#8221;top_left&#8221; background_repeat=&#8221;repeat&#8221; hover_enabled=&#8221;0&#8243; header_font_size_tablet=&#8221;&#8221; header_font_size_phone=&#8221;22&#8243; header_font_size_last_edited=&#8221;on|phone&#8221; header_line_height_tablet=&#8221;&#8221; header_line_height_phone=&#8221;1em&#8221; header_line_height_last_edited=&#8221;on|phone&#8221;][\/et_pb_countdown_timer][\/et_pb_column][\/et_pb_row][\/et_pb_section][et_pb_section fb_built=&#8221;1&#8243; _builder_version=&#8221;3.22&#8243; custom_padding=&#8221;||0px|&#8221; transparent_background=&#8221;off&#8221;][et_pb_row _builder_version=&#8221;3.25&#8243; background_size=&#8221;initial&#8221; background_position=&#8221;top_left&#8221; background_repeat=&#8221;repeat&#8221;][et_pb_column type=&#8221;4_4&#8243; _builder_version=&#8221;3.25&#8243; custom_padding=&#8221;|||&#8221; custom_padding__hover=&#8221;|||&#8221;][et_pb_text _builder_version=&#8221;4.0.11&#8243; background_size=&#8221;initial&#8221; background_position=&#8221;top_left&#8221; background_repeat=&#8221;repeat&#8221; hover_enabled=&#8221;0&#8243;]<\/p>\n<h1 style=\"text-align: center;\"><strong>I dette nettkurset l\u00e6rer du:<\/strong><\/h1>\n<p>[\/et_pb_text][\/et_pb_column][\/et_pb_row][\/et_pb_section][et_pb_section fb_built=&#8221;1&#8243; _builder_version=&#8221;3.22&#8243; custom_padding=&#8221;0px|||&#8221; transparent_background=&#8221;off&#8221;][et_pb_row _builder_version=&#8221;3.25&#8243; background_size=&#8221;initial&#8221; background_position=&#8221;top_left&#8221; background_repeat=&#8221;repeat&#8221; column_structure=&#8221;1_3,1_3,1_3&#8243;][et_pb_column type=&#8221;1_3&#8243; _builder_version=&#8221;3.25&#8243; custom_padding=&#8221;|||&#8221; custom_padding__hover=&#8221;|||&#8221;][et_pb_text _builder_version=&#8221;3.27.4&#8243; header_line_height=&#8221;1.5em&#8221; background_size=&#8221;initial&#8221; background_position=&#8221;top_left&#8221; background_repeat=&#8221;repeat&#8221;]<img loading=\"lazy\" decoding=\"async\" class=\"aligncenter wp-image-24747\" src=\"https:\/\/foreldrekompetanse.no\/wp-content\/uploads\/2014\/09\/foreldrekompetanse-gutt-og-mor-scaled.png\" alt=\"\" width=\"300\" height=\"200\" srcset=\"https:\/\/foreldrekompetanse.no\/wp-content\/uploads\/2014\/09\/foreldrekompetanse-gutt-og-mor-scaled.png 243w, https:\/\/foreldrekompetanse.no\/wp-content\/uploads\/2014\/09\/foreldrekompetanse-gutt-og-mor-scaled-18x12.png 18w\" sizes=\"(max-width: 300px) 100vw, 300px\" \/><\/p>\n<p>&nbsp;<\/p>\n<h2 style=\"text-align: center; line-height: 1.5em;\"><strong>Hvordan du kan forebygge konflikter, s\u00e5 de blir f\u00e6rre, og mindre intense.<\/strong><\/h2>\n<p>[\/et_pb_text][\/et_pb_column][et_pb_column type=&#8221;1_3&#8243; _builder_version=&#8221;3.25&#8243; custom_padding=&#8221;|||&#8221; custom_padding__hover=&#8221;|||&#8221;][et_pb_text _builder_version=&#8221;3.27.4&#8243; header_line_height=&#8221;1.5em&#8221; background_size=&#8221;initial&#8221; background_position=&#8221;top_left&#8221; background_repeat=&#8221;repeat&#8221;]<img loading=\"lazy\" decoding=\"async\" class=\"size-full wp-image-24746 aligncenter\" src=\"https:\/\/foreldrekompetanse.no\/wp-content\/uploads\/2014\/09\/Girl-screaming-scaled.png\" alt=\"\" width=\"243\" height=\"194\" srcset=\"https:\/\/foreldrekompetanse.no\/wp-content\/uploads\/2014\/09\/Girl-screaming-scaled.png 243w, https:\/\/foreldrekompetanse.no\/wp-content\/uploads\/2014\/09\/Girl-screaming-scaled-15x12.png 15w\" sizes=\"(max-width: 243px) 100vw, 243px\" \/><\/p>\n<p>&nbsp;<\/p>\n<h2 style=\"text-align: center; line-height: 1.5em;\"><strong>Hva du kan gj\u00f8re n\u00e5r barn skriker, legger seg ned, sl\u00e5r, sparker og biter.<\/strong><\/h2>\n<p>[\/et_pb_text][\/et_pb_column][et_pb_column type=&#8221;1_3&#8243; _builder_version=&#8221;3.25&#8243; custom_padding=&#8221;|||&#8221; custom_padding__hover=&#8221;|||&#8221;][et_pb_text _builder_version=&#8221;3.27.4&#8243; header_line_height=&#8221;1.5em&#8221; background_size=&#8221;initial&#8221; background_position=&#8221;top_left&#8221; background_repeat=&#8221;repeat&#8221;]<img loading=\"lazy\" decoding=\"async\" class=\"aligncenter wp-image-27436 size-medium\" src=\"https:\/\/foreldrekompetanse.no\/wp-content\/uploads\/2017\/04\/pic-300x200.jpg\" alt=\"\" width=\"300\" height=\"200\" srcset=\"https:\/\/foreldrekompetanse.no\/wp-content\/uploads\/2017\/04\/pic-300x200.jpg 300w, https:\/\/foreldrekompetanse.no\/wp-content\/uploads\/2017\/04\/pic-1024x683.jpg 1024w, https:\/\/foreldrekompetanse.no\/wp-content\/uploads\/2017\/04\/pic-768x512.jpg 768w, https:\/\/foreldrekompetanse.no\/wp-content\/uploads\/2017\/04\/pic-18x12.jpg 18w, https:\/\/foreldrekompetanse.no\/wp-content\/uploads\/2017\/04\/pic-610x407.jpg 610w, https:\/\/foreldrekompetanse.no\/wp-content\/uploads\/2017\/04\/pic-1080x720.jpg 1080w, https:\/\/foreldrekompetanse.no\/wp-content\/uploads\/2017\/04\/pic-510x340.jpg 510w\" sizes=\"(max-width: 300px) 100vw, 300px\" \/><\/p>\n<p>&nbsp;<\/p>\n<h2 style=\"text-align: center; line-height: 1.5em;\"><strong>Hva du kan gj\u00f8re etter en konflikt for \u00e5 skape l\u00e6ring, styrke relasjonen, og f\u00e5 en bedre dag i morgen.<\/strong><\/h2>\n<p>[\/et_pb_text][\/et_pb_column][\/et_pb_row][et_pb_row _builder_version=&#8221;3.25&#8243; background_size=&#8221;initial&#8221; background_position=&#8221;top_left&#8221; background_repeat=&#8221;repeat&#8221;][et_pb_column type=&#8221;4_4&#8243; _builder_version=&#8221;3.25&#8243; custom_padding=&#8221;|||&#8221; custom_padding__hover=&#8221;|||&#8221;][et_pb_cta button_url=&#8221;https:\/\/foreldrekompetanse.no\/traumer-relasjonelt-stress-og-barns-utvikling\/&#8221; button_text=&#8221;Les mer om dette kurset her!&#8221; _builder_version=&#8221;3.16&#8243; header_line_height=&#8221;1.5em&#8221; background_color=&#8221;#1D95B5&#8243; background_size=&#8221;initial&#8221; background_position=&#8221;top_left&#8221; background_repeat=&#8221;repeat&#8221; custom_button=&#8221;on&#8221; button_text_size=&#8221;26&#8243; button_font=&#8221;|on|||&#8221; button_text_size__hover_enabled=&#8221;off&#8221; button_one_text_size__hover_enabled=&#8221;off&#8221; button_two_text_size__hover_enabled=&#8221;off&#8221; button_text_color__hover_enabled=&#8221;off&#8221; button_one_text_color__hover_enabled=&#8221;off&#8221; button_two_text_color__hover_enabled=&#8221;off&#8221; button_border_width__hover_enabled=&#8221;off&#8221; button_one_border_width__hover_enabled=&#8221;off&#8221; button_two_border_width__hover_enabled=&#8221;off&#8221; button_border_color__hover_enabled=&#8221;off&#8221; button_one_border_color__hover_enabled=&#8221;off&#8221; button_two_border_color__hover_enabled=&#8221;off&#8221; button_border_radius__hover_enabled=&#8221;off&#8221; button_one_border_radius__hover_enabled=&#8221;off&#8221; button_two_border_radius__hover_enabled=&#8221;off&#8221; button_letter_spacing__hover_enabled=&#8221;off&#8221; button_one_letter_spacing__hover_enabled=&#8221;off&#8221; button_two_letter_spacing__hover_enabled=&#8221;off&#8221; button_bg_color__hover_enabled=&#8221;off&#8221; button_one_bg_color__hover_enabled=&#8221;off&#8221; button_two_bg_color__hover_enabled=&#8221;off&#8221;]<\/p>\n<h3 style=\"text-align: left;\">Stein Hagen:<\/h3>\n<blockquote>\n<p style=\"text-align: left;\"><em>&#8220;Jeg syns dette online kurset har v\u00e6rt meget bra fordi det er effektivt og fleksibelt.<\/em><br \/>\n<em> Jeg kan se disse optakene om igjen for egen repetisjon og dele opp i mindre bolker etter behov.<\/em><br \/>\n<em> Oppgavene du gir underveis er meget nyttige og kursdeltakernes deling av erfaringer underveis i kurset er ekstra l\u00e6rerikt.&#8221;<\/em><\/p>\n<\/blockquote>\n<p>[\/et_pb_cta][et_pb_text _builder_version=&#8221;3.27.4&#8243; background_size=&#8221;initial&#8221; background_position=&#8221;top_left&#8221; background_repeat=&#8221;repeat&#8221;]<\/p>\n<p style=\"text-align: center;\"><strong>Bonus:<\/strong><\/p>\n<p style=\"text-align: center;\">Deltagere p\u00e5 nettkurset f\u00e5r tilsendt kursbok, som ellers selges for 350 kr, gratis. Du f\u00e5r ogs\u00e5 rabatt p\u00e5 2 veiledningstimer. Normal pris er 2400 kr. Din pris: 1600 kr!<\/p>\n<p>[\/et_pb_text][et_pb_cta button_url=&#8221;http:\/\/foreldrekompetanse.no\/pamelding-foreldrekurs-oslo-bergen-stavanger-trondheim\/&#8221; button_text=&#8221;P\u00e5melding her!&#8221; _builder_version=&#8221;3.16&#8243; header_line_height=&#8221;1.5em&#8221; background_color=&#8221;#c3c63b&#8221; background_size=&#8221;initial&#8221; background_position=&#8221;top_left&#8221; background_repeat=&#8221;repeat&#8221; custom_button=&#8221;on&#8221; button_text_size=&#8221;26&#8243; button_text_color=&#8221;#060000&#8243; button_border_color=&#8221;#060000&#8243; button_font=&#8221;|on|||&#8221; background_layout=&#8221;light&#8221; button_text_size__hover_enabled=&#8221;off&#8221; button_one_text_size__hover_enabled=&#8221;off&#8221; button_two_text_size__hover_enabled=&#8221;off&#8221; button_text_color__hover_enabled=&#8221;off&#8221; button_one_text_color__hover_enabled=&#8221;off&#8221; button_two_text_color__hover_enabled=&#8221;off&#8221; button_border_width__hover_enabled=&#8221;off&#8221; button_one_border_width__hover_enabled=&#8221;off&#8221; button_two_border_width__hover_enabled=&#8221;off&#8221; button_border_color__hover_enabled=&#8221;off&#8221; button_one_border_color__hover_enabled=&#8221;off&#8221; button_two_border_color__hover_enabled=&#8221;off&#8221; button_border_radius__hover_enabled=&#8221;off&#8221; button_one_border_radius__hover_enabled=&#8221;off&#8221; button_two_border_radius__hover_enabled=&#8221;off&#8221; button_letter_spacing__hover_enabled=&#8221;off&#8221; button_one_letter_spacing__hover_enabled=&#8221;off&#8221; button_two_letter_spacing__hover_enabled=&#8221;off&#8221; button_bg_color__hover_enabled=&#8221;off&#8221; button_one_bg_color__hover_enabled=&#8221;off&#8221; button_two_bg_color__hover_enabled=&#8221;off&#8221;][\/et_pb_cta][\/et_pb_column][\/et_pb_row][\/et_pb_section]<\/p>\n<span class=\"et_bloom_bottom_trigger\"><\/span>","protected":false},"excerpt":{"rendered":"<p>V\u00e5rt popul\u00e6re kurs om traumer, relasjonelt stress og barns utvikling n\u00e5 ogs\u00e5 som nettkurs! Det viktigste kurset du deltar p\u00e5&#8230; Traumer, relasjonelt stress og barns utvikling. Nettkurs med 3 moduler. Modul 1 og 2 f\u00e5r du p\u00e5 video og kan se n\u00e5r du vil. Modul 3 samles vi online og her kan du stille dine [&hellip;]<\/p>\n","protected":false},"author":73,"featured_media":24813,"parent":0,"menu_order":0,"comment_status":"closed","ping_status":"closed","template":"","meta":{"_acf_changed":false,"_et_pb_use_builder":"on","_et_pb_old_content":"","_et_gb_content_width":"","_monsterinsights_skip_tracking":false,"_monsterinsights_sitenote_active":false,"_monsterinsights_sitenote_note":"","_monsterinsights_sitenote_category":0,"footnotes":""},"class_list":["post-27985","page","type-page","status-publish","has-post-thumbnail","hentry"],"acf":[],"aioseo_notices":[],"_links":{"self":[{"href":"https:\/\/foreldrekompetanse.no\/en\/wp-json\/wp\/v2\/pages\/27985","targetHints":{"allow":["GET"]}}],"collection":[{"href":"https:\/\/foreldrekompetanse.no\/en\/wp-json\/wp\/v2\/pages"}],"about":[{"href":"https:\/\/foreldrekompetanse.no\/en\/wp-json\/wp\/v2\/types\/page"}],"author":[{"embeddable":true,"href":"https:\/\/foreldrekompetanse.no\/en\/wp-json\/wp\/v2\/users\/73"}],"replies":[{"embeddable":true,"href":"https:\/\/foreldrekompetanse.no\/en\/wp-json\/wp\/v2\/comments?post=27985"}],"version-history":[{"count":0,"href":"https:\/\/foreldrekompetanse.no\/en\/wp-json\/wp\/v2\/pages\/27985\/revisions"}],"wp:featuredmedia":[{"embeddable":true,"href":"https:\/\/foreldrekompetanse.no\/en\/wp-json\/wp\/v2\/media\/24813"}],"wp:attachment":[{"href":"https:\/\/foreldrekompetanse.no\/en\/wp-json\/wp\/v2\/media?parent=27985"}],"curies":[{"name":"wp","href":"https:\/\/api.w.org\/{rel}","templated":true}]}}