{"id":29346,"date":"2018-07-01T20:12:54","date_gmt":"2018-07-01T20:12:54","guid":{"rendered":"https:\/\/foreldrekompetanse.no\/?page_id=29346"},"modified":"2025-08-30T18:20:46","modified_gmt":"2025-08-30T16:20:46","slug":"kurskalender","status":"publish","type":"page","link":"https:\/\/foreldrekompetanse.no\/en\/kurskalender\/","title":{"rendered":"Kurskalender"},"content":{"rendered":"<p>[et_pb_section fb_built=&#8221;1&#8243; fullwidth=&#8221;on&#8221; _builder_version=&#8221;4.24.2&#8243; _module_preset=&#8221;default&#8221; border_width_bottom=&#8221;1px&#8221; border_color_bottom=&#8221;rgba(123,174,189,0.42)&#8221; global_colors_info=&#8221;{}&#8221;][et_pb_fullwidth_image src=&#8221;https:\/\/foreldrekompetanse.no\/wp-content\/uploads\/2024\/02\/Kurskalender_banner_1920x740.jpg&#8221; alt=&#8221;Kurskalender&#8221; title_text=&#8221;Kurskalender&#8221; src_tablet=&#8221;https:\/\/foreldrekompetanse.no\/wp-content\/uploads\/2024\/02\/Kurskalender_banner_1200x630.jpg&#8221; src_phone=&#8221;https:\/\/foreldrekompetanse.no\/wp-content\/uploads\/2024\/02\/Kurskalender_banner_500x750.jpg&#8221; src_last_edited=&#8221;on|tablet&#8221; _builder_version=&#8221;4.24.0&#8243; _module_preset=&#8221;default&#8221; global_colors_info=&#8221;{}&#8221;][\/et_pb_fullwidth_image][\/et_pb_section][et_pb_section fb_built=&#8221;1&#8243; _builder_version=&#8221;4.27.4&#8243; custom_padding=&#8221;||0px||false|false&#8221; hover_enabled=&#8221;0&#8243; global_colors_info=&#8221;{}&#8221; sticky_enabled=&#8221;0&#8243;][et_pb_row _builder_version=&#8221;4.20.2&#8243; background_size=&#8221;initial&#8221; background_position=&#8221;top_left&#8221; background_repeat=&#8221;repeat&#8221; global_colors_info=&#8221;{}&#8221;][et_pb_column type=&#8221;4_4&#8243; _builder_version=&#8221;4.16&#8243; custom_padding=&#8221;|||&#8221; global_colors_info=&#8221;{}&#8221; custom_padding__hover=&#8221;|||&#8221;][et_pb_text admin_label=&#8221;Code of Event widget&#8221; module_class=&#8221;lms&#8221; _builder_version=&#8221;4.20.2&#8243; header_2_font=&#8221;|600|||||||&#8221; header_2_text_color=&#8221;#0F5F7F&#8221; header_2_font_size=&#8221;30px&#8221; global_colors_info=&#8221;{}&#8221;]<\/p>\n<h2>Kurs med datoer<\/h2>\n<p>&nbsp;<\/p>\n\t\t<div class=\"wcs-timetable__wrapper\">\n\t\t\t<div class=\"wcs-vue\" id=\"wcs-app-1\"><\/div>\n\t\t<\/div>\n\t\t\n<p>[\/et_pb_text][\/et_pb_column][\/et_pb_row][\/et_pb_section][et_pb_section fb_built=&#8221;1&#8243; _builder_version=&#8221;4.27.4&#8243; _module_preset=&#8221;default&#8221; hover_enabled=&#8221;0&#8243; global_colors_info=&#8221;{}&#8221; custom_padding=&#8221;0px||||false|false&#8221; sticky_enabled=&#8221;0&#8243;][et_pb_row _builder_version=&#8221;4.16&#8243; background_size=&#8221;initial&#8221; background_position=&#8221;top_left&#8221; background_repeat=&#8221;repeat&#8221; global_colors_info=&#8221;{}&#8221;][et_pb_column type=&#8221;4_4&#8243; _builder_version=&#8221;4.16&#8243; custom_padding=&#8221;|||&#8221; global_colors_info=&#8221;{}&#8221; custom_padding__hover=&#8221;|||&#8221;][et_pb_text admin_label=&#8221;Code of Event widget LMS&#8221; module_id=&#8221;lms&#8221; _builder_version=&#8221;4.20.4&#8243; header_2_font=&#8221;|600|||||||&#8221; header_2_text_color=&#8221;#0F5F7F&#8221; header_2_font_size=&#8221;30px&#8221; custom_margin=&#8221;||-27px||false|false&#8221; global_colors_info=&#8221;{}&#8221;]<\/p>\n<h2>Online kurs tilgjengelig n\u00e5<\/h2>\n\t\t<div class=\"wcs-timetable__wrapper\">\n\t\t\t<div class=\"wcs-vue\" id=\"wcs-app-4\"><\/div>\n\t\t<\/div>\n\t\t\n<p>[\/et_pb_text][\/et_pb_column][\/et_pb_row][\/et_pb_section][et_pb_section fb_built=&#8221;1&#8243; prev_background_color=&#8221;#ffffff&#8221; next_background_color=&#8221;#ffffff&#8221; _builder_version=&#8221;4.27.4&#8243; background_color=&#8221;rgba(12,113,195,0.15)&#8221; custom_padding=&#8221;91px||91px||true|false&#8221; top_divider_style=&#8221;wave2&#8243; bottom_divider_style=&#8221;wave2&#8243; global_colors_info=&#8221;{}&#8221;][et_pb_row column_structure=&#8221;1_3,2_3&#8243; use_custom_gutter=&#8221;on&#8221; gutter_width=&#8221;4&#8243; make_equal=&#8221;on&#8221; module_class=&#8221;reverse&#8221; _builder_version=&#8221;4.27.4&#8243; background_size=&#8221;initial&#8221; background_position=&#8221;top_left&#8221; background_repeat=&#8221;repeat&#8221; max_width=&#8221;900px&#8221; custom_css_main_element=&#8221;align-items: center;&#8221; global_colors_info=&#8221;{}&#8221;][et_pb_column type=&#8221;1_3&#8243; _builder_version=&#8221;4.16&#8243; custom_padding=&#8221;|||&#8221; global_colors_info=&#8221;{}&#8221; custom_padding__hover=&#8221;|||&#8221;][et_pb_image src=&#8221;https:\/\/famlab.no\/wp-content\/uploads\/2025\/01\/PLS_photo_collage_famlab.jpg&#8221; alt=&#8221;Veiledning og private kurs&#8221; title_text=&#8221;Veiledning og private kurs&#8221; show_in_lightbox=&#8221;on&#8221; _builder_version=&#8221;4.27.4&#8243; _module_preset=&#8221;default&#8221; max_width=&#8221;240px&#8221; module_alignment=&#8221;center&#8221; border_radii=&#8221;on|7px|7px|7px|7px&#8221; box_shadow_style=&#8221;preset1&#8243; box_shadow_blur=&#8221;6px&#8221; box_shadow_spread=&#8221;2px&#8221; global_colors_info=&#8221;{}&#8221;][\/et_pb_image][\/et_pb_column][et_pb_column type=&#8221;2_3&#8243; _builder_version=&#8221;4.16&#8243; custom_padding=&#8221;|||&#8221; global_colors_info=&#8221;{}&#8221; custom_padding__hover=&#8221;|||&#8221;][et_pb_text disabled_on=&#8221;on|on|on&#8221; admin_label=&#8221;Her finner du oversikt&#8221; _builder_version=&#8221;4.27.4&#8243; _module_preset=&#8221;default&#8221; custom_padding=&#8221;||50px||false|false&#8221; disabled=&#8221;on&#8221; global_colors_info=&#8221;{}&#8221;]<\/p>\n<h4>Her finner du oversikt over v\u00e5re foredrag og kurs i tiden fremover.<\/h4>\n<h4>\u00d8verst finner du nettbaserte kurs du kan f\u00e5 tilgang til med en gang. Noen av disse har ogs\u00e5 online samlinger i tillegg til de nettbaserte videoene.<\/h4>\n<h4>Litt lenger ned finner du kurs og foredrag i tiden fremover som du kan melde deg, b\u00e5de online og i Oslo.<\/h4>\n<p>[\/et_pb_text][et_pb_text admin_label=&#8221;Her finner du oversikt&#8221; _builder_version=&#8221;4.27.4&#8243; _module_preset=&#8221;default&#8221; custom_padding=&#8221;||50px||false|false&#8221; global_colors_info=&#8221;{}&#8221;]<\/p>\n<h3 style=\"text-align: center;\">\u00d8nsker du kurs til din barnehage eller skole, til foreldre- eller personalm\u00f8ter? Du finner en oversikt over kurstema vi tilbyr <a style=\"color: #1d95b5;\" href=\"https:\/\/famlab.no\/seminar\/\"><strong>her<\/strong><\/a>.<\/h3>\n<p>[\/et_pb_text][\/et_pb_column][\/et_pb_row][\/et_pb_section][et_pb_section fb_built=&#8221;1&#8243; disabled_on=&#8221;off|off|off&#8221; admin_label=&#8221;Call to action + popup and image&#8221; _builder_version=&#8221;4.19.4&#8243; background_enable_color=&#8221;off&#8221; custom_padding=&#8221;20px||20px||false|false&#8221; custom_css_main_element=&#8221;margin-right: calc( -50vw + 50% );||margin-left: calc( -50vw + 50% );&#8221; global_module=&#8221;130936&#8243; collapsed=&#8221;off&#8221; global_colors_info=&#8221;{}&#8221;][et_pb_row column_structure=&#8221;1_2,1_2&#8243; make_equal=&#8221;on&#8221; custom_padding_last_edited=&#8221;on|phone&#8221; module_class=&#8221;plsgratis&#8221; _builder_version=&#8221;4.27.4&#8243; background_color=&#8221;#ffffff&#8221; width_tablet=&#8221;&#8221; width_phone=&#8221;90%&#8221; width_last_edited=&#8221;on|tablet&#8221; max_width_tablet=&#8221;580px&#8221; max_width_phone=&#8221;580px&#8221; max_width_last_edited=&#8221;on|tablet&#8221; module_alignment=&#8221;center&#8221; custom_margin=&#8221;30px|auto|30px|auto|true|false&#8221; custom_padding=&#8221;50px|0px|50px|50px|true|false&#8221; custom_padding_tablet=&#8221;50px|50px|50px|50px|true|true&#8221; custom_padding_phone=&#8221;50px|25px|50px|25px|true|true&#8221; custom_css_main_element=&#8221;align-items:center;&#8221; box_shadow_style=&#8221;preset1&#8243; box_shadow_blur=&#8221;6px&#8221; box_shadow_spread=&#8221;2px&#8221; global_colors_info=&#8221;{}&#8221;][et_pb_column type=&#8221;1_2&#8243; _builder_version=&#8221;4.20.0&#8243; custom_padding_tablet=&#8221;||0px||false|false&#8221; custom_padding_phone=&#8221;||0px||false|false&#8221; custom_padding_last_edited=&#8221;on|tablet&#8221; global_colors_info=&#8221;{}&#8221;][et_pb_text _builder_version=&#8221;4.20.0&#8243; _module_preset=&#8221;default&#8221; text_font=&#8221;Raleway||||||||&#8221; text_text_color=&#8221;#000000&#8243; header_font=&#8221;Montserrat|600|||||||&#8221; header_text_color=&#8221;#ffffff&#8221; header_2_font=&#8221;Montserrat|800|||||||&#8221; header_3_font=&#8221;Montserrat|700|||||||&#8221; custom_margin=&#8221;||||false|false&#8221; custom_margin_tablet=&#8221;||||false|false&#8221; custom_margin_phone=&#8221;20px||||false|false&#8221; custom_margin_last_edited=&#8221;on|desktop&#8221; custom_padding=&#8221;8px|1px|||false|false&#8221; custom_padding_tablet=&#8221;|0px|||false|false&#8221; custom_padding_phone=&#8221;0px||||false|false&#8221; custom_padding_last_edited=&#8221;on|phone&#8221; header_text_shadow_style=&#8221;preset4&#8243; global_colors_info=&#8221;{}&#8221;]<\/p>\n<h3 style=\"text-align: center;\">Hvilken Voksen Lederstil har du i relasjoner med barn?<\/h3>\n<p>&nbsp;<\/p>\n<p>Last ned plakaten og f\u00e5 en oversikt over de 4 lederstilene!<\/p>\n<p>Plakaten har spesielt fokus p\u00e5 den Autoritative stilen. Den Autoritative stilen er den anbefalte lederstilen, som gir best st\u00f8tte til barns utvikling.<\/p>\n<p>Plakaten er praktisk orientert, med fokus p\u00e5 det praktiske innholdet i den Autoritative stilen.<\/p>\n<p>[\/et_pb_text][et_pb_button button_text=&#8221;F\u00e5 plakaten her!&#8221; button_alignment=&#8221;center&#8221; module_class=&#8221;lederstiler plsgratis&#8221; _builder_version=&#8221;4.27.4&#8243; custom_button=&#8221;on&#8221; button_text_size=&#8221;18px&#8221; button_text_color=&#8221;#ffffff&#8221; button_bg_color=&#8221;#000000&#8243; button_border_width=&#8221;0px&#8221; button_border_radius=&#8221;0px&#8221; button_letter_spacing=&#8221;2px&#8221; button_use_icon=&#8221;off&#8221; custom_margin=&#8221;||||false|false&#8221; button_text_size_tablet=&#8221;&#8221; button_text_size_phone=&#8221;&#8221; button_text_size_last_edited=&#8221;on|tablet&#8221; global_colors_info=&#8221;{}&#8221;][\/et_pb_button][\/et_pb_column][et_pb_column type=&#8221;1_2&#8243; _builder_version=&#8221;4.16&#8243; custom_padding_tablet=&#8221;||0px||false|false&#8221; custom_padding_phone=&#8221;||0px||false|false&#8221; custom_padding_last_edited=&#8221;on|tablet&#8221; global_colors_info=&#8221;{}&#8221;][et_pb_image src=&#8221;https:\/\/foreldrekompetanse.no\/wp-content\/uploads\/2024\/02\/Lederstiler_PLS_3D-1200x850_R.jpg&#8221; alt=&#8221;ADULTS&#8217; LEADERSHIP STYLES IN RELATIONSHIPS WITH CHILDREN FAMILY KINDERGARTEN SCHOOL&#8221; title_text=&#8221;ADULTS&#8217; LEADERSHIP STYLES IN RELATIONSHIPS WITH CHILDREN FAMILY KINDERGARTEN SCHOOL&#8221; module_class=&#8221;plsgratis&#8221; _builder_version=&#8221;4.27.4&#8243; _module_preset=&#8221;default&#8221; width_last_edited=&#8221;off|phone&#8221; max_width_last_edited=&#8221;off|phone&#8221; custom_margin=&#8221;-25px|||||&#8221; custom_margin_tablet=&#8221;0px||||false|false&#8221; custom_margin_phone=&#8221;||||false|false&#8221; custom_margin_last_edited=&#8221;on|tablet&#8221; custom_padding=&#8221;18px||0px||false|false&#8221; global_colors_info=&#8221;{}&#8221;][\/et_pb_image][\/et_pb_column][\/et_pb_row][\/et_pb_section][et_pb_section fb_built=&#8221;1&#8243; _builder_version=&#8221;4.27.4&#8243; _module_preset=&#8221;default&#8221; global_module=&#8221;130945&#8243; global_colors_info=&#8221;{}&#8221;][et_pb_row module_class=&#8221;ed-hover-zoom&#8221; _builder_version=&#8221;4.27.0&#8243; _module_preset=&#8221;default&#8221; width_tablet=&#8221;&#8221; width_phone=&#8221;90%&#8221; width_last_edited=&#8221;on|phone&#8221; max_width=&#8221;720px&#8221; module_alignment=&#8221;center&#8221; custom_margin=&#8221;50px||50px||true|false&#8221; custom_padding=&#8221;|29px||29px|true|true&#8221; border_radii=&#8221;on|11px|11px|11px|11px&#8221; border_color_all=&#8221;#AF3A55&#8243; box_shadow_style=&#8221;preset1&#8243; box_shadow_blur=&#8221;6px&#8221; box_shadow_spread=&#8221;2px&#8221; global_colors_info=&#8221;{}&#8221;][et_pb_column type=&#8221;4_4&#8243; _builder_version=&#8221;4.16&#8243; _module_preset=&#8221;default&#8221; global_colors_info=&#8221;{}&#8221;][et_pb_text admin_label=&#8221;gratis veiledningssamtale&#8221; _builder_version=&#8221;4.27.4&#8243; _module_preset=&#8221;default&#8221; custom_padding=&#8221;||30px||false|false&#8221; global_colors_info=&#8221;{}&#8221;]<\/p>\n<h3 style=\"text-align: center;\"><strong>F\u00e5 en gratis veiledningssamtale!<\/strong><\/h3>\n<p style=\"text-align: center;\">Du kan n\u00e5 f\u00e5 en gratis veiledningssamtale med fokus p\u00e5 deg og din situasjon, hvilke utfordringer du opplever som forelder eller ansatt i barnehage\/skole, dine m\u00e5l for veien videre og hva du kan gj\u00f8re for \u00e5 n\u00e5 disse m\u00e5lene.<\/p>\n<p style=\"text-align: center;\">Dette er for deg som er interessert i v\u00e5re kurs, utdanning og eller veiledning for foreldre, barnehager og skoler.<\/p>\n<p>[\/et_pb_text][et_pb_button button_url=&#8221;https:\/\/foreldrekompetanse.no\/fa-en-gratis-veiledningssamtale\/&#8221; button_text=&#8221;F\u00e5 din gratis samtale her&#8221; button_alignment=&#8221;center&#8221; _builder_version=&#8221;4.27.4&#8243; _module_preset=&#8221;default&#8221; global_colors_info=&#8221;{}&#8221;][\/et_pb_button][\/et_pb_column][\/et_pb_row][\/et_pb_section]<\/p>\n<span class=\"et_bloom_bottom_trigger\"><\/span>","protected":false},"excerpt":{"rendered":"<p>Her finner du oversikt over alle kommende kursdatoer for kurs fra Foreldrekompetanse.<\/p>","protected":false},"author":2,"featured_media":130126,"parent":0,"menu_order":0,"comment_status":"closed","ping_status":"closed","template":"","meta":{"_acf_changed":false,"_et_pb_use_builder":"on","_et_pb_old_content":"","_et_gb_content_width":"","footnotes":""},"class_list":["post-29346","page","type-page","status-publish","has-post-thumbnail","hentry"],"acf":[],"aioseo_notices":[],"_links":{"self":[{"href":"https:\/\/foreldrekompetanse.no\/en\/wp-json\/wp\/v2\/pages\/29346","targetHints":{"allow":["GET"]}}],"collection":[{"href":"https:\/\/foreldrekompetanse.no\/en\/wp-json\/wp\/v2\/pages"}],"about":[{"href":"https:\/\/foreldrekompetanse.no\/en\/wp-json\/wp\/v2\/types\/page"}],"author":[{"embeddable":true,"href":"https:\/\/foreldrekompetanse.no\/en\/wp-json\/wp\/v2\/users\/2"}],"replies":[{"embeddable":true,"href":"https:\/\/foreldrekompetanse.no\/en\/wp-json\/wp\/v2\/comments?post=29346"}],"version-history":[{"count":0,"href":"https:\/\/foreldrekompetanse.no\/en\/wp-json\/wp\/v2\/pages\/29346\/revisions"}],"wp:featuredmedia":[{"embeddable":true,"href":"https:\/\/foreldrekompetanse.no\/en\/wp-json\/wp\/v2\/media\/130126"}],"wp:attachment":[{"href":"https:\/\/foreldrekompetanse.no\/en\/wp-json\/wp\/v2\/media?parent=29346"}],"curies":[{"name":"wp","href":"https:\/\/api.w.org\/{rel}","templated":true}]}}