{"id":30421,"date":"2018-10-31T15:21:44","date_gmt":"2018-10-31T15:21:44","guid":{"rendered":"https:\/\/foreldrekompetanse.no\/?page_id=30421"},"modified":"2018-10-31T15:25:32","modified_gmt":"2018-10-31T15:25:32","slug":"takk-for-din-pamelding","status":"publish","type":"page","link":"https:\/\/foreldrekompetanse.no\/en\/takk-for-din-pamelding\/","title":{"rendered":"Takk for din p\u00e5melding! (Manual Pamelding)"},"content":{"rendered":"<p>[et_pb_section bb_built=&#8221;1&#8243; admin_label=&#8221;section&#8221;][et_pb_row admin_label=&#8221;row&#8221; background_position=&#8221;top_left&#8221; background_repeat=&#8221;repeat&#8221; background_size=&#8221;initial&#8221;][et_pb_column type=&#8221;4_4&#8243;][et_pb_blurb image=&#8221;http:\/\/foreldrekompetanse.no\/wp-content\/uploads\/2016\/06\/check-icon.png&#8221; animation=&#8221;bottom&#8221; use_border_color=&#8221;off&#8221; background_position=&#8221;top_left&#8221; background_repeat=&#8221;repeat&#8221; background_size=&#8221;initial&#8221; _builder_version=&#8221;3.17.2&#8243; \/][et_pb_text text_orientation=&#8221;center&#8221; use_border_color=&#8221;off&#8221; background_position=&#8221;top_left&#8221; background_repeat=&#8221;repeat&#8221; background_size=&#8221;initial&#8221; module_alignment=&#8221;center&#8221; _builder_version=&#8221;3.17.2&#8243;]<\/p>\n<h1 style=\"text-align: center;\"><span style=\"font-size: 18pt;\"><strong><span style=\"color: #212121; font-family: arial, sans-serif; line-height: 24px; text-align: left; white-space: pre-wrap;\">Takk skal du ha!<\/span><\/strong><\/span><\/h1>\n<h2 style=\"text-align: center;\">Innsendingen ble mottatt.<\/h2>\n<h3 style=\"text-align: center;\">Takk for din p\u00e5melding!<\/h3>\n<p style=\"text-align: center;\">Du f\u00e5r n\u00e5 en automatisk epost som bekrefter din p\u00e5melding. P\u00e5meldingen blir behandlet i l\u00f8pet av kort tid. Du f\u00e5r da tilsendt en giro via epost.<\/p>\n<p style=\"text-align: center;\">Om du ikke mottar giroen fra oss i l\u00f8pet av senest 3 dager er det fint om du gir oss beskjed. Sjekk gjerne ogs\u00e5 s\u00f8ppelmappen i din epostleser.<\/p>\n<p style=\"text-align: center;\">Da ser vi frem til \u00e5 se deg under kurset!<\/p>\n<p>[\/et_pb_text][\/et_pb_column][\/et_pb_row][\/et_pb_section]<\/p>\n<span class=\"et_bloom_bottom_trigger\"><\/span>","protected":false},"excerpt":{"rendered":"<p>Takk skal du ha! Innsendingen ble mottatt. Takk for din p\u00e5melding! Du f\u00e5r n\u00e5 en automatisk epost som bekrefter din p\u00e5melding. P\u00e5meldingen blir behandlet i l\u00f8pet av kort tid. Du f\u00e5r da tilsendt en giro via epost. Om du ikke mottar giroen fra oss i l\u00f8pet av senest 3 dager er det fint om du [&hellip;]<\/p>\n","protected":false},"author":2,"featured_media":0,"parent":0,"menu_order":0,"comment_status":"closed","ping_status":"closed","template":"","meta":{"_acf_changed":false,"_et_pb_use_builder":"on","_et_pb_old_content":"","_et_gb_content_width":"","_monsterinsights_skip_tracking":false,"_monsterinsights_sitenote_active":false,"_monsterinsights_sitenote_note":"","_monsterinsights_sitenote_category":0,"footnotes":""},"class_list":["post-30421","page","type-page","status-publish","hentry"],"acf":[],"aioseo_notices":[],"_links":{"self":[{"href":"https:\/\/foreldrekompetanse.no\/en\/wp-json\/wp\/v2\/pages\/30421","targetHints":{"allow":["GET"]}}],"collection":[{"href":"https:\/\/foreldrekompetanse.no\/en\/wp-json\/wp\/v2\/pages"}],"about":[{"href":"https:\/\/foreldrekompetanse.no\/en\/wp-json\/wp\/v2\/types\/page"}],"author":[{"embeddable":true,"href":"https:\/\/foreldrekompetanse.no\/en\/wp-json\/wp\/v2\/users\/2"}],"replies":[{"embeddable":true,"href":"https:\/\/foreldrekompetanse.no\/en\/wp-json\/wp\/v2\/comments?post=30421"}],"version-history":[{"count":0,"href":"https:\/\/foreldrekompetanse.no\/en\/wp-json\/wp\/v2\/pages\/30421\/revisions"}],"wp:attachment":[{"href":"https:\/\/foreldrekompetanse.no\/en\/wp-json\/wp\/v2\/media?parent=30421"}],"curies":[{"name":"wp","href":"https:\/\/api.w.org\/{rel}","templated":true}]}}