{"id":61,"date":"2014-09-26T20:13:46","date_gmt":"2014-09-26T20:13:46","guid":{"rendered":"http:\/\/foreldrekompetanse.no\/?page_id=61"},"modified":"2019-10-04T11:39:36","modified_gmt":"2019-10-04T11:39:36","slug":"de-forste-manedene","status":"publish","type":"page","link":"https:\/\/foreldrekompetanse.no\/en\/de-forste-manedene\/","title":{"rendered":"De f\u00f8rste m\u00e5nedene"},"content":{"rendered":"<p>[et_pb_section fb_built=&#8221;1&#8243; fullwidth=&#8221;on&#8221; admin_label=&#8221;section&#8221; module_class=&#8221;normalheader&#8221; _builder_version=&#8221;3.22&#8243; background_color=&#8221;rgba(255,255,255,0)&#8221; background_image=&#8221;https:\/\/foreldrekompetanse.no\/wp-content\/uploads\/2014\/09\/patternbackground.jpg&#8221; transparent_background=&#8221;on&#8221; fb_built=&#8221;1&#8243; _i=&#8221;0&#8243; _address=&#8221;0&#8243;][et_pb_fullwidth_slider show_arrows=&#8221;off&#8221; show_pagination=&#8221;off&#8221; _builder_version=&#8221;3.16&#8243; custom_padding=&#8221;|||&#8221; custom_padding_tablet=&#8221;|||&#8221; custom_padding_phone=&#8221;|||&#8221; box_shadow_style=&#8221;preset6&#8243; box_shadow_blur=&#8221;10px&#8221; box_shadow_color=&#8221;rgba(0,0,0,0.1)&#8221; remove_inner_shadow=&#8221;off&#8221; hide_content_on_mobile=&#8221;off&#8221; hide_cta_on_mobile=&#8221;off&#8221; show_inner_shadow=&#8221;on&#8221; button_text_size__hover_enabled=&#8221;off&#8221; button_one_text_size__hover_enabled=&#8221;off&#8221; button_two_text_size__hover_enabled=&#8221;off&#8221; button_text_color__hover_enabled=&#8221;off&#8221; button_one_text_color__hover_enabled=&#8221;off&#8221; button_two_text_color__hover_enabled=&#8221;off&#8221; button_border_width__hover_enabled=&#8221;off&#8221; button_one_border_width__hover_enabled=&#8221;off&#8221; button_two_border_width__hover_enabled=&#8221;off&#8221; button_border_color__hover_enabled=&#8221;off&#8221; button_one_border_color__hover_enabled=&#8221;off&#8221; button_two_border_color__hover_enabled=&#8221;off&#8221; button_border_radius__hover_enabled=&#8221;off&#8221; button_one_border_radius__hover_enabled=&#8221;off&#8221; button_two_border_radius__hover_enabled=&#8221;off&#8221; button_letter_spacing__hover_enabled=&#8221;off&#8221; button_one_letter_spacing__hover_enabled=&#8221;off&#8221; button_two_letter_spacing__hover_enabled=&#8221;off&#8221; button_bg_color__hover_enabled=&#8221;off&#8221; button_one_bg_color__hover_enabled=&#8221;off&#8221; button_two_bg_color__hover_enabled=&#8221;off&#8221; _i=&#8221;0&#8243; _address=&#8221;0.0&#8243;][et_pb_slide use_bg_overlay=&#8221;off&#8221; use_text_overlay=&#8221;off&#8221; _builder_version=&#8221;3.16&#8243; header_font=&#8221;||||&#8221; body_font=&#8221;||||&#8221; background_color=&#8221;#ffffff&#8221; background_image=&#8221;https:\/\/foreldrekompetanse.no\/wp-content\/uploads\/2014\/09\/Def\u00f8rstem\u00e5nedene-2_optimized.jpg&#8221; button_icon_placement=&#8221;right&#8221; button_on_hover=&#8221;on&#8221; button_text_size__hover_enabled=&#8221;off&#8221; button_one_text_size__hover_enabled=&#8221;off&#8221; button_two_text_size__hover_enabled=&#8221;off&#8221; button_text_color__hover_enabled=&#8221;off&#8221; button_one_text_color__hover_enabled=&#8221;off&#8221; button_two_text_color__hover_enabled=&#8221;off&#8221; button_border_width__hover_enabled=&#8221;off&#8221; button_one_border_width__hover_enabled=&#8221;off&#8221; button_two_border_width__hover_enabled=&#8221;off&#8221; button_border_color__hover_enabled=&#8221;off&#8221; button_one_border_color__hover_enabled=&#8221;off&#8221; button_two_border_color__hover_enabled=&#8221;off&#8221; button_border_radius__hover_enabled=&#8221;off&#8221; button_one_border_radius__hover_enabled=&#8221;off&#8221; button_two_border_radius__hover_enabled=&#8221;off&#8221; button_letter_spacing__hover_enabled=&#8221;off&#8221; button_one_letter_spacing__hover_enabled=&#8221;off&#8221; button_two_letter_spacing__hover_enabled=&#8221;off&#8221; button_bg_color__hover_enabled=&#8221;off&#8221; button_one_bg_color__hover_enabled=&#8221;off&#8221; button_two_bg_color__hover_enabled=&#8221;off&#8221; _i=&#8221;0&#8243; _address=&#8221;0.0.0&#8243;][\/et_pb_slide][\/et_pb_fullwidth_slider][\/et_pb_section][et_pb_section fb_built=&#8221;1&#8243; _builder_version=&#8221;3.22&#8243; fb_built=&#8221;1&#8243; _i=&#8221;1&#8243; _address=&#8221;1&#8243;][et_pb_row custom_padding_last_edited=&#8221;on|phone&#8221; _builder_version=&#8221;3.25&#8243; background_size=&#8221;initial&#8221; background_position=&#8221;top_left&#8221; background_repeat=&#8221;repeat&#8221; custom_margin=&#8221;||15px|&#8221; custom_padding=&#8221;|5%||5%&#8221; _i=&#8221;0&#8243; _address=&#8221;1.0&#8243;][et_pb_column type=&#8221;4_4&#8243; _builder_version=&#8221;3.25&#8243; custom_padding=&#8221;|||&#8221; _i=&#8221;0&#8243; _address=&#8221;1.0.0&#8243; custom_padding__hover=&#8221;|||&#8221;][et_pb_text admin_label=&#8221;Kurs for gravide&#8230;&#8221; _builder_version=&#8221;3.27.4&#8243; header_line_height=&#8221;1.5em&#8221; background_size=&#8221;initial&#8221; background_position=&#8221;top_left&#8221; background_repeat=&#8221;repeat&#8221; use_border_color=&#8221;off&#8221; border_color=&#8221;#ffffff&#8221; border_style=&#8221;solid&#8221; _i=&#8221;0&#8243; _address=&#8221;1.0.0.0&#8243;]<\/p>\n<h1 style=\"color: #0d5d82; margin-bottom: 10px; letter-spacing: -1px; text-align: center;\">Nettkurs for deg som venter barn, eller har barn 0-3 m\u00e5neder.<\/h1>\n<h1 style=\"color: #0d5d82; margin-bottom: 10px; letter-spacing: -1px; text-align: center;\"><img loading=\"lazy\" decoding=\"async\" class=\"alignright wp-image-1655 size-full\" src=\"..\/wp-content\/uploads\/2014\/11\/happy-parents-01-resized.jpg\" alt=\"De f\u00f8rste m\u00e5nedene\" width=\"320\" height=\"180\" srcset=\"https:\/\/foreldrekompetanse.no\/wp-content\/uploads\/2014\/11\/happy-parents-01-resized.jpg 320w, https:\/\/foreldrekompetanse.no\/wp-content\/uploads\/2014\/11\/happy-parents-01-resized-300x169.jpg 300w, https:\/\/foreldrekompetanse.no\/wp-content\/uploads\/2014\/11\/happy-parents-01-resized-18x10.jpg 18w\" sizes=\"(max-width: 320px) 100vw, 320px\" \/><\/h1>\n<h2 style=\"color: #c3c63b; line-height: 1.5em;\">For deg som vil gi barnet og deg selv en best mulig start. Med fokus p\u00e5 deg selv i relasjon med barnet.<\/h2>\n<h2 style=\"color: #c3c63b; line-height: 1.5em;\">Gr\u00e5t og kolikk, s\u00f8vn, trygghet, tilknyttning og kommunikasjon.<\/h2>\n<h2 style=\"color: #c3c63b; line-height: 1.5em;\">Praktiske l\u00f8sninger p\u00e5 vanlige utfordringer.<\/h2>\n<p>[\/et_pb_text][\/et_pb_column][\/et_pb_row][et_pb_row _builder_version=&#8221;3.25&#8243; background_size=&#8221;initial&#8221; background_position=&#8221;top_left&#8221; background_repeat=&#8221;repeat&#8221; _i=&#8221;1&#8243; _address=&#8221;1.1&#8243;][et_pb_column type=&#8221;4_4&#8243; _builder_version=&#8221;3.25&#8243; custom_padding=&#8221;|||&#8221; _i=&#8221;0&#8243; _address=&#8221;1.1.0&#8243; custom_padding__hover=&#8221;|||&#8221;][et_pb_divider color=&#8221;#0c71c3&#8243; divider_style=&#8221;groove&#8221; divider_weight=&#8221;4&#8243; disabled_on=&#8221;on|on|off&#8221; _builder_version=&#8221;3.23.4&#8243; height=&#8221;4px&#8221; hide_on_mobile=&#8221;on&#8221; _i=&#8221;0&#8243; _address=&#8221;1.1.0.0&#8243;]&nbsp;<br \/>\n[\/et_pb_divider][et_pb_text admin_label=&#8221;Kursdatoer og sted&#8221; _builder_version=&#8221;3.29.3&#8243; background_size=&#8221;initial&#8221; background_position=&#8221;top_left&#8221; background_repeat=&#8221;repeat&#8221; hover_enabled=&#8221;0&#8243; use_border_color=&#8221;off&#8221; _i=&#8221;1&#8243; _address=&#8221;1.1.0.1&#8243;]<\/p>\n<h2><\/h2>\n<h2>Nettkurs<\/h2>\n<p><strong>Dato: <\/strong>Datoer kommer.<\/p>\n<p>kl. 19.00 &#8211; 21.00. To kvelder.<\/p>\n<p><strong>Sted:<\/strong> Hjemme hos deg selv, p\u00e5 din datamaskin, telefon eller nettbrett.<\/p>\n<p><strong>Pris:<\/strong>\u00a0990 kr.\u00a0To foreldre: 1500 kr.<\/p>\n<p>\u00a0<strong>Nye kursdatoer kommer snart<\/strong>. Du kan sette deg p\u00e5 <a href=\"https:\/\/foreldrekompetanse.no\/registrer-interesse-for-kurs\/\"><strong>interesseliste her.<\/strong><\/a><\/p>\n<p>&nbsp;<\/p>\n<p><strong>Kurspakke: <\/strong>Dette kurset inng\u00e5r i en pakke sammen med kurset \u00abDe f\u00f8rste \u00e5rene\u00bb. Dette kurset arrangeres uken etter. Du kan lese mer om kurset \u00abDe f\u00f8rste \u00e5rene\u00bb <a href=\"..\/de-forste-arene\/\"><strong>her<\/strong><\/a>. Melder du deg p\u00e5 begge kursene f\u00e5r du redusert pris, totalt 1500 kr, for begge kursene.\u00a0To foreldre betaler 2500 kr for begge kursene.<\/p>\n<p><strong>Grupperabatt: <\/strong>Om dere er seks eller flere og betaler samlet.\u00a0700 kr per person. Kurspakke: 1150 kr per person. Kontakt oss da via <a href=\"..\/kontakt\/\">kontaktskjemaet<\/a>. Oppgi antall deltagere med navn og epost for alle, og fakturaadresse (en for alle).<\/p>\n<p>[\/et_pb_text][\/et_pb_column][\/et_pb_row][\/et_pb_section][et_pb_section fb_built=&#8221;1&#8243; disabled_on=&#8221;off|off|off&#8221; _builder_version=&#8221;3.22&#8243; background_color=&#8221;#ebf7ff&#8221; custom_padding=&#8221;0px||0px|&#8221; fb_built=&#8221;1&#8243; _i=&#8221;2&#8243; _address=&#8221;2&#8243;][et_pb_row _builder_version=&#8221;3.25&#8243; background_size=&#8221;initial&#8221; background_position=&#8221;top_left&#8221; background_repeat=&#8221;repeat&#8221; _i=&#8221;0&#8243; _address=&#8221;2.0&#8243;][et_pb_column type=&#8221;4_4&#8243; _builder_version=&#8221;3.25&#8243; custom_padding=&#8221;|||&#8221; _i=&#8221;0&#8243; _address=&#8221;2.0.0&#8243; custom_padding__hover=&#8221;|||&#8221;][et_pb_cta button_url=&#8221;https:\/\/foreldrekompetanse.no\/pamelding-forste-arene-forste-manedene-kurs\/&#8221; button_text=&#8221;Meld deg p\u00e5 her&#8221; disabled_on=&#8221;on|on|on&#8221; _builder_version=&#8221;3.17.2&#8243; background_color=&#8221;#ebf7ff&#8221; background_size=&#8221;initial&#8221; background_position=&#8221;top_left&#8221; background_repeat=&#8221;repeat&#8221; custom_button=&#8221;on&#8221; button_text_color=&#8221;#1d95b5&#8243; button_border_color=&#8221;#1d95b5&#8243; button_icon_color=&#8221;#1d95b5&#8243; background_layout=&#8221;light&#8221; button_text_color_hover=&#8221;#1d95b5&#8243; button_border_color_hover=&#8221;#1d95b5&#8243; button_bg_color_hover=&#8221;rgba(255,255,255,0)&#8221; use_border_color=&#8221;off&#8221; border_color=&#8221;#ffffff&#8221; border_style=&#8221;solid&#8221; button_text_size__hover_enabled=&#8221;off&#8221; button_one_text_size__hover_enabled=&#8221;off&#8221; button_two_text_size__hover_enabled=&#8221;off&#8221; button_text_color__hover_enabled=&#8221;on&#8221; button_text_color__hover=&#8221;#1d95b5&#8243; button_one_text_color__hover_enabled=&#8221;off&#8221; button_two_text_color__hover_enabled=&#8221;off&#8221; button_border_width__hover_enabled=&#8221;off&#8221; button_one_border_width__hover_enabled=&#8221;off&#8221; button_two_border_width__hover_enabled=&#8221;off&#8221; button_border_color__hover_enabled=&#8221;on&#8221; button_border_color__hover=&#8221;#1d95b5&#8243; button_one_border_color__hover_enabled=&#8221;off&#8221; button_two_border_color__hover_enabled=&#8221;off&#8221; button_border_radius__hover_enabled=&#8221;off&#8221; button_one_border_radius__hover_enabled=&#8221;off&#8221; button_two_border_radius__hover_enabled=&#8221;off&#8221; button_letter_spacing__hover_enabled=&#8221;off&#8221; button_one_letter_spacing__hover_enabled=&#8221;off&#8221; button_two_letter_spacing__hover_enabled=&#8221;off&#8221; button_bg_color__hover_enabled=&#8221;on&#8221; button_bg_color__hover=&#8221;rgba(255,255,255,0)&#8221; button_one_bg_color__hover_enabled=&#8221;off&#8221; button_two_bg_color__hover_enabled=&#8221;off&#8221; _i=&#8221;0&#8243; _address=&#8221;2.0.0.0&#8243;][\/et_pb_cta][\/et_pb_column][\/et_pb_row][\/et_pb_section][et_pb_section fb_built=&#8221;1&#8243; disabled_on=&#8221;on||&#8221; _builder_version=&#8221;3.22&#8243; background_color=&#8221;#ffffff&#8221; transparent_background=&#8221;off&#8221; fb_built=&#8221;1&#8243; _i=&#8221;3&#8243; _address=&#8221;3&#8243;][et_pb_row _builder_version=&#8221;3.25&#8243; background_size=&#8221;initial&#8221; background_position=&#8221;top_left&#8221; background_repeat=&#8221;repeat&#8221; _i=&#8221;0&#8243; _address=&#8221;3.0&#8243; column_structure=&#8221;1_2,1_2&#8243;][et_pb_column type=&#8221;1_2&#8243; _builder_version=&#8221;3.25&#8243; custom_padding=&#8221;|||&#8221; _i=&#8221;0&#8243; _address=&#8221;3.0.0&#8243; custom_padding__hover=&#8221;|||&#8221;][et_pb_image src=&#8221;https:\/\/foreldrekompetanse.no\/wp-content\/uploads\/2016\/03\/Kolikk.jpg&#8221; align_tablet=&#8221;center&#8221; align_last_edited=&#8221;on|desktop&#8221; _builder_version=&#8221;3.23&#8243; use_border_color=&#8221;off&#8221; border_color=&#8221;#ffffff&#8221; border_style=&#8221;solid&#8221; animation=&#8221;off&#8221; sticky=&#8221;off&#8221; _i=&#8221;0&#8243; _address=&#8221;3.0.0.0&#8243;]&nbsp;<br \/>\n[\/et_pb_image][\/et_pb_column][et_pb_column type=&#8221;1_2&#8243; _builder_version=&#8221;3.25&#8243; custom_padding=&#8221;|||&#8221; _i=&#8221;1&#8243; _address=&#8221;3.0.1&#8243; custom_padding__hover=&#8221;|||&#8221;][et_pb_image src=&#8221;https:\/\/foreldrekompetanse.no\/wp-content\/uploads\/2014\/09\/iStock_black-and-white-baby_Small.jpg&#8221; align_tablet=&#8221;center&#8221; align_last_edited=&#8221;on|desktop&#8221; _builder_version=&#8221;3.23&#8243; use_border_color=&#8221;off&#8221; border_color=&#8221;#ffffff&#8221; border_style=&#8221;solid&#8221; animation=&#8221;off&#8221; sticky=&#8221;off&#8221; _i=&#8221;0&#8243; _address=&#8221;3.0.1.0&#8243;]&nbsp;<br \/>\n[\/et_pb_image][\/et_pb_column][\/et_pb_row][\/et_pb_section][et_pb_section fb_built=&#8221;1&#8243; _builder_version=&#8221;3.22&#8243; background_color=&#8221;rgba(195,198,59,0.15)&#8221; transparent_background=&#8221;off&#8221; fb_built=&#8221;1&#8243; _i=&#8221;4&#8243; _address=&#8221;4&#8243;][et_pb_row _builder_version=&#8221;3.25&#8243; background_size=&#8221;initial&#8221; background_position=&#8221;top_left&#8221; background_repeat=&#8221;repeat&#8221; _i=&#8221;0&#8243; _address=&#8221;4.0&#8243;][et_pb_column type=&#8221;4_4&#8243; _builder_version=&#8221;3.25&#8243; custom_padding=&#8221;|||&#8221; _i=&#8221;0&#8243; _address=&#8221;4.0.0&#8243; custom_padding__hover=&#8221;|||&#8221;][et_pb_text admin_label=&#8221;Om kurset&#8221; _builder_version=&#8221;3.27.4&#8243; background_size=&#8221;initial&#8221; background_position=&#8221;top_left&#8221; background_repeat=&#8221;repeat&#8221; use_border_color=&#8221;off&#8221; border_color=&#8221;#ffffff&#8221; border_style=&#8221;solid&#8221; _i=&#8221;0&#8243; _address=&#8221;4.0.0.0&#8243;]<\/p>\n<h2>Om kurset<\/h2>\n<p>De fleste gravide, og par, forbereder seg til f\u00f8dselen, i tillegg til \u00e5 gj\u00f8re det praktiske klart hjemme, kj\u00f8pe vogn og annet utstyr. Alikevel er mange lite forberedt p\u00e5 den relasjonelle og emosjonelle hverdagen sammen med barnet, hva man kan gj\u00f8re for \u00e5 hjelpe barnet n\u00e5r barnet gr\u00e5ter, hvordan vi kan forst\u00e5 og forholde oss til barnets lyder og utrykk, og hva vi kan gj\u00f8re for \u00e5 tilrettelegge for bedre s\u00f8vn, b\u00e5de for voksne og barn.<\/p>\n<p>De f\u00f8rste m\u00e5nedene, og ogs\u00e5 de f\u00f8rste \u00e5rene, er barnets hjerne og nervesystem ogs\u00e5 spesielt umodent og derfor ogs\u00e5 spesielt p\u00e5virkelig og s\u00e5rbart, og barnet har behov for spesielt trygg og sensitivt n\u00e6rv\u00e6r fra foreldrene og voksne omsorgspersoner. Dette gjelder i enda st\u00f8rre grad for barn med sensitivt og\/eller sterkt temperament, og barn som har opplevd belastninger\u00a0i forbindelse med f\u00f8dsel, sykdom el.<\/p>\n<p>I dette kurset l\u00e6rer du hvordan du som voksen kan gi optimal utviklingst\u00f8tte til barn den f\u00f8rste tiden.<br \/>\n[\/et_pb_text][\/et_pb_column][\/et_pb_row][\/et_pb_section][et_pb_section fb_built=&#8221;1&#8243; _builder_version=&#8221;3.22&#8243; fb_built=&#8221;1&#8243; _i=&#8221;5&#8243; _address=&#8221;5&#8243;][et_pb_row _builder_version=&#8221;3.25&#8243; background_size=&#8221;initial&#8221; background_position=&#8221;top_left&#8221; background_repeat=&#8221;repeat&#8221; _i=&#8221;0&#8243; _address=&#8221;5.0&#8243;][et_pb_column type=&#8221;4_4&#8243; _builder_version=&#8221;3.25&#8243; custom_padding=&#8221;|||&#8221; _i=&#8221;0&#8243; _address=&#8221;5.0.0&#8243; custom_padding__hover=&#8221;|||&#8221;][et_pb_text admin_label=&#8221;Enkle ferdigheter&#8221; _builder_version=&#8221;3.27.4&#8243; background_size=&#8221;initial&#8221; background_position=&#8221;top_left&#8221; background_repeat=&#8221;repeat&#8221; use_border_color=&#8221;off&#8221; border_color=&#8221;#ffffff&#8221; border_style=&#8221;solid&#8221; _i=&#8221;0&#8243; _address=&#8221;5.0.0.0&#8243;]<\/p>\n<h2>I dette kurset l\u00e6rer du:<\/h2>\n\n\t\t<div class='et-custom-list'>\n\t\t\t<ul>\n<li>Enkle ferdigheter du kan bruke til \u00e5 hjelpe barnet \u00e5 roe seg n\u00e5r det gr\u00e5ter, ogs\u00e5 om det har kolikk. Les mer om <a href=\"https:\/\/foreldrekompetanse.no\/kolikk_grat_baby_spedbarn\/\">dette her<\/a>.<\/li>\n<li>Hva du kan gj\u00f8re for \u00e5 hjelpe barnet \u00e5 sove bedre de f\u00f8rste m\u00e5nedene. Du vil l\u00e6re om barnets s\u00f8vn den f\u00f8rste tiden, og hva man kan gj\u00f8re for \u00e5 forebygge problemer senere.<\/li>\n<li>Om samsoving, og hvordan dette kan gj\u00f8res p\u00e5 en trygg m\u00e5te.<\/li>\n<li>Hvordan du kan forst\u00e5 barnets lyder de f\u00f8rste m\u00e5nedene, og hvordan vi lettere kan forst\u00e5 om de er sultne, trette, ukomfortable ol. og viser film for \u00e5 illustrere dette.<\/li>\n<li>Vi snakker ogs\u00e5 om betydningen av en trygg relasjonen, utviklingst\u00f8ttende kommunikasjon og hvordan vi kan ta vare p\u00e5 de \u00f8yeblikkene barnet er v\u00e5kent og oppmerksomt p\u00e5 en positiv, utviklingsst\u00f8ttende m\u00e5te.<\/li>\n<\/ul>\n\t\t<\/div>M\u00e5let med kurset er \u00e5 bidra til at du opplever st\u00f8rre mestring og trygghet som foreldre i den f\u00f8rste tiden med barnet, og unng\u00e5r en del un\u00f8dvendige problemer, frustrasjoner og usikkerhet mange opplever.<\/p>\n<p>Du f\u00e5r utdelt handouts\/notark med alle de viktigste punktene som tas opp i kurset.<br \/>\n[\/et_pb_text][\/et_pb_column][\/et_pb_row][\/et_pb_section][et_pb_section fb_built=&#8221;1&#8243; disabled_on=&#8221;off|off|off&#8221; _builder_version=&#8221;3.22&#8243; background_color=&#8221;#ebf7ff&#8221; custom_padding=&#8221;0px||0px|&#8221; fb_built=&#8221;1&#8243; _i=&#8221;6&#8243; _address=&#8221;6&#8243;][et_pb_row _builder_version=&#8221;3.25&#8243; background_size=&#8221;initial&#8221; background_position=&#8221;top_left&#8221; background_repeat=&#8221;repeat&#8221; _i=&#8221;0&#8243; _address=&#8221;6.0&#8243;][et_pb_column type=&#8221;4_4&#8243; _builder_version=&#8221;3.25&#8243; custom_padding=&#8221;|||&#8221; _i=&#8221;0&#8243; _address=&#8221;6.0.0&#8243; custom_padding__hover=&#8221;|||&#8221;][et_pb_cta button_url=&#8221;https:\/\/foreldrekompetanse.no\/pamelding-forste-arene-forste-manedene-kurs\/&#8221; button_text=&#8221;Meld deg p\u00e5 her&#8221; disabled_on=&#8221;on|on|on&#8221; _builder_version=&#8221;3.17.2&#8243; background_color=&#8221;#ebf7ff&#8221; background_size=&#8221;initial&#8221; background_position=&#8221;top_left&#8221; background_repeat=&#8221;repeat&#8221; custom_button=&#8221;on&#8221; button_text_color=&#8221;#1d95b5&#8243; button_border_color=&#8221;#1d95b5&#8243; button_icon_color=&#8221;#1d95b5&#8243; background_layout=&#8221;light&#8221; button_text_color_hover=&#8221;#1d95b5&#8243; button_border_color_hover=&#8221;#1d95b5&#8243; button_bg_color_hover=&#8221;rgba(255,255,255,0)&#8221; use_border_color=&#8221;off&#8221; border_color=&#8221;#ffffff&#8221; border_style=&#8221;solid&#8221; button_text_size__hover_enabled=&#8221;off&#8221; button_one_text_size__hover_enabled=&#8221;off&#8221; button_two_text_size__hover_enabled=&#8221;off&#8221; button_text_color__hover_enabled=&#8221;on&#8221; button_text_color__hover=&#8221;#1d95b5&#8243; button_one_text_color__hover_enabled=&#8221;off&#8221; button_two_text_color__hover_enabled=&#8221;off&#8221; button_border_width__hover_enabled=&#8221;off&#8221; button_one_border_width__hover_enabled=&#8221;off&#8221; button_two_border_width__hover_enabled=&#8221;off&#8221; button_border_color__hover_enabled=&#8221;on&#8221; button_border_color__hover=&#8221;#1d95b5&#8243; button_one_border_color__hover_enabled=&#8221;off&#8221; button_two_border_color__hover_enabled=&#8221;off&#8221; button_border_radius__hover_enabled=&#8221;off&#8221; button_one_border_radius__hover_enabled=&#8221;off&#8221; button_two_border_radius__hover_enabled=&#8221;off&#8221; button_letter_spacing__hover_enabled=&#8221;off&#8221; button_one_letter_spacing__hover_enabled=&#8221;off&#8221; button_two_letter_spacing__hover_enabled=&#8221;off&#8221; button_bg_color__hover_enabled=&#8221;on&#8221; button_bg_color__hover=&#8221;rgba(255,255,255,0)&#8221; button_one_bg_color__hover_enabled=&#8221;off&#8221; button_two_bg_color__hover_enabled=&#8221;off&#8221; _i=&#8221;0&#8243; _address=&#8221;6.0.0.0&#8243;][\/et_pb_cta][\/et_pb_column][\/et_pb_row][\/et_pb_section][et_pb_section fb_built=&#8221;1&#8243; _builder_version=&#8221;3.22&#8243; fb_built=&#8221;1&#8243; _i=&#8221;7&#8243; _address=&#8221;7&#8243;][et_pb_row _builder_version=&#8221;3.25&#8243; background_size=&#8221;initial&#8221; background_position=&#8221;top_left&#8221; background_repeat=&#8221;repeat&#8221; _i=&#8221;0&#8243; _address=&#8221;7.0&#8243; column_structure=&#8221;1_3,1_3,1_3&#8243;][et_pb_column type=&#8221;1_3&#8243; _builder_version=&#8221;3.25&#8243; custom_padding=&#8221;|||&#8221; _i=&#8221;0&#8243; _address=&#8221;7.0.0&#8243; custom_padding__hover=&#8221;|||&#8221;][et_pb_text admin_label=&#8221;\u00d8nsker du en privat gruppe&#8221; _builder_version=&#8221;3.27.4&#8243; background_size=&#8221;initial&#8221; background_position=&#8221;top_left&#8221; background_repeat=&#8221;repeat&#8221; use_border_color=&#8221;off&#8221; border_color=&#8221;#ffffff&#8221; border_style=&#8221;solid&#8221; _i=&#8221;0&#8243; _address=&#8221;7.0.0.0&#8243;]<\/p>\n<h3>Privat gruppe, barselgrupper?<\/h3>\n<p>\u00d8nsker du et privat kurs, p\u00e5 andre tidspunkter enn det som er annonsert, ta kontakt for \u00e5 lage en avtale. Dette er en god mulighet for blant annet barselgrupper ol.<\/p>\n<p>&nbsp;<br \/>\n[\/et_pb_text][\/et_pb_column][et_pb_column type=&#8221;1_3&#8243; _builder_version=&#8221;3.25&#8243; custom_padding=&#8221;|||&#8221; _i=&#8221;1&#8243; _address=&#8221;7.0.1&#8243; custom_padding__hover=&#8221;|||&#8221;][et_pb_text _builder_version=&#8221;3.27.4&#8243; background_size=&#8221;initial&#8221; background_position=&#8221;top_left&#8221; background_repeat=&#8221;repeat&#8221; use_border_color=&#8221;off&#8221; border_color=&#8221;#ffffff&#8221; border_style=&#8221;solid&#8221; _i=&#8221;0&#8243; _address=&#8221;7.0.1.0&#8243;]<\/p>\n<h3>Courses in English?<\/h3>\n<p>Would you like a course for an English speaking group? Contact us and we will make an arrangement.<br \/>\n[\/et_pb_text][\/et_pb_column][et_pb_column type=&#8221;1_3&#8243; _builder_version=&#8221;3.25&#8243; custom_padding=&#8221;|||&#8221; _i=&#8221;2&#8243; _address=&#8221;7.0.2&#8243; custom_padding__hover=&#8221;|||&#8221;][et_pb_text _builder_version=&#8221;3.27.4&#8243; background_size=&#8221;initial&#8221; background_position=&#8221;top_left&#8221; background_repeat=&#8221;repeat&#8221; use_border_color=&#8221;off&#8221; border_color=&#8221;#ffffff&#8221; border_style=&#8221;solid&#8221; _i=&#8221;0&#8243; _address=&#8221;7.0.2.0&#8243;]<\/p>\n<h3>Ha med barn?<\/h3>\n<p>Du kan ha med barn(spebarn) men b\u00f8r v\u00e6re oppmerksom p\u00e5 at det kan bli lenge for barnet \u00e5 v\u00e6re med i tre timer. Det er pause underveis. Noe lyd g\u00e5r greit, men ved h\u00f8y gr\u00e5t ol. m\u00e5 man g\u00e5 ut til barnet roer seg og komme igjen etterp\u00e5, av hensyn til de andre kursdeltagerene. Du kan da sp\u00f8rre kurslederen i pausen om hva du gikk glipp av.<br \/>\n[\/et_pb_text][\/et_pb_column][\/et_pb_row][\/et_pb_section]<\/p>\n<span class=\"et_bloom_bottom_trigger\"><\/span>","protected":false},"excerpt":{"rendered":"<p>Kolikk, gr\u00e5t og s\u00f8vn hos spedbarn. Kurs og veiledning. L\u00e6r hvordan du raskt og effektivt kan roe gr\u00e5tende spedbarn, ogs\u00e5 om barnet har kolikk. Forst\u00e5 barnets s\u00f8vn. L\u00e6r trygghetsskapende kommunikasjon.<\/p>","protected":false},"author":2,"featured_media":0,"parent":0,"menu_order":0,"comment_status":"closed","ping_status":"closed","template":"","meta":{"_acf_changed":false,"_et_pb_use_builder":"on","_et_pb_old_content":"","_et_gb_content_width":"","footnotes":""},"class_list":["post-61","page","type-page","status-publish","hentry"],"acf":[],"aioseo_notices":[],"_links":{"self":[{"href":"https:\/\/foreldrekompetanse.no\/en\/wp-json\/wp\/v2\/pages\/61","targetHints":{"allow":["GET"]}}],"collection":[{"href":"https:\/\/foreldrekompetanse.no\/en\/wp-json\/wp\/v2\/pages"}],"about":[{"href":"https:\/\/foreldrekompetanse.no\/en\/wp-json\/wp\/v2\/types\/page"}],"author":[{"embeddable":true,"href":"https:\/\/foreldrekompetanse.no\/en\/wp-json\/wp\/v2\/users\/2"}],"replies":[{"embeddable":true,"href":"https:\/\/foreldrekompetanse.no\/en\/wp-json\/wp\/v2\/comments?post=61"}],"version-history":[{"count":0,"href":"https:\/\/foreldrekompetanse.no\/en\/wp-json\/wp\/v2\/pages\/61\/revisions"}],"wp:attachment":[{"href":"https:\/\/foreldrekompetanse.no\/en\/wp-json\/wp\/v2\/media?parent=61"}],"curies":[{"name":"wp","href":"https:\/\/api.w.org\/{rel}","templated":true}]}}