{"id":745,"date":"2014-11-28T23:57:54","date_gmt":"2014-11-28T23:57:54","guid":{"rendered":"http:\/\/foreldrekompetanse.no\/?page_id=745"},"modified":"2016-07-08T10:41:37","modified_gmt":"2016-07-08T10:41:37","slug":"pamelding-trassalder","status":"publish","type":"page","link":"https:\/\/foreldrekompetanse.no\/en\/pamelding-trassalder\/","title":{"rendered":"P\u00e5melding Trassalder"},"content":{"rendered":"<p>[et_pb_section admin_label=&#8221;section&#8221; fullwidth=&#8221;on&#8221; specialty=&#8221;off&#8221; transparent_background=&#8221;on&#8221; background_color=&#8221;#0d5d82&#8243; inner_shadow=&#8221;off&#8221; parallax=&#8221;off&#8221; parallax_method=&#8221;off&#8221; background_image=&#8221;https:\/\/foreldrekompetanse.no\/wp-content\/uploads\/2014\/09\/patternbackground.jpg&#8221; module_class=&#8221;normalheader&#8221;][et_pb_fullwidth_header admin_label=&#8221;Fullwidth Header&#8221; background_layout=&#8221;dark&#8221; text_orientation=&#8221;left&#8221; title=&#8221;P\u00e5melding Trassalder&#8221; module_class=&#8221;altpagetitle&#8221;]<\/p>\n<p>[\/et_pb_fullwidth_header][\/et_pb_section][et_pb_section admin_label=&#8221;section&#8221; fullwidth=&#8221;off&#8221; specialty=&#8221;off&#8221; transparent_background=&#8221;off&#8221; background_color=&#8221;#ffffff&#8221; inner_shadow=&#8221;off&#8221; parallax=&#8221;off&#8221; parallax_method=&#8221;off&#8221; module_class=&#8221;lesspaddingtop&#8221;][et_pb_row admin_label=&#8221;row&#8221;][et_pb_column type=&#8221;2_3&#8243;][et_pb_text admin_label=&#8221;P\u00e5meldingskjema&#8221; background_layout=&#8221;light&#8221; text_orientation=&#8221;left&#8221; use_border_color=&#8221;off&#8221; border_color=&#8221;#ffffff&#8221; border_style=&#8221;solid&#8221;]<\/p>\n<h2>Velg \u00f8nsket dato<\/h2>\n<p><div class=\"wcopc\"><\/div><div class='et-box et-info'>\n\t\t\t\t\t<div class='et-box-content'><p>Om du bestiller b\u00e5de kursbok og DVD s\u00e5 f\u00e5r du DVDen for bare 100 kr.<\/p>\n<p>Total pris er da <strong>450 kr<\/strong>.<\/p><\/div><\/div><\/p>\n<p>[\/et_pb_text][\/et_pb_column][et_pb_column type=&#8221;1_3&#8243;][et_pb_testimonial admin_label=&#8221;Attest&#8221; url_new_window=&#8221;off&#8221; quote_icon=&#8221;on&#8221; use_background_color=&#8221;on&#8221; background_color=&#8221;#1d95b5&#8243; background_layout=&#8221;dark&#8221; text_orientation=&#8221;left&#8221; use_border_color=&#8221;off&#8221; border_color=&#8221;#ffffff&#8221; border_style=&#8221;solid&#8221; quote_icon_color=&#8221;#1d95b5&#8243; custom_padding=&#8221;||5px|&#8221;]<\/p>\n<h4 style=\"text-align: center;\"><span style=\"color: #ffffff;\">&#8220;Alt vi har l\u00e6rt fungerer veldig bra, tusen takk for et nyttig og viktig kurs!&#8221;<\/span><\/h4>\n<p>[\/et_pb_testimonial][et_pb_testimonial admin_label=&#8221;Attest&#8221; url_new_window=&#8221;off&#8221; quote_icon=&#8221;on&#8221; use_background_color=&#8221;on&#8221; background_color=&#8221;#1d95b5&#8243; background_layout=&#8221;dark&#8221; text_orientation=&#8221;left&#8221; use_border_color=&#8221;off&#8221; border_color=&#8221;#ffffff&#8221; border_style=&#8221;solid&#8221; quote_icon_color=&#8221;#1d95b5&#8243; custom_padding=&#8221;||5px|&#8221;]<\/p>\n<h4 style=\"text-align: center;\"><span style=\"color: #ffffff;\">&#8220;Fikk noen store aha opplevelser p\u00e5 kurset! Alle foreldre burde ta dette foreldrekurset!&#8221;<\/span><\/h4>\n<p>[\/et_pb_testimonial][et_pb_testimonial admin_label=&#8221;Attest&#8221; url_new_window=&#8221;off&#8221; quote_icon=&#8221;on&#8221; use_background_color=&#8221;on&#8221; background_color=&#8221;#1d95b5&#8243; background_layout=&#8221;dark&#8221; text_orientation=&#8221;left&#8221; use_border_color=&#8221;off&#8221; border_color=&#8221;#ffffff&#8221; border_style=&#8221;solid&#8221; quote_icon_color=&#8221;#1d95b5&#8243; custom_padding=&#8221;||5px|&#8221;]<\/p>\n<h4 style=\"text-align: center;\"><span style=\"color: #ffffff;\">\u00abHar allerede anbefalt kurset til venner med barn. \ud83d\ude42 Et godt kurs!&#8221;<\/span><\/h4>\n<p>[\/et_pb_testimonial][\/et_pb_column][\/et_pb_row][\/et_pb_section]<\/p>\n<span class=\"et_bloom_bottom_trigger\"><\/span>","protected":false},"excerpt":{"rendered":"<p>Velg \u00f8nsket dato <div class='et-box et-info'>\n\t\t\t\t\t<div class='et-box-content'>Om du bestiller b\u00e5de kursbok og DVD s\u00e5 f\u00e5r du DVDen for bare 100 kr. Total pris er da 450 kr.<\/div><\/div> &#8220;Alt vi har l\u00e6rt fungerer veldig bra, tusen takk for et nyttig og viktig kurs!&#8221; &#8220;Fikk noen store aha opplevelser p\u00e5 kurset! Alle [&hellip;]<\/p>\n","protected":false},"author":2,"featured_media":0,"parent":0,"menu_order":0,"comment_status":"closed","ping_status":"closed","template":"","meta":{"_acf_changed":false,"_et_pb_use_builder":"on","_et_pb_old_content":"","_et_gb_content_width":"","footnotes":""},"class_list":["post-745","page","type-page","status-publish","hentry"],"acf":[],"aioseo_notices":[],"_links":{"self":[{"href":"https:\/\/foreldrekompetanse.no\/en\/wp-json\/wp\/v2\/pages\/745","targetHints":{"allow":["GET"]}}],"collection":[{"href":"https:\/\/foreldrekompetanse.no\/en\/wp-json\/wp\/v2\/pages"}],"about":[{"href":"https:\/\/foreldrekompetanse.no\/en\/wp-json\/wp\/v2\/types\/page"}],"author":[{"embeddable":true,"href":"https:\/\/foreldrekompetanse.no\/en\/wp-json\/wp\/v2\/users\/2"}],"replies":[{"embeddable":true,"href":"https:\/\/foreldrekompetanse.no\/en\/wp-json\/wp\/v2\/comments?post=745"}],"version-history":[{"count":0,"href":"https:\/\/foreldrekompetanse.no\/en\/wp-json\/wp\/v2\/pages\/745\/revisions"}],"wp:attachment":[{"href":"https:\/\/foreldrekompetanse.no\/en\/wp-json\/wp\/v2\/media?parent=745"}],"curies":[{"name":"wp","href":"https:\/\/api.w.org\/{rel}","templated":true}]}}