{"id":91,"date":"2014-09-26T21:09:14","date_gmt":"2014-09-26T21:09:14","guid":{"rendered":"http:\/\/foreldrekompetanse.no\/?page_id=91"},"modified":"2022-02-11T07:45:14","modified_gmt":"2022-02-11T05:45:14","slug":"anbefalinger","status":"publish","type":"page","link":"https:\/\/foreldrekompetanse.no\/en\/anbefalinger\/","title":{"rendered":"Anbefalinger"},"content":{"rendered":"<p>[et_pb_section fb_built=&#8221;1&#8243; fullwidth=&#8221;on&#8221; module_class=&#8221;normalheader&#8221; _builder_version=&#8221;3.22&#8243; background_color=&#8221;rgba(255,255,255,0)&#8221; background_image=&#8221;http:\/\/foreldrekompetanse.no\/wp-content\/uploads\/2014\/09\/patternbackground.jpg&#8221; transparent_background=&#8221;on&#8221; global_colors_info=&#8221;{}&#8221;][et_pb_fullwidth_header title=&#8221;Anbefalinger&#8221; content_max_width=&#8221;none&#8221; module_class=&#8221;altpagetitle&#8221; _builder_version=&#8221;3.16&#8243; background_color=&#8221;rgba(255, 255, 255, 0)&#8221; global_colors_info=&#8221;{}&#8221; button_one_text_size__hover_enabled=&#8221;off&#8221; button_two_text_size__hover_enabled=&#8221;off&#8221; button_one_text_color__hover_enabled=&#8221;off&#8221; button_two_text_color__hover_enabled=&#8221;off&#8221; button_one_border_width__hover_enabled=&#8221;off&#8221; button_two_border_width__hover_enabled=&#8221;off&#8221; button_one_border_color__hover_enabled=&#8221;off&#8221; button_two_border_color__hover_enabled=&#8221;off&#8221; button_one_border_radius__hover_enabled=&#8221;off&#8221; button_two_border_radius__hover_enabled=&#8221;off&#8221; button_one_letter_spacing__hover_enabled=&#8221;off&#8221; button_two_letter_spacing__hover_enabled=&#8221;off&#8221; button_one_bg_color__hover_enabled=&#8221;off&#8221; button_two_bg_color__hover_enabled=&#8221;off&#8221;][\/et_pb_fullwidth_header][\/et_pb_section][et_pb_section fb_built=&#8221;1&#8243; _builder_version=&#8221;3.22&#8243; global_colors_info=&#8221;{}&#8221;][et_pb_row _builder_version=&#8221;3.25&#8243; background_size=&#8221;initial&#8221; background_position=&#8221;top_left&#8221; background_repeat=&#8221;repeat&#8221; global_colors_info=&#8221;{}&#8221;][et_pb_column type=&#8221;4_4&#8243; _builder_version=&#8221;3.25&#8243; custom_padding=&#8221;|||&#8221; global_colors_info=&#8221;{}&#8221; custom_padding__hover=&#8221;|||&#8221;][et_pb_text admin_label=&#8221;Tilbakemeldinger fra&#8230;&#8221; _builder_version=&#8221;3.27.4&#8243; background_size=&#8221;initial&#8221; background_position=&#8221;top_left&#8221; background_repeat=&#8221;repeat&#8221; text_orientation=&#8221;center&#8221; module_alignment=&#8221;center&#8221; use_border_color=&#8221;off&#8221; border_color=&#8221;#ffffff&#8221; border_style=&#8221;solid&#8221; global_colors_info=&#8221;{}&#8221;]<\/p>\n<h1 style=\"color: #0d5d82; margin-bottom: 10px; letter-spacing: -1px;\">Tilbakemeldinger fra v\u00e5re deltagere<\/h1>\n<h2 style=\"color: #c3c63b;\">Her finner du tilbakemeldinger fra tidligere deltagere p\u00e5 v\u00e5re kurs, andre som har v\u00e6rt til veiledning eller kj\u00f8pt kursbok og DVD.<\/h2>\n<p>[\/et_pb_text][et_pb_text admin_label=&#8221;Anbefalinger Trassalder?&#8221; _builder_version=&#8221;4.14.7&#8243; background_size=&#8221;initial&#8221; background_position=&#8221;top_left&#8221; background_repeat=&#8221;repeat&#8221; text_orientation=&#8221;center&#8221; module_alignment=&#8221;center&#8221; hover_enabled=&#8221;0&#8243; global_colors_info=&#8221;{}&#8221; sticky_enabled=&#8221;0&#8243;]<\/p>\n<h3>Anbefalinger fra deltagere p\u00e5 kurs om konfliktl\u00f8sning<\/h3>\n<p>[\/et_pb_text][\/et_pb_column][\/et_pb_row][et_pb_row _builder_version=&#8221;3.25&#8243; background_size=&#8221;initial&#8221; background_position=&#8221;top_left&#8221; background_repeat=&#8221;repeat&#8221; global_colors_info=&#8221;{}&#8221; column_structure=&#8221;1_2,1_2&#8243;][et_pb_column type=&#8221;1_2&#8243; _builder_version=&#8221;3.25&#8243; custom_padding=&#8221;|||&#8221; global_colors_info=&#8221;{}&#8221; custom_padding__hover=&#8221;|||&#8221;][et_pb_testimonial author=&#8221;Monica&#8221; job_title=&#8221;Tidligere kursdeltager&#8221; _builder_version=&#8221;3.2&#8243; background_size=&#8221;initial&#8221; background_position=&#8221;top_left&#8221; background_repeat=&#8221;repeat&#8221; global_colors_info=&#8221;{}&#8221;]Takk for bra kurs vedr\u00f8rende trass og grensesetting. Det var veldig bevisstgj\u00f8rende, og jeg fikk stort utbytte av det personlig \u2013 og kommunikasjonen hjemme forbedret seg.<\/p>\n<p>Kurset er veldig relevant med sin praktiske orientering rundt situasjoner man kjenner seg igjen i som sm\u00e5barnsforeldre, og gir gode teknikker for forebygging eller l\u00f8sning. Jeg har f\u00e5tt konkrete forslag til hva jeg kan gj\u00f8re i enkelte situasjoner som oppst\u00e5r, og det har v\u00e6rt sv\u00e6rt effektivt og gitt gode resultater.<\/p>\n<p>Jeg har blitt mye mer fokusert p\u00e5 \u00e5 v\u00e6re tydelig, m\u00f8te mitt barns evt frustrasjon og gi tilbakemelding p\u00e5 hva jeg aksepterer og ikke. Jeg har ogs\u00e5 blitt mer bevisst mine egne grenser.<\/p>\n<p>Dette handler kort og greit om positiv kommunikasjon i praksis, noe som ogs\u00e5 er enkelt \u00e5 overf\u00f8re til andre situasjoner \u2013 med eller uten barn (f.eks. i sammenheng med kolleger eller venner).<\/p>\n<p>Jeg vil absolutt anbefale kurset for alle som har barn!<br \/>\n[\/et_pb_testimonial][et_pb_testimonial author=&#8221;Kjetil Hodne&#8221; job_title=&#8221;Psykolog&#8221; _builder_version=&#8221;3.2&#8243; background_size=&#8221;initial&#8221; background_position=&#8221;top_left&#8221; background_repeat=&#8221;repeat&#8221; global_colors_info=&#8221;{}&#8221;]Jeg jobber selv i en setting der det ofte oppst\u00e5r konflikter, og jeg har hatt stor nytte av det som gjennomg\u00e5es p\u00e5 kurset &#8220;Trassalder?&#8221;. Jeg har f\u00e5tt en modell som gj\u00f8r at jeg bedre forst\u00e5r og kan forutse hvordan en konflikt vil utvikle seg, og hva jeg kan gj\u00f8re for \u00e5 unng\u00e5 at den blir st\u00f8rre, vanskeligere eller mer opprivende enn n\u00f8dvendig, samt at jeg er blitt tryggere p\u00e5 meg selv og p\u00e5 at jeg ikke gj\u00f8r noe som bidrar til at det hele eskalerer.<\/p>\n<p>Jeg har deltatt p\u00e5 kurset &#8220;Trassalder?&#8221; flere ganger, og jeg kommer til \u00e5 gj\u00f8re det igjen. I tillegg har jeg hatt individuell veiledning med Solhjell, noe som har bidratt til at ting har blitt enda tydeligere for meg, og vi har kunnet g\u00e5 i dybden p\u00e5 nettopp de situasjonene jeg syntes var vanskelig.<\/p>\n<p>Modellen, prinsippene og fremgangsm\u00e5ten passer godt inn i mitt humanistiske menneskesyn, og legger hele tiden opp til \u00e5 ta motparten og dennes \u00f8nsker og agenda p\u00e5 alvor. Jeg har selv benyttet denne metoden i m\u00f8te med barn og ungdom. Min erfaring er at dette styrker relasjonen og demper det videre konfliktniv\u00e5et.<\/p>\n<p>Samtidig som mine kommunikasjons- og konflikth\u00e5ndteringsevner er styrket, tror jeg at barn som blir m\u00f8tt p\u00e5 denne m\u00e5ten i konflikter, ogs\u00e5 utvikler sine egne tilsvarende evner.<br \/>\n[\/et_pb_testimonial][et_pb_testimonial author=&#8221;Hanna Sterner og Ivar L\u00f8vberget&#8221; _builder_version=&#8221;3.2&#8243; background_size=&#8221;initial&#8221; background_position=&#8221;top_left&#8221; background_repeat=&#8221;repeat&#8221; global_colors_info=&#8221;{}&#8221;]Kurset var en god arena for refleksjon og l\u00e6ring. Vi l\u00e6rte gode praktiske verkt\u00f8y for \u00e5 forebygge og h\u00e5ndtere konflikter i omgang med v\u00e5r s\u00f8nn.<\/p>\n<p>I tillegg opplevde vi at vi som par fikk en bra dialog rundt det \u00e5 v\u00e6re foreldre og opplevde det som viktig at begge deltok p\u00e5 kurset sammen.<\/p>\n<p>Kurset ga oss en felles forst\u00e5else og referanseramme, som har gjort oss flinkere til \u00e5 st\u00f8tte hverandre i tilspissede situasjoner. Vi har ogs\u00e5 blitt bedre til \u00e5 gi hverandre konstruktiv tilbakemeldinger p\u00e5 hvordan vi h\u00e5ndterer situasjoner i etterkant av konflikter. Vi kan varmt anbefale dette kurset til alle som har barn med sterk vilje.<br \/>\n[\/et_pb_testimonial][\/et_pb_column][et_pb_column type=&#8221;1_2&#8243; _builder_version=&#8221;3.25&#8243; custom_padding=&#8221;|||&#8221; global_colors_info=&#8221;{}&#8221; custom_padding__hover=&#8221;|||&#8221;][et_pb_testimonial author=&#8221;Hege&#8221; job_title=&#8221;mamma til en viljesterk to\u00e5ring&#8221; _builder_version=&#8221;3.0.85&#8243; background_size=&#8221;initial&#8221; background_position=&#8221;top_left&#8221; background_repeat=&#8221;repeat&#8221; global_colors_info=&#8221;{}&#8221;]Siden jeg ikke har hatt anledning til \u00e5 bli med p\u00e5 kurs, har trassalder-hefte, dvd og individuell veiledning med Solhjell via internett v\u00e6rt et skreddersydd alternativ for meg.<\/p>\n<p>Jeg skj\u00f8nte med en gang jeg begynte \u00e5 lese at her f\u00e5r jeg virkelig svar. Heftet inneholder mye kunnskap om kommunikasjon og konflikth\u00e5ndtering, men Solhjell presenterer det veldig ryddig og oversiktelig. Han skriver slik at jeg forst\u00e5r, med et enkelt og tydelig spr\u00e5k og mange konkrete eksempler.<\/p>\n<p>Jeg opplevde at de sp\u00f8rsm\u00e5lene jeg stilte meg selv underveis ble svart p\u00e5 fortl\u00f8pende. Det er ikke noen &#8220;farlig enkel&#8221; metode han kommer med (som time-out, ignorering etc). Jeg synes heller at jeg sitter igjen med et slags kart.<\/p>\n<p>N\u00e5 vet jeg hvor i konflikten vi er, jeg forst\u00e5r hva som skjer og hva som er lurt og mindre lurt \u00e5 gj\u00f8re. Jeg har l\u00e6rt hvordan jeg kan m\u00f8te sterke reaksjoner hos gutten min med empati, og p\u00e5 en m\u00e5te som n\u00e5r inn. Og jeg har blitt mye klokere p\u00e5 grensesetting.<\/p>\n<p>Ved \u00e5 f\u00e5 individuell veiledning p\u00e5 akkurat de situasjonene jeg er midt oppi selv, fikk jeg knyttet teorien til min egen hverdag. Alt dette gj\u00f8r at jeg kjenner meg tryggere i konfliktsituasjoner, og jeg blir ikke s\u00e5 lett sint eller dratt inn i konflikten selv. Jeg kan i stedet konsentrere meg om \u00e5 v\u00e6re en god veileder for barnet mitt.<br \/>\n[\/et_pb_testimonial][et_pb_testimonial author=&#8221;Anne og Sigurd&#8221; _builder_version=&#8221;3.2&#8243; background_size=&#8221;initial&#8221; background_position=&#8221;top_left&#8221; background_repeat=&#8221;repeat&#8221; global_colors_info=&#8221;{}&#8221;]Hei!<\/p>\n<p>N\u00e5 er det et halvt \u00e5r siden vi var hos deg, til personlig veiledning, kanskje du husker oss? Vi er foreldre til da 3 \u00e5r gamle Frida, som ga oss hodebry i form av meget sterk vilje. Vi deltok ogs\u00e5 p\u00e5 kurset om trass. Du hjalp oss akutt- med veldig gode resultater, og vi vil gjerne gi deg v\u00e5r attest. Vi anbefaler din kompetanse i vildensky.<\/p>\n<p>Hans Holter Solhjell ble redningen da vi ikke lenger taklet samv\u00e6ret med v\u00e5r egen 3-\u00e5ring. Hverdagen v\u00e5r var sterkt preget av krangel og konflikt mellom oss og henne. En konstant kamp for \u00e5 f\u00e5 henne til \u00e5 gj\u00f8re helt hverdagslige ting som \u00e5 kle p\u00e5 seg, pusse tenner, legge seg eller bli med hjem fra barnehagen!<\/p>\n<p>Vi f\u00f8lte vi hadde pr\u00f8vd alt fra medf\u00f8lelse og overtalelse, til trusler og straff. N\u00e5, et halvt \u00e5r senere, er vi veldig glade for at vi fikk akutt hjelp i form av personlig veiledning med Hans Holter Solhjell.<\/p>\n<p>Han fikk oss til \u00e5 se datteren v\u00e5r i et nytt lys og ga oss enkle grep som fungerte umiddelbart. Hverdagen v\u00e5r s\u00e5 raskt helt anderledes ut, ikke uten konflikt, men konflikt i mindre grad og med en deilig f\u00f8lelse av at det vi gj\u00f8r er riktig for barnet v\u00e5rt.<\/p>\n<p>Datteren v\u00e5r har forvandlet seg i v\u00e5re \u00f8yne- fra \u00e5 v\u00e6re en sint, slitsom tyrann til \u00e5 bli et levende, temperamentsfullt og selvstendig barn.<br \/>\n[\/et_pb_testimonial][et_pb_testimonial author=&#8221;Anne Gry Ven\u00e5s&#8221; _builder_version=&#8221;3.2&#8243; background_size=&#8221;initial&#8221; background_position=&#8221;top_left&#8221; background_repeat=&#8221;repeat&#8221; global_colors_info=&#8221;{}&#8221;]Kurset var veldig nyttig og vi har mye mindre konflikter n\u00e5, og de f\u00e5 vi har g\u00e5r mye fortere over. Takk for et fint og saklig kurs!<br \/>\n[\/et_pb_testimonial][\/et_pb_column][\/et_pb_row][et_pb_row _builder_version=&#8221;3.25&#8243; background_size=&#8221;initial&#8221; background_position=&#8221;top_left&#8221; background_repeat=&#8221;repeat&#8221; global_colors_info=&#8221;{}&#8221;][et_pb_column type=&#8221;4_4&#8243; _builder_version=&#8221;3.25&#8243; custom_padding=&#8221;|||&#8221; global_colors_info=&#8221;{}&#8221; custom_padding__hover=&#8221;|||&#8221;][et_pb_text admin_label=&#8221;Anbefalinger F\u00f8rstehjelpskurs&#8221; _builder_version=&#8221;3.27.4&#8243; background_size=&#8221;initial&#8221; background_position=&#8221;top_left&#8221; background_repeat=&#8221;repeat&#8221; text_orientation=&#8221;center&#8221; module_alignment=&#8221;center&#8221; global_colors_info=&#8221;{}&#8221;]<\/p>\n<h3>Anbefalinger F\u00f8rstehjelpskurs<\/h3>\n<p>[\/et_pb_text][\/et_pb_column][\/et_pb_row][et_pb_row _builder_version=&#8221;3.25&#8243; background_size=&#8221;initial&#8221; background_position=&#8221;top_left&#8221; background_repeat=&#8221;repeat&#8221; global_colors_info=&#8221;{}&#8221; column_structure=&#8221;1_2,1_2&#8243;][et_pb_column type=&#8221;1_2&#8243; _builder_version=&#8221;3.25&#8243; custom_padding=&#8221;|||&#8221; global_colors_info=&#8221;{}&#8221; custom_padding__hover=&#8221;|||&#8221;][et_pb_testimonial author=&#8221;Anne Katrine Normann&#8221; _builder_version=&#8221;3.2&#8243; background_size=&#8221;initial&#8221; background_position=&#8221;top_left&#8221; background_repeat=&#8221;repeat&#8221; global_colors_info=&#8221;{}&#8221;]Jeg vil gjerne gi tilbakemelding p\u00e5 f\u00f8rstehjelpskurs med fokus p\u00e5 barn, den 15. februar 2012. Det var et veldig bra kurs. Kursholderen var klar og underholdende, det var meget positivt med s\u00e5 mange \u00f8velser, med rollespill, og med eksempler. Jeg har v\u00e6rt p\u00e5 et annet f\u00f8rstehjelpskurs etter deres kurs, og det var p\u00e5 langt n\u00e6r s\u00e5 bra og instruktivt. Med vennlig hilsen.<br \/>\n[\/et_pb_testimonial][et_pb_testimonial author=&#8221;Siwen Svensson&#8221; url=&#8221;http:\/\/Stilla%20barnehage&#8221; _builder_version=&#8221;3.2&#8243; background_size=&#8221;initial&#8221; background_position=&#8221;top_left&#8221; background_repeat=&#8221;repeat&#8221; global_colors_info=&#8221;{}&#8221;]Hei<\/p>\n<p>Vil bare gi tilbakemelding om at vi er veldig forn\u00f8yde med kurset, meget god kursholder og bra opplegg for kveldskurs etter en lang arbeidsdag; tydelig, strukturert og med fine praktiske \u00f8velser. Vi hadde godt utbytte og som personalgruppe.<\/p>\n<p>mvh<br \/>\n[\/et_pb_testimonial][\/et_pb_column][et_pb_column type=&#8221;1_2&#8243; _builder_version=&#8221;3.25&#8243; custom_padding=&#8221;|||&#8221; global_colors_info=&#8221;{}&#8221; custom_padding__hover=&#8221;|||&#8221;][et_pb_testimonial author=&#8221;Katarina Karlsen&#8221; company_name=&#8221;Steinerbarnehagen i B\u00e6rum&#8221; _builder_version=&#8221;3.2&#8243; background_size=&#8221;initial&#8221; background_position=&#8221;top_left&#8221; background_repeat=&#8221;repeat&#8221; global_colors_info=&#8221;{}&#8221;]Hei, vi var veldig forn\u00f8yde med kurset. Mange sa til meg etter kurset at Nina var den beste de hadde hatt hittil. Vi som jobber i barnehage har v\u00e6rt p\u00e5 mange f\u00f8rstehjelpskurs med variende kvalitet. Her var ihvertfall alle forn\u00f8yde.<\/p>\n<p>Mvh<br \/>\n[\/et_pb_testimonial][et_pb_testimonial author=&#8221;Vennlig Hilsen&#8221; _builder_version=&#8221;3.2&#8243; background_size=&#8221;initial&#8221; background_position=&#8221;top_left&#8221; background_repeat=&#8221;repeat&#8221; global_colors_info=&#8221;{}&#8221;]Takk for tilsendt trassalder-kursmateriale, det har virkelig hjulpet oss!<br \/>\n[\/et_pb_testimonial][et_pb_testimonial author=&#8221;Ingeborg, Hellerudtoppen barnehage&#8221; _builder_version=&#8221;3.2&#8243; background_size=&#8221;initial&#8221; background_position=&#8221;top_left&#8221; background_repeat=&#8221;repeat&#8221; global_colors_info=&#8221;{}&#8221;]Vi var utrolig forn\u00f8yd med kurset!! \ud83d\ude42 Veldig klart, tydelig, konsist og effektivt kurs med masse praksis!!<br \/>\n[\/et_pb_testimonial][\/et_pb_column][\/et_pb_row][et_pb_row _builder_version=&#8221;3.25&#8243; background_size=&#8221;initial&#8221; background_position=&#8221;top_left&#8221; background_repeat=&#8221;repeat&#8221; global_colors_info=&#8221;{}&#8221;][et_pb_column type=&#8221;4_4&#8243; _builder_version=&#8221;3.25&#8243; custom_padding=&#8221;|||&#8221; global_colors_info=&#8221;{}&#8221; custom_padding__hover=&#8221;|||&#8221;][et_pb_text admin_label=&#8221;Anbefalinger Kollik DVD og kursbokr&#8221; _builder_version=&#8221;3.27.4&#8243; background_size=&#8221;initial&#8221; background_position=&#8221;top_left&#8221; background_repeat=&#8221;repeat&#8221; text_orientation=&#8221;center&#8221; module_alignment=&#8221;center&#8221; global_colors_info=&#8221;{}&#8221;]<\/p>\n<h3>Anbefalinger Kollik DVD og kursbokr<\/h3>\n<p>[\/et_pb_text][\/et_pb_column][\/et_pb_row][et_pb_row _builder_version=&#8221;3.25&#8243; background_size=&#8221;initial&#8221; background_position=&#8221;top_left&#8221; background_repeat=&#8221;repeat&#8221; global_colors_info=&#8221;{}&#8221; column_structure=&#8221;1_2,1_2&#8243;][et_pb_column type=&#8221;1_2&#8243; _builder_version=&#8221;3.25&#8243; custom_padding=&#8221;|||&#8221; global_colors_info=&#8221;{}&#8221; custom_padding__hover=&#8221;|||&#8221;][et_pb_testimonial author=&#8221;Tone&#8221; _builder_version=&#8221;3.2&#8243; background_size=&#8221;initial&#8221; background_position=&#8221;top_left&#8221; background_repeat=&#8221;repeat&#8221; global_colors_info=&#8221;{}&#8221;]V\u00e5r s\u00f8nn har kolikk og vi har over flere uker fors\u00f8kt b\u00e5de kiropraktor, akupunktur, fenikkelte og minifom uten vesentlig effekt. S\u00e5 kj\u00f8pte jeg DVD&#8217;en. Metoden var enkel \u00e5 l\u00e6re og det fungerte utrolig bra fra f\u00f8rste stund. N\u00e5 bruker vi de fem metodene man l\u00e6rer seg hver eneste dag og vi har en gutt som har det mye bedre!<\/p>\n<p>Vi klarer \u00e5 roe ham ned p\u00e5 1-2 minutter og han sover bedre og lenger b\u00e5de p\u00e5 dagen og natten de gangene vi bruker teppet. Alle helsestasjoner burde vite om hvordan man systematisk utl\u00f8ser avslappingsrefleksen og gi informasjon om dette til fortvilte foreldre med barn som gr\u00e5ter mer enn gjennomsnittet<br \/>\n[\/et_pb_testimonial][\/et_pb_column][et_pb_column type=&#8221;1_2&#8243; _builder_version=&#8221;3.25&#8243; custom_padding=&#8221;|||&#8221; global_colors_info=&#8221;{}&#8221; custom_padding__hover=&#8221;|||&#8221;][et_pb_testimonial author=&#8221;Camilla og Stian&#8221; _builder_version=&#8221;3.2&#8243; background_size=&#8221;initial&#8221; background_position=&#8221;top_left&#8221; background_repeat=&#8221;repeat&#8221; global_colors_info=&#8221;{}&#8221;]Tusen, tusen takk for hjelpen!<\/p>\n<p>Uten dere hadde vi nesten \u201dgitt opp\u201d, Vi hadde i alle fall ikke hatt den hverdagen vi har i dag :o)<br \/>\n[\/et_pb_testimonial][et_pb_testimonial author=&#8221;Keth Fl\u00e5&#8221; _builder_version=&#8221;3.2&#8243; background_size=&#8221;initial&#8221; background_position=&#8221;top_left&#8221; background_repeat=&#8221;repeat&#8221; global_colors_info=&#8221;{}&#8221;]N\u00e5r det gjelder DVD&#8217;en vi kj\u00f8pte er det bortimot det lureste vi noen gang har gjort &#8211; vi fikk en ny unge og en helt ny tilv\u00e6relse. Alt vi l\u00e6rte fra dvd&#8217;en er benyttet med knall suksess &#8211; har anbefalt dvd&#8217;en til alle jeg kjenner.<br \/>\n[\/et_pb_testimonial][\/et_pb_column][\/et_pb_row][\/et_pb_section]<\/p>\n<span class=\"et_bloom_bottom_trigger\"><\/span>","protected":false},"excerpt":{"rendered":"<p>Tilbakemeldinger fra v\u00e5re deltagere Her finner du tilbakemeldinger fra tidligere deltagere p\u00e5 v\u00e5re kurs, andre som har v\u00e6rt til veiledning eller kj\u00f8pt kursbok og DVD. Anbefalinger fra deltagere p\u00e5 kurs om konfliktl\u00f8sningTakk for bra kurs vedr\u00f8rende trass og grensesetting. Det var veldig bevisstgj\u00f8rende, og jeg fikk stort utbytte av det personlig \u2013 og kommunikasjonen hjemme [&hellip;]<\/p>\n","protected":false},"author":2,"featured_media":0,"parent":0,"menu_order":0,"comment_status":"closed","ping_status":"closed","template":"","meta":{"_acf_changed":false,"_et_pb_use_builder":"on","_et_pb_old_content":"","_et_gb_content_width":"","footnotes":""},"class_list":["post-91","page","type-page","status-publish","hentry"],"acf":[],"aioseo_notices":[],"_links":{"self":[{"href":"https:\/\/foreldrekompetanse.no\/en\/wp-json\/wp\/v2\/pages\/91","targetHints":{"allow":["GET"]}}],"collection":[{"href":"https:\/\/foreldrekompetanse.no\/en\/wp-json\/wp\/v2\/pages"}],"about":[{"href":"https:\/\/foreldrekompetanse.no\/en\/wp-json\/wp\/v2\/types\/page"}],"author":[{"embeddable":true,"href":"https:\/\/foreldrekompetanse.no\/en\/wp-json\/wp\/v2\/users\/2"}],"replies":[{"embeddable":true,"href":"https:\/\/foreldrekompetanse.no\/en\/wp-json\/wp\/v2\/comments?post=91"}],"version-history":[{"count":0,"href":"https:\/\/foreldrekompetanse.no\/en\/wp-json\/wp\/v2\/pages\/91\/revisions"}],"wp:attachment":[{"href":"https:\/\/foreldrekompetanse.no\/en\/wp-json\/wp\/v2\/media?parent=91"}],"curies":[{"name":"wp","href":"https:\/\/api.w.org\/{rel}","templated":true}]}}