{"id":93,"date":"2014-09-26T21:09:36","date_gmt":"2014-09-26T21:09:36","guid":{"rendered":"http:\/\/foreldrekompetanse.no\/?page_id=93"},"modified":"2017-02-01T11:20:43","modified_gmt":"2017-02-01T11:20:43","slug":"media","status":"publish","type":"page","link":"https:\/\/foreldrekompetanse.no\/en\/media\/","title":{"rendered":"Media"},"content":{"rendered":"<p>[et_pb_section admin_label=&#8221;section&#8221; background_image=&#8221;http:\/\/foreldrekompetanse.no\/wp-content\/uploads\/2014\/09\/patternbackground.jpg&#8221; transparent_background=&#8221;on&#8221; background_color=&#8221;#0d5d82&#8243; allow_player_pause=&#8221;off&#8221; inner_shadow=&#8221;off&#8221; parallax=&#8221;off&#8221; parallax_method=&#8221;off&#8221; padding_mobile=&#8221;off&#8221; make_fullwidth=&#8221;off&#8221; use_custom_width=&#8221;off&#8221; width_unit=&#8221;off&#8221; custom_width_px=&#8221;1080px&#8221; custom_width_percent=&#8221;80%&#8221; make_equal=&#8221;off&#8221; use_custom_gutter=&#8221;off&#8221; fullwidth=&#8221;on&#8221; specialty=&#8221;off&#8221; module_class=&#8221;normalheader&#8221; disabled=&#8221;off&#8221;][et_pb_fullwidth_header admin_label=&#8221;Fullwidth Header&#8221; title=&#8221;Media&#8221; background_layout=&#8221;dark&#8221; text_orientation=&#8221;left&#8221; header_fullscreen=&#8221;off&#8221; header_scroll_down=&#8221;off&#8221; scroll_down_icon=&#8221;%%3%%&#8221; parallax=&#8221;off&#8221; parallax_method=&#8221;off&#8221; content_orientation=&#8221;center&#8221; image_orientation=&#8221;center&#8221; module_class=&#8221;altpagetitle&#8221; title_font_size=&#8221;30px&#8221; content_font_size=&#8221;14px&#8221; custom_button_one=&#8221;off&#8221; button_one_text_size=&#8221;20&#8243; button_one_use_icon=&#8221;on&#8221; button_one_icon_placement=&#8221;right&#8221; button_one_on_hover=&#8221;on&#8221; button_one_letter_spacing_hover=&#8221;0&#8243; custom_button_two=&#8221;off&#8221; button_two_text_size=&#8221;20&#8243; button_two_use_icon=&#8221;on&#8221; button_two_icon_placement=&#8221;right&#8221; button_two_on_hover=&#8221;on&#8221; button_two_letter_spacing_hover=&#8221;0&#8243; disabled=&#8221;off&#8221;] [\/et_pb_fullwidth_header][\/et_pb_section][et_pb_section admin_label=&#8221;section&#8221; transparent_background=&#8221;off&#8221; background_color=&#8221;#ffffff&#8221; allow_player_pause=&#8221;off&#8221; inner_shadow=&#8221;off&#8221; parallax=&#8221;off&#8221; parallax_method=&#8221;off&#8221; padding_mobile=&#8221;off&#8221; make_fullwidth=&#8221;off&#8221; use_custom_width=&#8221;off&#8221; width_unit=&#8221;off&#8221; custom_width_px=&#8221;1080px&#8221; custom_width_percent=&#8221;80%&#8221; make_equal=&#8221;off&#8221; use_custom_gutter=&#8221;off&#8221; fullwidth=&#8221;off&#8221; specialty=&#8221;off&#8221; module_class=&#8221;lesspaddingtop&#8221; disabled=&#8221;off&#8221;][et_pb_row admin_label=&#8221;row&#8221; make_fullwidth=&#8221;off&#8221; use_custom_width=&#8221;off&#8221; width_unit=&#8221;off&#8221; custom_width_px=&#8221;1080px&#8221; custom_width_percent=&#8221;80%&#8221; use_custom_gutter=&#8221;off&#8221; gutter_width=&#8221;3&#8243; padding_mobile=&#8221;off&#8221; allow_player_pause=&#8221;off&#8221; parallax=&#8221;off&#8221; parallax_method=&#8221;on&#8221; make_equal=&#8221;off&#8221; column_padding_mobile=&#8221;on&#8221; parallax_1=&#8221;off&#8221; parallax_method_1=&#8221;on&#8221; parallax_2=&#8221;off&#8221; parallax_method_2=&#8221;on&#8221; parallax_3=&#8221;off&#8221; parallax_method_3=&#8221;on&#8221; parallax_4=&#8221;off&#8221; parallax_method_4=&#8221;on&#8221; disabled=&#8221;off&#8221;][et_pb_column type=&#8221;4_4&#8243;][et_pb_text admin_label=&#8221;Her finner&#8221; background_layout=&#8221;light&#8221; text_orientation=&#8221;left&#8221; use_border_color=&#8221;off&#8221; border_style=&#8221;solid&#8221; disabled=&#8221;off&#8221;]<\/p>\n<h2 style=\"color: #0d5d82;\">Her finner du ulike saker fra media hvor Hans Holter Solhjell er intervjuet<\/h2>\n<p>[\/et_pb_text][\/et_pb_column][\/et_pb_row][et_pb_row admin_label=&#8221;row&#8221; make_fullwidth=&#8221;off&#8221; use_custom_width=&#8221;off&#8221; width_unit=&#8221;off&#8221; custom_width_px=&#8221;1080px&#8221; custom_width_percent=&#8221;80%&#8221; use_custom_gutter=&#8221;off&#8221; gutter_width=&#8221;3&#8243; padding_mobile=&#8221;off&#8221; allow_player_pause=&#8221;off&#8221; parallax=&#8221;off&#8221; parallax_method=&#8221;on&#8221; make_equal=&#8221;off&#8221; column_padding_mobile=&#8221;on&#8221; parallax_1=&#8221;off&#8221; parallax_method_1=&#8221;on&#8221; parallax_2=&#8221;off&#8221; parallax_method_2=&#8221;on&#8221; parallax_3=&#8221;off&#8221; parallax_method_3=&#8221;on&#8221; parallax_4=&#8221;off&#8221; parallax_method_4=&#8221;on&#8221; disabled=&#8221;off&#8221;][et_pb_column type=&#8221;1_2&#8243;][et_pb_text admin_label=&#8221;Om \u00e5 roe gr\u00e5tende spedbarn&#8221; background_layout=&#8221;light&#8221; text_orientation=&#8221;left&#8221; use_border_color=&#8221;off&#8221; border_style=&#8221;solid&#8221; disabled=&#8221;off&#8221; border_color=&#8221;#ffffff&#8221;]<\/p>\n<p><strong>Om \u00e5 roe gr\u00e5tende spedbarn, kolikk og s\u00f8vn<\/strong><br \/>\n<a href=\"http:\/\/www.babyverden.no\/Nyheter\/Fem-tips-for-a-roe-babyen\/\" target=\"_blank\">http:\/\/www.babyverden.no\/Nyheter\/Fem-tips-for-a-roe-babyen\/<\/a><\/p>\n<p><strong>Mer om spedbarn, gr\u00e5t og kolikk.\u00a0<\/strong><\/p>\n<p><a href=\"http:\/\/www.kk.no\/mamma\/bor-den-nyfodte-babyen-fortsatt-behandles-som-et-foster-66845784\">http:\/\/www.kk.no\/mamma\/bor-den-nyfodte-babyen-fortsatt-behandles-som-et-foster-66845784<\/a><\/p>\n<p><strong>Om grensesetting<\/strong><br \/>\n<a href=\"http:\/\/www.klikk.no\/foreldre\/foreldreogbarn\/article568552.ece\" target=\"_blank\">http:\/\/www.klikk.no\/foreldre\/foreldreogbarn\/article568552.ece<\/a><\/p>\n<p><strong>Om viljesterke barn som blir ledere<\/strong><br \/>\n<a href=\"http:\/\/www.klikk.no\/foreldre\/foreldreogbarn\/article611134.ece\" target=\"_blank\">http:\/\/www.klikk.no\/foreldre\/foreldreogbarn\/article611134.ece<\/a><\/p>\n<p><strong>Om barns utvikling av selvstendighet<\/strong><br \/>\n<a href=\"http:\/\/www.klikk.no\/foreldre\/foreldreogbarn\/article537527.ece\" target=\"_blank\">http:\/\/www.klikk.no\/foreldre\/foreldreogbarn\/article537527.ece<\/a><\/p>\n<p><a href=\"http:\/\/www.klikk.no\/foreldre\/barn\/selvstendige-barn-1438329.ece\">http:\/\/www.klikk.no\/foreldre\/barn\/selvstendige-barn-1438329.ece<\/a><\/p>\n<p><strong>Om internettbruk og media<\/strong><br \/>\n<a href=\"http:\/\/www.dinside.no\/805733\/ny-facebook-advarsel\" target=\"_blank\">http:\/\/www.dinside.no\/805733\/ny-facebook-advarsel<\/a><\/p>\n<p><strong>Sp\u00f8rsm\u00e5l eller beskjeder? M\u00e5ter \u00e5 snakke til barn p\u00e5.<\/strong><br \/>\n<a href=\"http:\/\/www.dagbladet.no\/2013\/09\/03\/tema\/klikk\/foreldre\/dagbladet\/smabarn\/29053053\/\" target=\"_blank\">http:\/\/www.dagbladet.no\/2013\/09\/03\/tema\/klikk\/foreldre\/dagbladet\/smabarn\/29053053\/<\/a><\/p>\n<p><strong>For mange valg kan gj\u00f8re barn stresset.<\/strong><br \/>\n<a href=\"http:\/\/www.adressa.no\/familieogoppvekst\/article7684639.ece\">http:\/\/www.adressa.no\/familieogoppvekst\/article7684639.ece<\/a><\/p>\n<p><strong>Om trassalder, og hva vi kan gj\u00f8re<\/strong><br \/>\n<a href=\"http:\/\/www.klikk.no\/foreldre\/smabarn\/article1618105.ece\" target=\"_blank\">http:\/\/www.klikk.no\/foreldre\/smabarn\/article1618105.ece<\/a><\/p>\n<p><strong>Ungdom og stress<\/strong><\/p>\n<p><a href=\"http:\/\/www.klikk.no\/foreldre\/skolebarn\/ungdom-og-stress-1437618.ece\">http:\/\/www.klikk.no\/foreldre\/skolebarn\/ungdom-og-stress-1437618.ece<\/a><\/p>\n<p>[\/et_pb_text][\/et_pb_column][et_pb_column type=&#8221;1_2&#8243;][et_pb_text admin_label=&#8221;Om leker&#8221; background_layout=&#8221;light&#8221; text_orientation=&#8221;left&#8221; use_border_color=&#8221;off&#8221; border_style=&#8221;solid&#8221; disabled=&#8221;off&#8221;]<\/p>\n<p><strong>Om leker<\/strong><br \/>\n<a href=\"http:\/\/www.dinside.no\/822414\/hvilke-leker-er-bra\" target=\"_blank\">http:\/\/www.dinside.no\/822414\/hvilke-leker-er-bra<\/a><\/p>\n<p><strong>Om forebygging av kriminalitet<\/strong><br \/>\n<a href=\"http:\/\/www.babyverden.no\/Nyheter\/Kriminell-start-pa-livet\/\" target=\"_blank\">http:\/\/www.babyverden.no\/Nyheter\/Kriminell-start-pa-livet\/<\/a><\/p>\n<p><strong>Om psykiske lidelser<\/strong><br \/>\n<a href=\"http:\/\/www.dagbladet.no\/2010\/05\/20\/tema\/barn\/oppvekst\/foreldre\/11792472\/\" target=\"_blank\">http:\/\/www.dagbladet.no\/2010\/05\/20\/tema\/barn\/oppvekst\/foreldre\/11792472\/<\/a><\/p>\n<p><strong>Om et barnehage og skoleprosjekt i Larvik<\/strong><br \/>\n<a href=\"http:\/\/www.op.no\/kommentarer\/article4651083.ece\" target=\"_blank\">http:\/\/www.op.no\/kommentarer\/article4651083.ece<\/a><\/p>\n<p><strong>Om barneombudets forslag om foreldrekurs for alle.<\/strong><br \/>\n<a href=\"http:\/\/www.babyverden.no\/Nyheter\/Vil-ha-foreldre-pa-kurs-i-grensesetting\/\" target=\"_blank\">http:\/\/www.babyverden.no\/Nyheter\/Vil-ha-foreldre-pa-kurs-i-grensesetting\/<\/a><\/p>\n<p><a href=\"http:\/\/www.mammanett.no\/barn\/10_logner\" target=\"_blank\">http:\/\/www.mammanett.no\/barn\/10_logner<\/a><\/p>\n<p><strong>Fordeler med trassalderen.<\/strong><\/p>\n<p><a href=\"http:\/\/www.hegnar.no\/kvinner\/artikkel17394.ece\" target=\"_blank\">http:\/\/www.hegnar.no\/kvinner\/artikkel17394.ece<\/a><\/p>\n<p><strong>Br\u00e5kete leker og grensesetting.<\/strong><\/p>\n<p><a href=\"http:\/\/www.dagbladet.no\/2013\/10\/02\/tema\/foreldre\/leker\/lek\/barneoppdragelse\/29555100\/\" target=\"_blank\">http:\/\/www.dagbladet.no\/2013\/10\/02\/tema\/foreldre\/leker\/lek\/barneoppdragelse\/29555100\/<\/a><\/p>\n<p>[\/et_pb_text][\/et_pb_column][\/et_pb_row][\/et_pb_section]<\/p>\n<span class=\"et_bloom_bottom_trigger\"><\/span>","protected":false},"excerpt":{"rendered":"<p>Her finner du ulike saker fra media hvor Hans Holter Solhjell er intervjuet Om \u00e5 roe gr\u00e5tende spedbarn, kolikk og s\u00f8vn http:\/\/www.babyverden.no\/Nyheter\/Fem-tips-for-a-roe-babyen\/ Mer om spedbarn, gr\u00e5t og kolikk.\u00a0 http:\/\/www.kk.no\/mamma\/bor-den-nyfodte-babyen-fortsatt-behandles-som-et-foster-66845784 Om grensesetting http:\/\/www.klikk.no\/foreldre\/foreldreogbarn\/article568552.ece Om viljesterke barn som blir ledere http:\/\/www.klikk.no\/foreldre\/foreldreogbarn\/article611134.ece Om barns utvikling av selvstendighet http:\/\/www.klikk.no\/foreldre\/foreldreogbarn\/article537527.ece http:\/\/www.klikk.no\/foreldre\/barn\/selvstendige-barn-1438329.ece Om internettbruk og media http:\/\/www.dinside.no\/805733\/ny-facebook-advarsel Sp\u00f8rsm\u00e5l eller beskjeder? M\u00e5ter [&hellip;]<\/p>\n","protected":false},"author":2,"featured_media":0,"parent":0,"menu_order":0,"comment_status":"closed","ping_status":"closed","template":"","meta":{"_acf_changed":false,"_et_pb_use_builder":"on","_et_pb_old_content":"","_et_gb_content_width":"","footnotes":""},"class_list":["post-93","page","type-page","status-publish","hentry"],"acf":[],"aioseo_notices":[],"_links":{"self":[{"href":"https:\/\/foreldrekompetanse.no\/en\/wp-json\/wp\/v2\/pages\/93","targetHints":{"allow":["GET"]}}],"collection":[{"href":"https:\/\/foreldrekompetanse.no\/en\/wp-json\/wp\/v2\/pages"}],"about":[{"href":"https:\/\/foreldrekompetanse.no\/en\/wp-json\/wp\/v2\/types\/page"}],"author":[{"embeddable":true,"href":"https:\/\/foreldrekompetanse.no\/en\/wp-json\/wp\/v2\/users\/2"}],"replies":[{"embeddable":true,"href":"https:\/\/foreldrekompetanse.no\/en\/wp-json\/wp\/v2\/comments?post=93"}],"version-history":[{"count":0,"href":"https:\/\/foreldrekompetanse.no\/en\/wp-json\/wp\/v2\/pages\/93\/revisions"}],"wp:attachment":[{"href":"https:\/\/foreldrekompetanse.no\/en\/wp-json\/wp\/v2\/media?parent=93"}],"curies":[{"name":"wp","href":"https:\/\/api.w.org\/{rel}","templated":true}]}}