{"id":118679,"date":"2019-07-13T18:49:44","date_gmt":"2019-07-13T18:49:44","guid":{"rendered":"https:\/\/foreldrekompetanse.no\/?post_type=product&#038;p=118679"},"modified":"2020-01-17T17:42:27","modified_gmt":"2020-01-17T17:42:27","slug":"barn-og-traumer-praktisk-fordypningskurs-4-september-2019","status":"publish","type":"product","link":"https:\/\/foreldrekompetanse.no\/en\/product\/barn-og-traumer-praktisk-fordypningskurs-4-september-2019\/","title":{"rendered":"Barn og traumer praktisk fordypningskurs \u2192 6 kvelder, start Onsdag <strong>4. september 2019<\/strong> kl. 20 \u2013 22."},"content":{"rendered":"<h3>Praktisk fordypning og kompetanse for \u00f8kt trygghet, mestringsf\u00f8lelse og lavere stressniv\u00e5.<\/h3>\n<p><strong>Fokus p\u00e5 dine hverdagslige utfordringer og l\u00f8se disse.<\/strong><\/p>\n<p>Du f\u00e5r jobbet i dybden med problemstillinger du selv opplever i din hverdag og hjelp med \u00e5 l\u00f8se disse. Hovedfokuset i kurset er p\u00e5 hva du kan gj\u00f8re i din hverdag. Og spesielt i de mange potensielle konfliktsituasjonene du opplever om du lever med eller jobber med barn med reguleringsutfordringer, traumer, diagnoser mm.<\/p>\n<p><strong>For foreldre og deg som jobber med barn.<\/strong><\/p>\n<p>Kurset er spesielt aktuelt for deg som jobber i barnehage, skole, barnevern, eller er foreldre til barn med reguleringsutfordringer.<\/p>\n<p><strong>Nettkurs:<\/strong><\/p>\n<p>Kurset er nettbasert med 6 m\u00f8ter p\u00e5 nett. M\u00f8tene er 1 gang i uken, noen ganger hver 14 dag. Hver samling er p\u00e5 2 timer. I tillegg f\u00e5r du videoer, kursbok og oppgaver mellom hver samling. Dette gir deg god tid til \u00e5 fordype det i materialet, \u00f8ve og praktisere, stille sp\u00f8rsm\u00e5l og casehistorier, og f\u00e5 tilbakemeldinger. Du deltar hjemme hos deg selv, fra din datamaskin, ipad, telefon el.<\/p>\n<p><strong>Maksimalt 10 deltagere.<\/strong> For \u00e5 gi deg god personlig oppf\u00f8lging og en god gruppedynamikk er det begrenset antall plasser, kun 10 deltagere.<\/p>\n<div class=\"et_pb_column et_pb_column_1_2 et_pb_column_19 et_pb_css_mix_blend_mode_passthrough\">\n<div class=\"et_pb_module et_pb_text et_pb_text_11 et_pb_bg_layout_light et_pb_text_align_left\">\n<div class=\"et_pb_text_inner\">\n<p>&nbsp;<\/p>\n<p>Kurset er nettbasert med 6 m\u00f8ter p\u00e5 nett.<\/p>\n<p>M\u00f8tene er 1 gang i uken, noen ganger hver 14 dag. Hver samling er p\u00e5 2 timer.<\/p>\n<p>I tillegg f\u00e5r du forelesninger p\u00e5 video, kursbok og oppgaver mellom hver samling.<\/p>\n<\/div>\n<\/div>\n<\/div>\n<div class=\"et_pb_column et_pb_column_1_2 et_pb_column_20 et_pb_css_mix_blend_mode_passthrough\">\n<div class=\"et_pb_module et_pb_text et_pb_text_12 et_pb_bg_layout_light et_pb_text_align_left\">\n<div class=\"et_pb_text_inner\">\n<ul>\n<li>Onsdag 4. september kl. 20 \u2013 22.<\/li>\n<li>Onsdag 11. september kl. 20 \u2013 22.<\/li>\n<li>Onsdag 18. september kl. 20 \u2013 22.<\/li>\n<li>Onsdag 25. september kl. 20 \u2013 22.<\/li>\n<li>Onsdag 2. oktober kl. 20 \u2013 22.<\/li>\n<li>Onsdag 16. oktober kl. 20 \u2013 22.<\/li>\n<\/ul>\n<\/div>\n<\/div>\n<\/div>\n<span class=\"et_bloom_bottom_trigger\"><\/span>","protected":false},"excerpt":{"rendered":"<p>Praktisk fordypning og kompetanse for \u00f8kt trygghet, mestringsf\u00f8lelse og lavere stressniv\u00e5. Fokus p\u00e5 dine hverdagslige utfordringer og l\u00f8se disse. Du f\u00e5r jobbet i dybden med problemstillinger du selv opplever i din hverdag og hjelp med \u00e5 l\u00f8se disse. Hovedfokuset i kurset er p\u00e5 hva du kan gj\u00f8re i din hverdag. Og spesielt i de mange [&hellip;]<\/p>\n","protected":false},"featured_media":32657,"comment_status":"closed","ping_status":"closed","template":"","meta":{"_acf_changed":false,"_et_pb_use_builder":"","_et_pb_old_content":"","_et_gb_content_width":""},"product_brand":[],"product_cat":[61,141],"product_tag":[],"class_list":{"0":"post-118679","1":"product","2":"type-product","3":"status-publish","4":"has-post-thumbnail","6":"product_cat-nettkurs","7":"product_cat-traume-fordypningskurs","9":"first","10":"outofstock","11":"virtual","12":"taxable","13":"purchasable","14":"product-type-simple"},"acf":[],"aioseo_notices":[],"_links":{"self":[{"href":"https:\/\/foreldrekompetanse.no\/en\/wp-json\/wp\/v2\/product\/118679","targetHints":{"allow":["GET"]}}],"collection":[{"href":"https:\/\/foreldrekompetanse.no\/en\/wp-json\/wp\/v2\/product"}],"about":[{"href":"https:\/\/foreldrekompetanse.no\/en\/wp-json\/wp\/v2\/types\/product"}],"replies":[{"embeddable":true,"href":"https:\/\/foreldrekompetanse.no\/en\/wp-json\/wp\/v2\/comments?post=118679"}],"wp:featuredmedia":[{"embeddable":true,"href":"https:\/\/foreldrekompetanse.no\/en\/wp-json\/wp\/v2\/media\/32657"}],"wp:attachment":[{"href":"https:\/\/foreldrekompetanse.no\/en\/wp-json\/wp\/v2\/media?parent=118679"}],"wp:term":[{"taxonomy":"product_brand","embeddable":true,"href":"https:\/\/foreldrekompetanse.no\/en\/wp-json\/wp\/v2\/product_brand?post=118679"},{"taxonomy":"product_cat","embeddable":true,"href":"https:\/\/foreldrekompetanse.no\/en\/wp-json\/wp\/v2\/product_cat?post=118679"},{"taxonomy":"product_tag","embeddable":true,"href":"https:\/\/foreldrekompetanse.no\/en\/wp-json\/wp\/v2\/product_tag?post=118679"}],"curies":[{"name":"wp","href":"https:\/\/api.w.org\/{rel}","templated":true}]}}