{"id":119316,"date":"2019-09-12T17:26:06","date_gmt":"2019-09-12T17:26:06","guid":{"rendered":"https:\/\/foreldrekompetanse.no\/?post_type=product&#038;p=119316"},"modified":"2020-01-17T17:39:30","modified_gmt":"2020-01-17T17:39:30","slug":"nettkurs-traumer-relasjonelt-stress-og-barns-utvikling-11-12-november-2019","status":"publish","type":"product","link":"https:\/\/foreldrekompetanse.no\/en\/product\/nettkurs-traumer-relasjonelt-stress-og-barns-utvikling-11-12-november-2019\/","title":{"rendered":"<strong>Nettkurs<\/strong> Traumer, relasjonelt stress og barns utvikling\u2192<br><strong>Mandag 11. og tirsdag 12. november 2019<\/strong> kl. 14.15-15.45."},"content":{"rendered":"<p>Nettkurset g\u00e5r over 2 ganger. Du deltar fra jobben eller hjemme hos deg selv, fra din datamaskin, ipad, telefon el. Ved p\u00e5melding f\u00e5r du mer informasjon om hvordan du gj\u00f8r dette i praksis, som er veldig enkelt.<\/p>\n<span class=\"et_bloom_bottom_trigger\"><\/span>","protected":false},"excerpt":{"rendered":"<p>Nettkurset g\u00e5r over 2 kvelder. Du deltar hjemme hos deg selv, fra din datamaskin, ipad, telefon el. Ved p\u00e5melding f\u00e5r du mer informasjon om hvordan du gj\u00f8r dette i praksis, som er veldig enkelt.<\/p>","protected":false},"featured_media":24813,"comment_status":"closed","ping_status":"closed","template":"","meta":{"_acf_changed":false,"_et_pb_use_builder":"","_et_pb_old_content":"","_et_gb_content_width":"","_monsterinsights_skip_tracking":false,"_monsterinsights_sitenote_active":false,"_monsterinsights_sitenote_note":"","_monsterinsights_sitenote_category":0},"product_brand":[],"product_cat":[61,53],"product_tag":[119],"class_list":{"0":"post-119316","1":"product","2":"type-product","3":"status-publish","4":"has-post-thumbnail","6":"product_cat-nettkurs","7":"product_cat-trassalder","8":"product_tag-traumer","10":"first","11":"outofstock","12":"virtual","13":"sold-individually","14":"taxable","15":"purchasable","16":"product-type-course"},"acf":[],"aioseo_notices":[],"_links":{"self":[{"href":"https:\/\/foreldrekompetanse.no\/en\/wp-json\/wp\/v2\/product\/119316","targetHints":{"allow":["GET"]}}],"collection":[{"href":"https:\/\/foreldrekompetanse.no\/en\/wp-json\/wp\/v2\/product"}],"about":[{"href":"https:\/\/foreldrekompetanse.no\/en\/wp-json\/wp\/v2\/types\/product"}],"replies":[{"embeddable":true,"href":"https:\/\/foreldrekompetanse.no\/en\/wp-json\/wp\/v2\/comments?post=119316"}],"wp:featuredmedia":[{"embeddable":true,"href":"https:\/\/foreldrekompetanse.no\/en\/wp-json\/wp\/v2\/media\/24813"}],"wp:attachment":[{"href":"https:\/\/foreldrekompetanse.no\/en\/wp-json\/wp\/v2\/media?parent=119316"}],"wp:term":[{"taxonomy":"product_brand","embeddable":true,"href":"https:\/\/foreldrekompetanse.no\/en\/wp-json\/wp\/v2\/product_brand?post=119316"},{"taxonomy":"product_cat","embeddable":true,"href":"https:\/\/foreldrekompetanse.no\/en\/wp-json\/wp\/v2\/product_cat?post=119316"},{"taxonomy":"product_tag","embeddable":true,"href":"https:\/\/foreldrekompetanse.no\/en\/wp-json\/wp\/v2\/product_tag?post=119316"}],"curies":[{"name":"wp","href":"https:\/\/api.w.org\/{rel}","templated":true}]}}