{"id":120249,"date":"2019-12-04T16:34:23","date_gmt":"2019-12-04T16:34:23","guid":{"rendered":"https:\/\/foreldrekompetanse.no\/?post_type=product&#038;p=120249"},"modified":"2020-03-28T11:11:34","modified_gmt":"2020-03-28T11:11:34","slug":"nettkurs-trassalder-konflikter-i-relasjoner-med-barn%e2%86%925-kvelder-start-torsdag-19-mars-2020-kl-20-30-22","status":"publish","type":"product","link":"https:\/\/foreldrekompetanse.no\/en\/product\/nettkurs-trassalder-konflikter-i-relasjoner-med-barn%e2%86%925-kvelder-start-torsdag-19-mars-2020-kl-20-30-22\/","title":{"rendered":"<strong>Nettkurs<\/strong> Trassalder? Konflikter i relasjoner med barn\u21925 videoforedrag du f\u00e5r n\u00e5, kursbok pluss 5 kvelder, start Torsdag <strong>19. mars 2020.<\/strong> kl. 20.30 \u2013 22."},"content":{"rendered":"<p>Webinar, nettkurs over 5 kvelder!<\/p>\n<p>Du kan n\u00e5 delta p\u00e5 dette kurset hjemme i din egen stue. Kurset g\u00e5r over 5 kvelder, 1.5 timer hver gang. Du f\u00e5r ogs\u00e5 tilsendt v\u00e5rt kursbok i forkant av kurset, og tilgang til en lukket facebook gruppe sammen med de andre deltagerene fra kurset. Du kan ogs\u00e5 se opptak fra en kurskveld senere, om du ikke f\u00e5r med deg deler av en kurskveld, eller en dato.<\/p>\n<p>Dette er en super mulighet for alle, og spesielt for deg som bor langt unna v\u00e5re kurssteder, eller ikke s\u00e5 lett kommer deg hjemmefra for \u00e5 delta p\u00e5 kurs.<\/p>\n<p>Tidspunkt: Fra kl. 20.30 til 22 alle kvelder.<\/p>\n<p>Sted: Hjemme hos deg selv!<\/p>\n<span class=\"et_bloom_bottom_trigger\"><\/span>","protected":false},"excerpt":{"rendered":"<p>Du kan n\u00e5 delta p\u00e5 dette kurset hjemme i din egen stue. Kurset g\u00e5r over 5 kvelder, 1.5 timer hver gang. Du f\u00e5r ogs\u00e5 tilsendt v\u00e5rt kursbok i forkant av kurset, og tilgang til en lukket facebook gruppe sammen med de andre deltagerene fra kurset. Du kan ogs\u00e5 se opptak fra en kurskveld senere, om du ikke f\u00e5r med deg deler av en kurskveld, eller en dato.<br \/>\nDette er en super mulighet for alle, og spesielt for deg som bor langt unna v\u00e5re kurssteder, eller ikke s\u00e5 lett kommer deg hjemmefra for \u00e5 delta p\u00e5 kurs.<br \/>\n<strong>Tidspunkt<\/strong>: Fra kl. 20.30 til 22 alle kvelder.<br \/>\n<strong>Sted<\/strong>: Hjemme hos deg selv!<\/p>","protected":false},"featured_media":29205,"comment_status":"closed","ping_status":"closed","template":"","meta":{"_acf_changed":false,"_et_pb_use_builder":"","_et_pb_old_content":"","_et_gb_content_width":""},"product_brand":[],"product_cat":[32,7,61,53],"product_tag":[],"class_list":{"0":"post-120249","1":"product","2":"type-product","3":"status-publish","4":"has-post-thumbnail","6":"product_cat-coupon","7":"product_cat-kurs","8":"product_cat-nettkurs","9":"product_cat-trassalder","11":"first","12":"outofstock","13":"virtual","14":"taxable","15":"purchasable","16":"product-type-simple"},"acf":[],"aioseo_notices":[],"_links":{"self":[{"href":"https:\/\/foreldrekompetanse.no\/en\/wp-json\/wp\/v2\/product\/120249","targetHints":{"allow":["GET"]}}],"collection":[{"href":"https:\/\/foreldrekompetanse.no\/en\/wp-json\/wp\/v2\/product"}],"about":[{"href":"https:\/\/foreldrekompetanse.no\/en\/wp-json\/wp\/v2\/types\/product"}],"replies":[{"embeddable":true,"href":"https:\/\/foreldrekompetanse.no\/en\/wp-json\/wp\/v2\/comments?post=120249"}],"wp:featuredmedia":[{"embeddable":true,"href":"https:\/\/foreldrekompetanse.no\/en\/wp-json\/wp\/v2\/media\/29205"}],"wp:attachment":[{"href":"https:\/\/foreldrekompetanse.no\/en\/wp-json\/wp\/v2\/media?parent=120249"}],"wp:term":[{"taxonomy":"product_brand","embeddable":true,"href":"https:\/\/foreldrekompetanse.no\/en\/wp-json\/wp\/v2\/product_brand?post=120249"},{"taxonomy":"product_cat","embeddable":true,"href":"https:\/\/foreldrekompetanse.no\/en\/wp-json\/wp\/v2\/product_cat?post=120249"},{"taxonomy":"product_tag","embeddable":true,"href":"https:\/\/foreldrekompetanse.no\/en\/wp-json\/wp\/v2\/product_tag?post=120249"}],"curies":[{"name":"wp","href":"https:\/\/api.w.org\/{rel}","templated":true}]}}