{"id":121380,"date":"2020-02-10T11:22:29","date_gmt":"2020-02-10T11:22:29","guid":{"rendered":"https:\/\/foreldrekompetanse.no\/?post_type=product&#038;p=121380"},"modified":"2020-03-28T11:17:02","modified_gmt":"2020-03-28T11:17:02","slug":"online-jesper-juul-minneseminar-23-mars","status":"publish","type":"product","link":"https:\/\/foreldrekompetanse.no\/en\/product\/online-jesper-juul-minneseminar-23-mars\/","title":{"rendered":"Online deltagelse Jesper Juul minneseminar \u2192 Mandag 23. mars."},"content":{"rendered":"<p><img loading=\"lazy\" decoding=\"async\" class=\"alignnone wp-image-121254 size-full\" src=\"https:\/\/foreldrekompetanse.no\/wp-content\/uploads\/2020\/02\/famlab-no_rgbb.png\" alt=\"\" width=\"232\" height=\"64\" srcset=\"https:\/\/foreldrekompetanse.no\/wp-content\/uploads\/2020\/02\/famlab-no_rgbb.png 232w, https:\/\/foreldrekompetanse.no\/wp-content\/uploads\/2020\/02\/famlab-no_rgbb-18x5.png 18w\" sizes=\"(max-width: 232px) 100vw, 232px\" \/><\/p>\n<p>Online deltagelse.<br \/>\nDet er ogs\u00e5 mulig \u00e5 delta online. Vi filmer arrangementet og streamer dette direkte til deg. Vi bruker Zoom til dette, som er lett \u00e5 bruke p\u00e5 din datamaskin, nettbrett eller telefon.<\/p>\n<p>Jesper har betydd mye for barn, foreldre og ogs\u00e5 fagfolk og mij\u00f8er p\u00e5 ulike omr\u00e5der som barnehage, skole, familieterapi og politikk. Vi har invitert fagfolk fra ulike omr\u00e5der til \u00e5 snakke om om Jespers betydning for de selv og sitt fagomr\u00e5de her i Norge.<\/p>\n<p>Vi har med flere spennende innlegg fra Hedvig Montgomery, Kari Pape, Sara Eline Eide og Hans Holter Solhjell.<\/p>\n<div class=\"et_pb_module et_pb_text et_pb_text_1 et_pb_text_align_left et_pb_bg_layout_light\">\n<div class=\"et_pb_text_inner\">\n<p>&nbsp;<\/p>\n<p><strong>Program:<\/strong><\/p>\n<p>16.30: Enkel middag og mingling (egen p\u00e5melding).<br \/>\n17.30: Registrering for seminaret.<br \/>\n18.00 \u2013 21.00:<\/p>\n<ul>\n<li>Arven etter Jesper Juul i Norge og verden ved Hans Holter Solhjell.<\/li>\n<li>Relasjonsarbeid i skolen inspirert av Jesper Juul, ved Sara Eline Eide.<\/li>\n<li>Jesper Juuls betydning for norske barnehager og barnehagepedagogikk ved Kari Pape.<\/li>\n<li>Jespers betydning for norske foreldre, famileterapi og pedagogisk\/psykologisk debatt i norsk offentlighet ved Hedvig Montgomery.<\/li>\n<\/ul>\n<\/div>\n<div class=\"et_pb_module et_pb_text et_pb_text_2 et_pb_text_align_left et_pb_bg_layout_light\">\n<div class=\"et_pb_text_inner\">\n<p>&nbsp;<\/p>\n<p><strong>Pris<\/strong>: 600 kr.<\/p>\n<p>Vi tar en inngangsbillett for \u00e5 dekke utgifter. Arbeidet i forbindelse med dette arrangementet utf\u00f8res p\u00e5 frivillig basis. Et eventuelt overskudd g\u00e5r til SOS barnebyer.<\/p>\n<\/div>\n<\/div>\n<\/div>\n<span class=\"et_bloom_bottom_trigger\"><\/span>","protected":false},"excerpt":{"rendered":"<p>Online deltagelse. Det er ogs\u00e5 mulig \u00e5 delta online. Vi filmer arrangementet og streamer dette direkte til deg. Vi bruker Zoom til dette, som er lett \u00e5 bruke p\u00e5 din datamaskin, nettbrett eller telefon. Jesper har betydd mye for barn, foreldre og ogs\u00e5 fagfolk og mij\u00f8er p\u00e5 ulike omr\u00e5der som barnehage, skole, familieterapi og politikk. [&hellip;]<\/p>\n","protected":false},"featured_media":121260,"comment_status":"closed","ping_status":"closed","template":"","meta":{"_acf_changed":false,"_et_pb_use_builder":"off","_et_pb_old_content":"Vi \u00f8nsker \u00e5 invitere alle som har blitt ber\u00f8rt og inspiret av Jesper Juul og hans arbeide og forfatterskap til et minneseminar for \u00e5 sammen se inn i fremtiden og l\u00e6re av hverandre.\r\n\r\nJesper har betydd mye for barn, foreldre og ogs\u00e5 fagfolk og mij\u00f8er p\u00e5 ulike omr\u00e5der som barnehage, skole, familieterapi og politikk. Vi har invitert fagfolk fra ulike omr\u00e5der til \u00e5 snakke om om Jespers betydning for de selv og sitt fagomr\u00e5de her i Norge.\r\n\r\nVi har med flere spennende innlegg fra Hedvig Montgomery, Kari Pape, Sara Eline Eide og Hans Holter Solhjell.\r\n\r\n<strong>Middag og mingling fra kl. 16.30.<\/strong>\r\n\r\nVi legger opp til en sosial sammenkomst med mulighet for middag fra kl. 16.30. Vi \u00f8nsker alle velkommen og vil skape et m\u00f8tested og mulighet for samtale med deg som har blitt inspirert av Jesper Juul. Vi bestiller pizza fra kafeen i Sentralen, som er veldig god! Vil du v\u00e6re med og \u00f8nsker servering m\u00e5 du registrere deg her. Vi tar 150 kr til dekke av utgifter til mat.\r\n\r\n<strong>Sted<\/strong>: Sentralen, \u00d8vre Slottsgate 3, Oslo.\r\n\r\n<strong>Program:<\/strong>\r\n\r\n16.30: Enkel middag og mingling (egen p\u00e5melding).\r\n17.30: Registrering for seminaret.\r\n18.00 \u2013 21.00:\r\n<ul>\r\n \t<li>Arven etter Jesper Juul i Norge og verden ved Hans Holter Solhjell.<\/li>\r\n \t<li>Relasjonsarbeid i skolen inspirert av Jesper Juul, ved Sara Eline Eide.<\/li>\r\n \t<li>Jesper Juuls betydning for norske barnehager og barnehagepedagogikk ved Kari Pape.<\/li>\r\n \t<li>Jespers betydning for norske foreldre, famileterapi og pedagogisk\/psykologisk debatt i norsk offentlighet ved Hedvig Montgomery.<\/li>\r\n<\/ul>\r\n<div class=\"et_pb_module et_pb_text et_pb_text_2 et_pb_text_align_left et_pb_bg_layout_light\">\r\n<div class=\"et_pb_text_inner\">\r\n\r\n\u00a0\r\n\r\n<strong>Pris<\/strong>: 600 kr.\r\n\r\nVi tar en inngangsbillett for \u00e5 dekke utgifter. Arbeidet i forbindelse med dette arrangementet utf\u00f8res p\u00e5 frivillig basis. Et eventuelt overskudd g\u00e5r til SOS barnebyer.\r\n\r\n<\/div>\r\n<\/div>","_et_gb_content_width":"","_monsterinsights_skip_tracking":false,"_monsterinsights_sitenote_active":false,"_monsterinsights_sitenote_note":"","_monsterinsights_sitenote_category":0},"product_brand":[],"product_cat":[139,61],"product_tag":[],"class_list":{"0":"post-121380","1":"product","2":"type-product","3":"status-publish","4":"has-post-thumbnail","6":"product_cat-barn-og-traumer","7":"product_cat-nettkurs","9":"first","10":"outofstock","11":"virtual","12":"taxable","13":"purchasable","14":"product-type-simple"},"acf":[],"aioseo_notices":[],"_links":{"self":[{"href":"https:\/\/foreldrekompetanse.no\/en\/wp-json\/wp\/v2\/product\/121380","targetHints":{"allow":["GET"]}}],"collection":[{"href":"https:\/\/foreldrekompetanse.no\/en\/wp-json\/wp\/v2\/product"}],"about":[{"href":"https:\/\/foreldrekompetanse.no\/en\/wp-json\/wp\/v2\/types\/product"}],"replies":[{"embeddable":true,"href":"https:\/\/foreldrekompetanse.no\/en\/wp-json\/wp\/v2\/comments?post=121380"}],"wp:featuredmedia":[{"embeddable":true,"href":"https:\/\/foreldrekompetanse.no\/en\/wp-json\/wp\/v2\/media\/121260"}],"wp:attachment":[{"href":"https:\/\/foreldrekompetanse.no\/en\/wp-json\/wp\/v2\/media?parent=121380"}],"wp:term":[{"taxonomy":"product_brand","embeddable":true,"href":"https:\/\/foreldrekompetanse.no\/en\/wp-json\/wp\/v2\/product_brand?post=121380"},{"taxonomy":"product_cat","embeddable":true,"href":"https:\/\/foreldrekompetanse.no\/en\/wp-json\/wp\/v2\/product_cat?post=121380"},{"taxonomy":"product_tag","embeddable":true,"href":"https:\/\/foreldrekompetanse.no\/en\/wp-json\/wp\/v2\/product_tag?post=121380"}],"curies":[{"name":"wp","href":"https:\/\/api.w.org\/{rel}","templated":true}]}}