{"id":121973,"date":"2020-06-22T08:22:23","date_gmt":"2020-06-22T07:22:23","guid":{"rendered":"https:\/\/foreldrekompetanse.no\/?post_type=product&#038;p=121973"},"modified":"2024-09-04T20:47:06","modified_gmt":"2024-09-04T18:47:06","slug":"pls-modellen-plakat","status":"publish","type":"product","link":"https:\/\/foreldrekompetanse.no\/en\/product\/pls-modellen-plakat\/","title":{"rendered":"PLS modellen i A3 + A4"},"content":{"rendered":"<p>[et_pb_section fb_built=&#8221;1&#8243; _builder_version=&#8221;3.22&#8243; custom_padding=&#8221;0px||||false|false&#8221; global_colors_info=&#8221;{}&#8221;][et_pb_row _builder_version=&#8221;3.25&#8243; background_size=&#8221;initial&#8221; background_position=&#8221;top_left&#8221; background_repeat=&#8221;repeat&#8221; width=&#8221;100%&#8221; custom_padding=&#8221;0px||0px||false|false&#8221; global_colors_info=&#8221;{}&#8221;][et_pb_column type=&#8221;4_4&#8243; _builder_version=&#8221;3.25&#8243; custom_padding=&#8221;|||&#8221; global_colors_info=&#8221;{}&#8221; custom_padding__hover=&#8221;|||&#8221;][et_pb_wc_breadcrumb _builder_version=&#8221;3.0.47&#8243; global_colors_info=&#8221;{}&#8221;][\/et_pb_wc_breadcrumb][et_pb_wc_cart_notice _builder_version=&#8221;3.0.47&#8243; global_colors_info=&#8221;{}&#8221;][\/et_pb_wc_cart_notice][\/et_pb_column][\/et_pb_row][et_pb_row column_structure=&#8221;1_2,1_2&#8243; make_equal=&#8221;on&#8221; _builder_version=&#8221;4.4.8&#8243; background_size=&#8221;initial&#8221; background_position=&#8221;top_left&#8221; background_repeat=&#8221;repeat&#8221; width=&#8221;100%&#8221; custom_padding=&#8221;0px||||false|false&#8221; custom_css_main_element=&#8221;align-items:center;&#8221; global_colors_info=&#8221;{}&#8221;][et_pb_column type=&#8221;1_2&#8243; _builder_version=&#8221;3.25&#8243; custom_padding=&#8221;|||&#8221; global_colors_info=&#8221;{}&#8221; custom_padding__hover=&#8221;|||&#8221;][et_pb_wc_images show_product_gallery=&#8221;off&#8221; force_fullwidth=&#8221;on&#8221; _builder_version=&#8221;4.4.8&#8243; global_colors_info=&#8221;{}&#8221;][\/et_pb_wc_images][\/et_pb_column][et_pb_column type=&#8221;1_2&#8243; _builder_version=&#8221;3.25&#8243; custom_padding=&#8221;|||&#8221; global_colors_info=&#8221;{}&#8221; custom_padding__hover=&#8221;|||&#8221;][et_pb_wc_title _builder_version=&#8221;3.0.47&#8243; global_colors_info=&#8221;{}&#8221;][\/et_pb_wc_title][et_pb_wc_price _builder_version=&#8221;3.0.47&#8243; global_colors_info=&#8221;{}&#8221;][\/et_pb_wc_price][\/et_pb_column][\/et_pb_row][et_pb_row _builder_version=&#8221;3.25&#8243; background_size=&#8221;initial&#8221; background_position=&#8221;top_left&#8221; background_repeat=&#8221;repeat&#8221; width=&#8221;100%&#8221; custom_padding=&#8221;0px||||false|false&#8221; global_colors_info=&#8221;{}&#8221;][et_pb_column type=&#8221;4_4&#8243; _builder_version=&#8221;3.25&#8243; custom_padding=&#8221;|||&#8221; global_colors_info=&#8221;{}&#8221; custom_padding__hover=&#8221;|||&#8221;][et_pb_wc_description _builder_version=&#8221;4.4.8&#8243; global_colors_info=&#8221;{}&#8221;][\/et_pb_wc_description][et_pb_button button_url=&#8221;https:\/\/foreldrekompetanse.no\/bestill-pls-kursbok-og-plakater\/&#8221; button_text=&#8221;Bestill her!&#8221; _builder_version=&#8221;4.9.7&#8243; global_colors_info=&#8221;{}&#8221;][\/et_pb_button][\/et_pb_column][\/et_pb_row][et_pb_row _builder_version=&#8221;3.25&#8243; background_size=&#8221;initial&#8221; background_position=&#8221;top_left&#8221; background_repeat=&#8221;repeat&#8221; width=&#8221;100%&#8221; global_colors_info=&#8221;{}&#8221;][et_pb_column type=&#8221;4_4&#8243; _builder_version=&#8221;3.25&#8243; custom_padding=&#8221;|||&#8221; global_colors_info=&#8221;{}&#8221; custom_padding__hover=&#8221;|||&#8221;][et_pb_wc_related_products _builder_version=&#8221;4.4.8&#8243; global_colors_info=&#8221;{}&#8221;][\/et_pb_wc_related_products][\/et_pb_column][\/et_pb_row][\/et_pb_section]<\/p>\n<span class=\"et_bloom_bottom_trigger\"><\/span>","protected":false},"excerpt":{"rendered":"<h3>PLS reguleringsst\u00f8ttemodellen i A3 + A4<\/h3>\n<p>Plakaten illustrerer PLS reguleringsst\u00f8ttemodellen, som du l\u00e6rer om i kursbokt og p\u00e5 v\u00e5re kurs. Den hjelper deg \u00e5 forst\u00e5 og huske modellen, og er ogs\u00e5 inspirerende med tanke p\u00e5 \u00e5 l\u00e6re dette i praksis.<\/p>\n<p>Den er ogs\u00e5 nyttige for \u00e5 forklare om reguleringsst\u00f8tte og konfliktl\u00f8sning videre til andre, ogs\u00e5 for de som har ansvar for \u00e5 veilede foreldre og ansatte i barnehage og skole.<\/p>\n<p>Du f\u00e5r plakaten b\u00e5de i A3 versjon og i A4 versjon.<\/p>","protected":false},"featured_media":124651,"comment_status":"closed","ping_status":"closed","template":"","meta":{"_acf_changed":false,"_et_pb_use_builder":"on","_et_pb_old_content":"<h3>PLS reguleringsst\u00f8ttemodellen i A3 + A4<\/h3>\r\n[show_more more=\"Les mer her\" less=\"X\" color=\"#000000\" align=\"center\"]\r\nPlakaten illustrerer PLS reguleringsst\u00f8ttemodellen, som du l\u00e6rer om i kursbokt og p\u00e5 v\u00e5re kurs. Den hjelper deg \u00e5 forst\u00e5 og huske modellen, og er ogs\u00e5 inspirerende med tanke p\u00e5 \u00e5 l\u00e6re dette i praksis.\r\n\r\nDen er ogs\u00e5 nyttige for \u00e5 forklare om reguleringsst\u00f8tte og konfliktl\u00f8sning videre til andre, ogs\u00e5 for de som har ansvar for \u00e5 veilede foreldre og ansatte i barnehage og skole.\r\n\r\nDu f\u00e5r plakaten b\u00e5de i A3 versjon og i A4 versjon.\r\n[\/show_more]","_et_gb_content_width":""},"product_brand":[],"product_cat":[172,170],"product_tag":[],"class_list":{"0":"post-121973","1":"product","2":"type-product","3":"status-publish","4":"has-post-thumbnail","6":"product_cat-plakat","7":"product_cat-pls","9":"first","10":"outofstock","11":"taxable","12":"shipping-taxable","13":"purchasable","14":"product-type-simple"},"acf":[],"aioseo_notices":[],"_links":{"self":[{"href":"https:\/\/foreldrekompetanse.no\/en\/wp-json\/wp\/v2\/product\/121973","targetHints":{"allow":["GET"]}}],"collection":[{"href":"https:\/\/foreldrekompetanse.no\/en\/wp-json\/wp\/v2\/product"}],"about":[{"href":"https:\/\/foreldrekompetanse.no\/en\/wp-json\/wp\/v2\/types\/product"}],"replies":[{"embeddable":true,"href":"https:\/\/foreldrekompetanse.no\/en\/wp-json\/wp\/v2\/comments?post=121973"}],"wp:featuredmedia":[{"embeddable":true,"href":"https:\/\/foreldrekompetanse.no\/en\/wp-json\/wp\/v2\/media\/124651"}],"wp:attachment":[{"href":"https:\/\/foreldrekompetanse.no\/en\/wp-json\/wp\/v2\/media?parent=121973"}],"wp:term":[{"taxonomy":"product_brand","embeddable":true,"href":"https:\/\/foreldrekompetanse.no\/en\/wp-json\/wp\/v2\/product_brand?post=121973"},{"taxonomy":"product_cat","embeddable":true,"href":"https:\/\/foreldrekompetanse.no\/en\/wp-json\/wp\/v2\/product_cat?post=121973"},{"taxonomy":"product_tag","embeddable":true,"href":"https:\/\/foreldrekompetanse.no\/en\/wp-json\/wp\/v2\/product_tag?post=121973"}],"curies":[{"name":"wp","href":"https:\/\/api.w.org\/{rel}","templated":true}]}}