{"id":123020,"date":"2021-01-09T12:26:23","date_gmt":"2021-01-09T11:26:23","guid":{"rendered":"https:\/\/foreldrekompetanse.no\/?post_type=product&#038;p=123020"},"modified":"2024-09-04T20:46:53","modified_gmt":"2024-09-04T18:46:53","slug":"plakat-av-perspektivspiralen","status":"publish","type":"product","link":"https:\/\/foreldrekompetanse.no\/en\/product\/plakat-av-perspektivspiralen\/","title":{"rendered":"Perspektivspiralen i A3 + A4"},"content":{"rendered":"<p>[et_pb_section fb_built=&#8221;1&#8243; _builder_version=&#8221;4.16&#8243; custom_padding=&#8221;0px||||false|false&#8221; global_colors_info=&#8221;{}&#8221;][et_pb_row _builder_version=&#8221;4.16&#8243; background_size=&#8221;initial&#8221; background_position=&#8221;top_left&#8221; background_repeat=&#8221;repeat&#8221; width=&#8221;100%&#8221; custom_padding=&#8221;0px||0px||false|false&#8221; global_colors_info=&#8221;{}&#8221;][et_pb_column type=&#8221;4_4&#8243; _builder_version=&#8221;4.16&#8243; custom_padding=&#8221;|||&#8221; global_colors_info=&#8221;{}&#8221; custom_padding__hover=&#8221;|||&#8221;][et_pb_wc_breadcrumb _builder_version=&#8221;4.16&#8243; global_colors_info=&#8221;{}&#8221;][\/et_pb_wc_breadcrumb][et_pb_wc_cart_notice _builder_version=&#8221;4.16&#8243; global_colors_info=&#8221;{}&#8221;][\/et_pb_wc_cart_notice][\/et_pb_column][\/et_pb_row][et_pb_row column_structure=&#8221;1_2,1_2&#8243; make_equal=&#8221;on&#8221; _builder_version=&#8221;4.16&#8243; background_size=&#8221;initial&#8221; background_position=&#8221;top_left&#8221; background_repeat=&#8221;repeat&#8221; width=&#8221;100%&#8221; custom_padding=&#8221;0px||||false|false&#8221; custom_css_main_element=&#8221;align-items:center;&#8221; global_colors_info=&#8221;{}&#8221;][et_pb_column type=&#8221;1_2&#8243; _builder_version=&#8221;4.16&#8243; custom_padding=&#8221;|||&#8221; global_colors_info=&#8221;{}&#8221; custom_padding__hover=&#8221;|||&#8221;][et_pb_wc_images show_product_gallery=&#8221;off&#8221; force_fullwidth=&#8221;on&#8221; _builder_version=&#8221;4.16&#8243; global_colors_info=&#8221;{}&#8221;][\/et_pb_wc_images][\/et_pb_column][et_pb_column type=&#8221;1_2&#8243; _builder_version=&#8221;4.16&#8243; custom_padding=&#8221;|||&#8221; global_colors_info=&#8221;{}&#8221; custom_padding__hover=&#8221;|||&#8221;][et_pb_wc_title _builder_version=&#8221;4.16&#8243; global_colors_info=&#8221;{}&#8221;][\/et_pb_wc_title][et_pb_wc_price _builder_version=&#8221;4.16&#8243; global_colors_info=&#8221;{}&#8221;][\/et_pb_wc_price][\/et_pb_column][\/et_pb_row][et_pb_row _builder_version=&#8221;4.16&#8243; background_size=&#8221;initial&#8221; background_position=&#8221;top_left&#8221; background_repeat=&#8221;repeat&#8221; width=&#8221;100%&#8221; custom_padding=&#8221;0px||||false|false&#8221; global_colors_info=&#8221;{}&#8221;][et_pb_column type=&#8221;4_4&#8243; _builder_version=&#8221;4.16&#8243; custom_padding=&#8221;|||&#8221; global_colors_info=&#8221;{}&#8221; custom_padding__hover=&#8221;|||&#8221;][et_pb_wc_description admin_label=&#8221;woo description&#8221; _builder_version=&#8221;4.16&#8243; global_colors_info=&#8221;{}&#8221;][\/et_pb_wc_description][et_pb_button button_url=&#8221;https:\/\/foreldrekompetanse.no\/bestill-pls-kursbok-og-plakater\/&#8221; button_text=&#8221;Bestill her!&#8221; _builder_version=&#8221;4.16&#8243; global_colors_info=&#8221;{}&#8221;][\/et_pb_button][\/et_pb_column][\/et_pb_row][et_pb_row _builder_version=&#8221;4.16&#8243; background_size=&#8221;initial&#8221; background_position=&#8221;top_left&#8221; background_repeat=&#8221;repeat&#8221; width=&#8221;100%&#8221; global_colors_info=&#8221;{}&#8221;][et_pb_column type=&#8221;4_4&#8243; _builder_version=&#8221;4.16&#8243; custom_padding=&#8221;|||&#8221; global_colors_info=&#8221;{}&#8221; custom_padding__hover=&#8221;|||&#8221;][et_pb_wc_related_products posts_number=&#8221;5&#8243; columns_number=&#8221;5&#8243; _builder_version=&#8221;4.16&#8243; global_colors_info=&#8221;{}&#8221;][\/et_pb_wc_related_products][\/et_pb_column][\/et_pb_row][\/et_pb_section]<\/p>\n<span class=\"et_bloom_bottom_trigger\"><\/span>","protected":false},"excerpt":{"rendered":"<h3>Perspektivspiralen i A3+A4<\/h3>\n<p>Perspektivspiralen illustrerer ferdighetene du trenger for \u00e5 ut\u00f8ve perspektivtagning, anerkjennende kommunikasjon og empati i praksis. Og gj\u00f8r det lettere \u00e5 forst\u00e5 hvordan du kan f\u00e5 det til ogs\u00e5 n\u00e5r det virker vanskelig i krevende situasjoner.<\/p>\n<p>Perspektivspiralen dreier seg om hvordan vi voksne kan:<\/p>\n<ul style=\"list-style-type: none;\">\n<li>-Forst\u00e5 barns perspektiv og opplevelse bedre og mer presist.<\/li>\n<li>-Kommunisere bedre med barn om deres perspektiv og opplevelse gjennom bruk av perspektivtagende, anerkjennende kommunikasjon.<\/li>\n<li>-Hjelpe barn \u00e5 utvikle spr\u00e5k for sitt eget perspektiv, opplevelse og f\u00f8lelser.<\/li>\n<li>-Gj\u00f8re bedre og mer tilpassede sm\u00e5 og store tiltak og beslutninger som inkluderer barnets behov og perspektiv, medvirkning og autonomist\u00f8tte.<\/li>\n<\/ul>\n<p>Plakaten er ogs\u00e5 nyttige for \u00e5 forklare perspektivtagning og anerkjennende kommunikasjon videre til andre, for de som har ansvar for \u00e5 veilede foreldre og ansatte i barnehage og skole.<\/p>\n<p>Plakaten kommer i to versjoner, en med barn i barnehagealder og en med ungdom.<\/p>\n<p>Du f\u00e5r tilsendt plakaten b\u00e5de i A3 format og A4 format.<\/p>","protected":false},"featured_media":124649,"comment_status":"closed","ping_status":"closed","template":"","meta":{"_acf_changed":false,"_et_pb_use_builder":"on","_et_pb_old_content":"<h3>Perspektivspiralen i A3+A4<\/h3>\r\n[show_more more=\"Les mer her\" less=\"X\" color=\"#000000\" align=\"center\"]\r\n\r\nPerspektivspiralen illustrerer ferdighetene du trenger for \u00e5 ut\u00f8ve perspektivtagning, anerkjennende kommunikasjon og empati i praksis. Og gj\u00f8r det lettere \u00e5 forst\u00e5 hvordan du kan f\u00e5 det til ogs\u00e5 n\u00e5r det virker vanskelig i krevende situasjoner.\r\n\r\nPerspektivspiralen dreier seg om hvordan vi voksne kan:\r\n<ul>\r\n \t<li>-Forst\u00e5 barns perspektiv og opplevelse bedre og mer presist.<\/li>\r\n \t<li>-Kommunisere bedre med barn om deres perspektiv og opplevelse gjennom bruk av perspektivtagende, anerkjennende kommunikasjon.<\/li>\r\n \t<li>-Hjelpe barn \u00e5 utvikle spr\u00e5k for sitt eget perspektiv, opplevelse og f\u00f8lelser.<\/li>\r\n \t<li>-Gj\u00f8re bedre og mer tilpassede sm\u00e5 og store tiltak og beslutninger som inkluderer barnets behov og perspektiv, medvirkning og autonomist\u00f8tte.<\/li>\r\n<\/ul>\r\nPlakaten er ogs\u00e5 nyttige for \u00e5 forklare perspektivtagning og anerkjennende kommunikasjon videre til andre, for de som har ansvar for \u00e5 veilede foreldre og ansatte i barnehage og skole.\r\n\r\nPlakaten kommer i to versjoner, en med barn i barnehagealder og en med ungdom.\r\n\r\nDu f\u00e5r tilsendt plakaten b\u00e5de i A3 format og A4 format.\r\n\r\n[\/show_more]","_et_gb_content_width":""},"product_brand":[],"product_cat":[172,170],"product_tag":[],"class_list":{"0":"post-123020","1":"product","2":"type-product","3":"status-publish","4":"has-post-thumbnail","6":"product_cat-plakat","7":"product_cat-pls","9":"first","10":"outofstock","11":"taxable","12":"shipping-taxable","13":"purchasable","14":"product-type-simple"},"acf":[],"aioseo_notices":[],"_links":{"self":[{"href":"https:\/\/foreldrekompetanse.no\/en\/wp-json\/wp\/v2\/product\/123020","targetHints":{"allow":["GET"]}}],"collection":[{"href":"https:\/\/foreldrekompetanse.no\/en\/wp-json\/wp\/v2\/product"}],"about":[{"href":"https:\/\/foreldrekompetanse.no\/en\/wp-json\/wp\/v2\/types\/product"}],"replies":[{"embeddable":true,"href":"https:\/\/foreldrekompetanse.no\/en\/wp-json\/wp\/v2\/comments?post=123020"}],"wp:featuredmedia":[{"embeddable":true,"href":"https:\/\/foreldrekompetanse.no\/en\/wp-json\/wp\/v2\/media\/124649"}],"wp:attachment":[{"href":"https:\/\/foreldrekompetanse.no\/en\/wp-json\/wp\/v2\/media?parent=123020"}],"wp:term":[{"taxonomy":"product_brand","embeddable":true,"href":"https:\/\/foreldrekompetanse.no\/en\/wp-json\/wp\/v2\/product_brand?post=123020"},{"taxonomy":"product_cat","embeddable":true,"href":"https:\/\/foreldrekompetanse.no\/en\/wp-json\/wp\/v2\/product_cat?post=123020"},{"taxonomy":"product_tag","embeddable":true,"href":"https:\/\/foreldrekompetanse.no\/en\/wp-json\/wp\/v2\/product_tag?post=123020"}],"curies":[{"name":"wp","href":"https:\/\/api.w.org\/{rel}","templated":true}]}}