{"id":124147,"date":"2021-03-23T11:39:23","date_gmt":"2021-03-23T10:39:23","guid":{"rendered":"https:\/\/foreldrekompetanse.no\/?post_type=product&#038;p=124147"},"modified":"2024-09-04T20:46:25","modified_gmt":"2024-09-04T18:46:25","slug":"en-av-hver-plakat","status":"publish","type":"product","link":"https:\/\/foreldrekompetanse.no\/en\/product\/en-av-hver-plakat\/","title":{"rendered":"En av hver plakat i A3 + A4"},"content":{"rendered":"<p>1 \u00d7 <a href=\"https:\/\/foreldrekompetanse.no\/en\/product\/plakat-av-perspektivspiralen\/\">Perspektivspiralen i A3 + A4<\/a><\/p>\n<p>1 \u00d7 <a href=\"https:\/\/foreldrekompetanse.no\/en\/product\/pls-reguleringsstottemodellen-plakat\/\">PLS reguleringsst\u00f8ttemodellen i A3 + A4<\/a><\/p>\n<p>1 \u00d7 <a href=\"https:\/\/foreldrekompetanse.no\/en\/product\/responstrakten-plakat\/\">Responstrakten i A3 + A4<\/a><\/p>\n<p>1 \u00d7 <a href=\"https:\/\/foreldrekompetanse.no\/en\/product\/pls-oversikt-og-oppsummering\/\">PLS oversikt og oppsummering i A3 + A4<\/a><\/p>\n<span class=\"et_bloom_bottom_trigger\"><\/span>","protected":false},"excerpt":{"rendered":"<p>1 \u00d7 Perspektivspiralen i A3 + A4 1 \u00d7 PLS reguleringsst\u00f8ttemodellen i A3 + A4 1 \u00d7 Responstrakten i A3 + A4 1 \u00d7 PLS oversikt og oppsummering i A3 + A4<\/p>","protected":false},"featured_media":124724,"comment_status":"closed","ping_status":"closed","template":"","meta":{"_acf_changed":false,"_et_pb_use_builder":"","_et_pb_old_content":"","_et_gb_content_width":""},"product_brand":[],"product_cat":[172,170],"product_tag":[],"class_list":{"0":"post-124147","1":"product","2":"type-product","3":"status-publish","4":"has-post-thumbnail","6":"product_cat-plakat","7":"product_cat-pls","9":"first","10":"outofstock","11":"taxable","12":"shipping-taxable","13":"purchasable","14":"product-type-simple"},"acf":[],"aioseo_notices":[],"_links":{"self":[{"href":"https:\/\/foreldrekompetanse.no\/en\/wp-json\/wp\/v2\/product\/124147","targetHints":{"allow":["GET"]}}],"collection":[{"href":"https:\/\/foreldrekompetanse.no\/en\/wp-json\/wp\/v2\/product"}],"about":[{"href":"https:\/\/foreldrekompetanse.no\/en\/wp-json\/wp\/v2\/types\/product"}],"replies":[{"embeddable":true,"href":"https:\/\/foreldrekompetanse.no\/en\/wp-json\/wp\/v2\/comments?post=124147"}],"wp:featuredmedia":[{"embeddable":true,"href":"https:\/\/foreldrekompetanse.no\/en\/wp-json\/wp\/v2\/media\/124724"}],"wp:attachment":[{"href":"https:\/\/foreldrekompetanse.no\/en\/wp-json\/wp\/v2\/media?parent=124147"}],"wp:term":[{"taxonomy":"product_brand","embeddable":true,"href":"https:\/\/foreldrekompetanse.no\/en\/wp-json\/wp\/v2\/product_brand?post=124147"},{"taxonomy":"product_cat","embeddable":true,"href":"https:\/\/foreldrekompetanse.no\/en\/wp-json\/wp\/v2\/product_cat?post=124147"},{"taxonomy":"product_tag","embeddable":true,"href":"https:\/\/foreldrekompetanse.no\/en\/wp-json\/wp\/v2\/product_tag?post=124147"}],"curies":[{"name":"wp","href":"https:\/\/api.w.org\/{rel}","templated":true}]}}