{"id":125138,"date":"2021-10-16T07:52:24","date_gmt":"2021-10-16T05:52:24","guid":{"rendered":"https:\/\/foreldrekompetanse.no\/?post_type=product&#038;p=125138"},"modified":"2024-09-04T21:10:59","modified_gmt":"2024-09-04T19:10:59","slug":"famlab-konferanse-opptak-november-2021","status":"publish","type":"product","link":"https:\/\/foreldrekompetanse.no\/en\/product\/famlab-konferanse-opptak-november-2021\/","title":{"rendered":"FAMLAB konferanse opptak | november 2021."},"content":{"rendered":"<h2>Foredrag og gruppesesjoner<\/h2>\n<p>Hver kveld har vi et foredrag og en gruppesesjon med mulighet til \u00e5 stille sp\u00f8rsm\u00e5l og f\u00e5 svar fra en av v\u00e5re veiledere! Foredragene g\u00e5r fra kl. 19.30 \u2013 20.30. Gruppesesjonene g\u00e5r fra kl. 21 \u2013 22.<\/p>\n<span class=\"et_bloom_bottom_trigger\"><\/span>","protected":false},"excerpt":{"rendered":"<h2>Foredragene du kan delta p\u00e5!<\/h2>\n<ul style=\"list-style-type: none;\">\n<li>-Konfliktl\u00f8sning, reguleringsst\u00f8tte og hjernens utvikling<\/li>\n<li>-Hva er empati og hva er det ikke?<\/li>\n<li>-Skolevegring<\/li>\n<li>-Perspektivspiralen, perspektivtagning og anerkjennende kommunikasjon<\/li>\n<li>-En mors erfaring med \u00e5 ha barn som oppleves utfordrende for barnehage og skole<\/li>\n<\/ul>","protected":false},"featured_media":125248,"comment_status":"closed","ping_status":"closed","template":"","meta":{"_acf_changed":false,"_et_pb_use_builder":"off","_et_pb_old_content":"<h2>Foredrag og gruppesesjoner<\/h2>\r\nHver kveld har vi et foredrag og en gruppesesjon med mulighet til \u00e5 stille sp\u00f8rsm\u00e5l og f\u00e5 svar fra en av v\u00e5re veiledere!\r\n\r\nForedragene g\u00e5r fra kl. 19.30 \u2013 20.30.\r\nGruppesesjonene g\u00e5r fra kl. 21 \u2013 22.","_et_gb_content_width":""},"product_brand":[],"product_cat":[185,183],"product_tag":[],"class_list":{"0":"post-125138","1":"product","2":"type-product","3":"status-publish","4":"has-post-thumbnail","6":"product_cat-famlab","7":"product_cat-famlab-konferanse","9":"first","10":"instock","11":"virtual","12":"purchasable","13":"product-type-simple"},"acf":[],"aioseo_notices":[],"_links":{"self":[{"href":"https:\/\/foreldrekompetanse.no\/en\/wp-json\/wp\/v2\/product\/125138","targetHints":{"allow":["GET"]}}],"collection":[{"href":"https:\/\/foreldrekompetanse.no\/en\/wp-json\/wp\/v2\/product"}],"about":[{"href":"https:\/\/foreldrekompetanse.no\/en\/wp-json\/wp\/v2\/types\/product"}],"replies":[{"embeddable":true,"href":"https:\/\/foreldrekompetanse.no\/en\/wp-json\/wp\/v2\/comments?post=125138"}],"wp:featuredmedia":[{"embeddable":true,"href":"https:\/\/foreldrekompetanse.no\/en\/wp-json\/wp\/v2\/media\/125248"}],"wp:attachment":[{"href":"https:\/\/foreldrekompetanse.no\/en\/wp-json\/wp\/v2\/media?parent=125138"}],"wp:term":[{"taxonomy":"product_brand","embeddable":true,"href":"https:\/\/foreldrekompetanse.no\/en\/wp-json\/wp\/v2\/product_brand?post=125138"},{"taxonomy":"product_cat","embeddable":true,"href":"https:\/\/foreldrekompetanse.no\/en\/wp-json\/wp\/v2\/product_cat?post=125138"},{"taxonomy":"product_tag","embeddable":true,"href":"https:\/\/foreldrekompetanse.no\/en\/wp-json\/wp\/v2\/product_tag?post=125138"}],"curies":[{"name":"wp","href":"https:\/\/api.w.org\/{rel}","templated":true}]}}