{"id":127949,"date":"2023-03-07T16:47:36","date_gmt":"2023-03-07T15:47:36","guid":{"rendered":"https:\/\/foreldrekompetanse.no\/?post_type=product&#038;p=127949"},"modified":"2026-01-06T10:41:33","modified_gmt":"2026-01-06T09:41:33","slug":"reguleringsstotte-praktisk-fordypningskurs","status":"publish","type":"product","link":"https:\/\/foreldrekompetanse.no\/en\/product\/reguleringsstotte-praktisk-fordypningskurs\/","title":{"rendered":"Konfliktl\u00f8sning og reguleringsst\u00f8tte. Fordypningskurs"},"content":{"rendered":"<h3>Praktisk fordypning og kompetanse for \u00f8kt trygghet, mestringsf\u00f8lelse og lavere stressniv\u00e5.<\/h3>\n<p><strong>Fokus p\u00e5 dine hverdagslige utfordringer og l\u00f8se disse.<\/strong><\/p>\n<p>Du f\u00e5r jobbet i dybden med problemstillinger du selv opplever i din hverdag og hjelp med \u00e5 l\u00f8se disse. Hovedfokuset i kurset er p\u00e5 hva du kan gj\u00f8re i din hverdag. Og spesielt i de mange potensielle konfliktsituasjonene du opplever om du lever med eller jobber med barn med reguleringsutfordringer, traumer, diagnoser mm.<\/p>\n<p><strong>For foreldre og deg som jobber med barn.<\/strong><\/p>\n<p>Kurset er spesielt aktuelt for deg som jobber i barnehage, skole, barnevern, eller er foreldre til barn med reguleringsutfordringer.<\/p>\n<p><strong>Nettkurs:<\/strong><\/p>\n<p>Kurset er nettbasert med 6 m\u00f8ter p\u00e5 nett. M\u00f8tene er 1 gang i uken, noen ganger hver 14 dag. Hver samling er p\u00e5 2 timer. I tillegg f\u00e5r du videoer, kursbok og oppgaver mellom hver samling. Dette gir deg god tid til \u00e5 fordype det i materialet, \u00f8ve og praktisere, stille sp\u00f8rsm\u00e5l og casehistorier, og f\u00e5 tilbakemeldinger. Du deltar hjemme hos deg selv, fra din datamaskin, ipad, telefon el.<\/p>\n<span class=\"et_bloom_bottom_trigger\"><\/span>","protected":false},"excerpt":{"rendered":"<p>Praktisk fordypning og kompetanse for \u00f8kt trygghet, mestringsf\u00f8lelse og lavere stressniv\u00e5. Fokus p\u00e5 dine hverdagslige utfordringer og l\u00f8se disse. Du f\u00e5r jobbet i dybden med problemstillinger du selv opplever i din hverdag og hjelp med \u00e5 l\u00f8se disse. Hovedfokuset i kurset er p\u00e5 hva du kan gj\u00f8re i din hverdag. Og spesielt i de mange [&hellip;]<\/p>\n","protected":false},"featured_media":128197,"comment_status":"closed","ping_status":"closed","template":"","meta":{"_acf_changed":false,"_et_pb_use_builder":"","_et_pb_old_content":"","_et_gb_content_width":"","_monsterinsights_skip_tracking":false,"_monsterinsights_sitenote_active":false,"_monsterinsights_sitenote_note":"","_monsterinsights_sitenote_category":0},"product_brand":[],"product_cat":[61,315],"product_tag":[159],"class_list":{"0":"post-127949","1":"product","2":"type-product","3":"status-publish","4":"has-post-thumbnail","6":"product_cat-nettkurs","7":"product_cat-pls-fordypningskurs","8":"product_tag-nettkurs","10":"first","11":"instock","12":"sale","13":"purchasable","14":"product-type-simple"},"acf":[],"aioseo_notices":[],"_links":{"self":[{"href":"https:\/\/foreldrekompetanse.no\/en\/wp-json\/wp\/v2\/product\/127949","targetHints":{"allow":["GET"]}}],"collection":[{"href":"https:\/\/foreldrekompetanse.no\/en\/wp-json\/wp\/v2\/product"}],"about":[{"href":"https:\/\/foreldrekompetanse.no\/en\/wp-json\/wp\/v2\/types\/product"}],"replies":[{"embeddable":true,"href":"https:\/\/foreldrekompetanse.no\/en\/wp-json\/wp\/v2\/comments?post=127949"}],"wp:featuredmedia":[{"embeddable":true,"href":"https:\/\/foreldrekompetanse.no\/en\/wp-json\/wp\/v2\/media\/128197"}],"wp:attachment":[{"href":"https:\/\/foreldrekompetanse.no\/en\/wp-json\/wp\/v2\/media?parent=127949"}],"wp:term":[{"taxonomy":"product_brand","embeddable":true,"href":"https:\/\/foreldrekompetanse.no\/en\/wp-json\/wp\/v2\/product_brand?post=127949"},{"taxonomy":"product_cat","embeddable":true,"href":"https:\/\/foreldrekompetanse.no\/en\/wp-json\/wp\/v2\/product_cat?post=127949"},{"taxonomy":"product_tag","embeddable":true,"href":"https:\/\/foreldrekompetanse.no\/en\/wp-json\/wp\/v2\/product_tag?post=127949"}],"curies":[{"name":"wp","href":"https:\/\/api.w.org\/{rel}","templated":true}]}}