{"id":129972,"date":"2024-01-25T08:53:29","date_gmt":"2024-01-25T07:53:29","guid":{"rendered":"https:\/\/foreldrekompetanse.no\/?post_type=product&#038;p=129972"},"modified":"2025-09-05T19:48:19","modified_gmt":"2025-09-05T17:48:19","slug":"nar-store-folelser-tar-over-introduksjonskurs","status":"publish","type":"product","link":"https:\/\/foreldrekompetanse.no\/en\/product\/nar-store-folelser-tar-over-introduksjonskurs\/","title":{"rendered":"N\u00e5r store f\u00f8lelser tar over Introduksjonskurs"},"content":{"rendered":"<h3>N\u00e5r store f\u00f8lelser tar over<\/h3>\n<p>Online introduksjonskurs til PLS reguleringsst\u00f8ttemodellen, samling p\u00e5 Zoom, kursbok og alle plakater.<\/p>\n<p>I kurset f\u00e5r du en introduksjon til temaet traumer og relasjonelt stress, og hvordan b\u00e5de positivt og negativt stress er med p\u00e5 \u00e5 p\u00e5virke og forme barnets utvikling.<\/p>\n<p>Denne pakken er ogs\u00e5 en god introduksjon til hva du kan gj\u00f8re i praksis i hverdagen, og PLS reguleringsst\u00f8ttemodellen.<\/p>\n<p>Kurset er aktuelt for foreldre, deg som jobber med barn, og ogs\u00e5 deg som \u00f8nsker \u00e5 forst\u00e5 mer av deg selv og egne reaksjoner p\u00e5 relasjonelt stress og traumer.<\/p>\n<p>Du kan lese mer om kurset og startpakken <a href=\"https:\/\/foreldrekompetanse.no\/en\/traumer-relasjonelt-stress-og-barns-utvikling\/\"><strong>p\u00e5 nettsiden<\/strong><\/a>.<\/p>\n<span class=\"et_bloom_bottom_trigger\"><\/span>","protected":false},"excerpt":{"rendered":"<h3>Konfliktl\u00f8sning og reguleringsst\u00f8tte introkurs<\/h3>\n<p>Online introduksjonskurs til PLS reguleringsst\u00f8ttemodellen, samling p\u00e5 Zoom, kursbok og alle plakater.<\/p>\n<p>I kurset f\u00e5r du en introduksjon til temaet traumer og relasjonelt stress, og hvordan b\u00e5de positivt og negativt stress er med p\u00e5 \u00e5 p\u00e5virke og forme barnets utvikling.<\/p>\n<p>Denne pakken er ogs\u00e5 en god introduksjon til hva du kan gj\u00f8re i praksis i hverdagen, og PLS reguleringsst\u00f8ttemodellen.<\/p>\n<p>Kurset er aktuelt for foreldre, deg som jobber med barn, og ogs\u00e5 deg som \u00f8nsker \u00e5 forst\u00e5 mer av deg selv og egne reaksjoner p\u00e5 relasjonelt stress og traumer.<\/p>\n<p>Du kan lese mer om kurset og startpakken <a href=\"https:\/\/foreldrekompetanse.no\/en\/traumer-relasjonelt-stress-og-barns-utvikling\/\"><strong>p\u00e5 nettsiden<\/strong><\/a>.<\/p>","protected":false},"featured_media":131162,"comment_status":"closed","ping_status":"closed","template":"","meta":{"_acf_changed":false,"_et_pb_use_builder":"","_et_pb_old_content":"","_et_gb_content_width":""},"product_brand":[],"product_cat":[61,170,316],"product_tag":[159],"class_list":{"0":"post-129972","1":"product","2":"type-product","3":"status-publish","4":"has-post-thumbnail","6":"product_cat-nettkurs","7":"product_cat-pls","8":"product_cat-pls-introkurs","9":"product_tag-nettkurs","11":"first","12":"instock","13":"sale","14":"purchasable","15":"product-type-simple"},"acf":[],"aioseo_notices":[],"_links":{"self":[{"href":"https:\/\/foreldrekompetanse.no\/en\/wp-json\/wp\/v2\/product\/129972","targetHints":{"allow":["GET"]}}],"collection":[{"href":"https:\/\/foreldrekompetanse.no\/en\/wp-json\/wp\/v2\/product"}],"about":[{"href":"https:\/\/foreldrekompetanse.no\/en\/wp-json\/wp\/v2\/types\/product"}],"replies":[{"embeddable":true,"href":"https:\/\/foreldrekompetanse.no\/en\/wp-json\/wp\/v2\/comments?post=129972"}],"wp:featuredmedia":[{"embeddable":true,"href":"https:\/\/foreldrekompetanse.no\/en\/wp-json\/wp\/v2\/media\/131162"}],"wp:attachment":[{"href":"https:\/\/foreldrekompetanse.no\/en\/wp-json\/wp\/v2\/media?parent=129972"}],"wp:term":[{"taxonomy":"product_brand","embeddable":true,"href":"https:\/\/foreldrekompetanse.no\/en\/wp-json\/wp\/v2\/product_brand?post=129972"},{"taxonomy":"product_cat","embeddable":true,"href":"https:\/\/foreldrekompetanse.no\/en\/wp-json\/wp\/v2\/product_cat?post=129972"},{"taxonomy":"product_tag","embeddable":true,"href":"https:\/\/foreldrekompetanse.no\/en\/wp-json\/wp\/v2\/product_tag?post=129972"}],"curies":[{"name":"wp","href":"https:\/\/api.w.org\/{rel}","templated":true}]}}