{"id":1416,"date":"2015-08-24T17:39:48","date_gmt":"2015-08-24T17:39:48","guid":{"rendered":"http:\/\/foreldrekompetanse.no\/?post_type=product&#038;p=1416"},"modified":"2020-11-16T17:41:13","modified_gmt":"2020-11-16T17:41:13","slug":"kolikk-dvd-sovn-kursbok","status":"publish","type":"product","link":"https:\/\/foreldrekompetanse.no\/en\/product\/kolikk-dvd-sovn-kursbok\/","title":{"rendered":"Kolikk DVD\/S\u00f8vn kursbok"},"content":{"rendered":"<span class=\"et_bloom_bottom_trigger\"><\/span>","protected":false},"excerpt":{"rendered":"<p>Utsolgt. Kommer igjen i l\u00f8pet av uke 47. Du f\u00e5r her alle kursbokne fra kursene &#8220;De f\u00f8rste m\u00e5nedene&#8221; og &#8220;De f\u00f8rste \u00e5rene&#8221;, og DVD&#8217;en &#8220;the happiest baby on the block&#8221;.<\/p>\n<p>I DVD&#8217;en og kursbokne l\u00e6rer du hvordan du kan roe ned gr\u00e5tende babyer, b\u00e5de n\u00e5r de har kolikk og gr\u00e5ter intenst, men ogs\u00e5 n\u00e5r de er ukomfortable, overtr\u00f8tte og s\u00e5 videre. I kursbokne f\u00e5r du ogs\u00e5 en mengde nyttig informasjon om s\u00f8vn, og praktiske ferdigheter og kunnskaper du trenger for \u00e5 st\u00f8tte barns emosjonelle trygghet, spr\u00e5klig utvikling, gj\u00f8re overgang til fast f\u00f8de enklere, og st\u00f8tte barnets mentale utvikling.<\/p>\n<p>Dette er en unik startpakke, som gir deg konkrete og praktiske ideer som kan gj\u00f8re hverdagen enklere og bedre, og deg som foreldre tryggere og sikrere i foreldrerollen. DVD&#8217;en blir tilsendt i posten. Kursbokr f\u00e5r du tilsendt via epost, sammen med en video du kan bruke til \u00e5 komme raskt i gang med \u00e5 hjelpe barnet \u00e5 roe seg, noe alle som har barn som gr\u00e5ter intenst forst\u00e5r verdien av!<\/p>","protected":false},"featured_media":1458,"comment_status":"closed","ping_status":"closed","template":"","meta":{"_acf_changed":false,"_et_pb_use_builder":"","_et_pb_old_content":"","_et_gb_content_width":""},"product_brand":[],"product_cat":[16],"product_tag":[],"class_list":{"0":"post-1416","1":"product","2":"type-product","3":"status-publish","4":"has-post-thumbnail","6":"product_cat-dvd","8":"first","9":"instock","10":"taxable","11":"shipping-taxable","12":"purchasable","13":"product-type-simple"},"acf":[],"aioseo_notices":[],"_links":{"self":[{"href":"https:\/\/foreldrekompetanse.no\/en\/wp-json\/wp\/v2\/product\/1416","targetHints":{"allow":["GET"]}}],"collection":[{"href":"https:\/\/foreldrekompetanse.no\/en\/wp-json\/wp\/v2\/product"}],"about":[{"href":"https:\/\/foreldrekompetanse.no\/en\/wp-json\/wp\/v2\/types\/product"}],"replies":[{"embeddable":true,"href":"https:\/\/foreldrekompetanse.no\/en\/wp-json\/wp\/v2\/comments?post=1416"}],"wp:featuredmedia":[{"embeddable":true,"href":"https:\/\/foreldrekompetanse.no\/en\/wp-json\/wp\/v2\/media\/1458"}],"wp:attachment":[{"href":"https:\/\/foreldrekompetanse.no\/en\/wp-json\/wp\/v2\/media?parent=1416"}],"wp:term":[{"taxonomy":"product_brand","embeddable":true,"href":"https:\/\/foreldrekompetanse.no\/en\/wp-json\/wp\/v2\/product_brand?post=1416"},{"taxonomy":"product_cat","embeddable":true,"href":"https:\/\/foreldrekompetanse.no\/en\/wp-json\/wp\/v2\/product_cat?post=1416"},{"taxonomy":"product_tag","embeddable":true,"href":"https:\/\/foreldrekompetanse.no\/en\/wp-json\/wp\/v2\/product_tag?post=1416"}],"curies":[{"name":"wp","href":"https:\/\/api.w.org\/{rel}","templated":true}]}}