{"id":24880,"date":"2017-01-09T20:44:24","date_gmt":"2017-01-09T20:44:24","guid":{"rendered":"https:\/\/foreldrekompetanse.no\/?post_type=product&#038;p=24880"},"modified":"2018-03-17T13:09:09","modified_gmt":"2018-03-17T13:09:09","slug":"trassalder-mandag-21-november-kl-17-00-22-00-kirkeveien-64a-oslo-2","status":"publish","type":"product","link":"https:\/\/foreldrekompetanse.no\/en\/product\/trassalder-mandag-21-november-kl-17-00-22-00-kirkeveien-64a-oslo-2\/","title":{"rendered":"Konflikter med barn \u2192<br>Mandag 8. mai kl. 17.00 \u2013 22.00. <br>Med oppf\u00f8lging mandag 22. mai kl. 17.30 \u2013 20.30. To kvelder.<br>Kirkeveien 64A, Oslo."},"content":{"rendered":"<p>Kursene som g\u00e5r over 1 dag i Oslo f\u00f8lger det samme formatet som de kursene vi har utenfor Oslo. Dette for \u00e5 gi mulighet til de som \u00f8nsker \u00e5 reise til Oslo for \u00e5 v\u00e6re med p\u00e5 kurs, de som ikke kan delta p\u00e5 kurs p\u00e5 kvelden i ukedager eller f\u00e5r ledig to kvelder. Du kan alikevel v\u00e6re med p\u00e5 en av kurskveldene hvor del 2 holdes, om du \u00f8nsker det.<\/p>\n<span class=\"et_bloom_bottom_trigger\"><\/span>","protected":false},"excerpt":{"rendered":"<p>Kursene som g\u00e5r over 1 dag i Oslo f\u00f8lger det samme formatet som de kursene vi har utenfor Oslo. Dette for \u00e5 gi mulighet til de som \u00f8nsker \u00e5 reise til Oslo for \u00e5 v\u00e6re med p\u00e5 kurs, de som ikke kan delta p\u00e5 kurs p\u00e5 kvelden i ukedager eller f\u00e5r ledig to kvelder. Du [&hellip;]<\/p>\n","protected":false},"featured_media":24650,"comment_status":"closed","ping_status":"closed","template":"","meta":{"_acf_changed":false,"_et_pb_use_builder":"","_et_pb_old_content":"","_et_gb_content_width":""},"product_brand":[],"product_cat":[7,53],"product_tag":[],"class_list":{"0":"post-24880","1":"product","2":"type-product","3":"status-publish","4":"has-post-thumbnail","6":"product_cat-kurs","7":"product_cat-trassalder","8":"vtprd_rule_category-partnerrabatt-trassalder","9":"vtprd_rule_category-pricing-deals-category","11":"first","12":"outofstock","13":"virtual","14":"taxable","15":"purchasable","16":"product-type-simple"},"acf":[],"aioseo_notices":[],"_links":{"self":[{"href":"https:\/\/foreldrekompetanse.no\/en\/wp-json\/wp\/v2\/product\/24880","targetHints":{"allow":["GET"]}}],"collection":[{"href":"https:\/\/foreldrekompetanse.no\/en\/wp-json\/wp\/v2\/product"}],"about":[{"href":"https:\/\/foreldrekompetanse.no\/en\/wp-json\/wp\/v2\/types\/product"}],"replies":[{"embeddable":true,"href":"https:\/\/foreldrekompetanse.no\/en\/wp-json\/wp\/v2\/comments?post=24880"}],"wp:featuredmedia":[{"embeddable":true,"href":"https:\/\/foreldrekompetanse.no\/en\/wp-json\/wp\/v2\/media\/24650"}],"wp:attachment":[{"href":"https:\/\/foreldrekompetanse.no\/en\/wp-json\/wp\/v2\/media?parent=24880"}],"wp:term":[{"taxonomy":"product_brand","embeddable":true,"href":"https:\/\/foreldrekompetanse.no\/en\/wp-json\/wp\/v2\/product_brand?post=24880"},{"taxonomy":"product_cat","embeddable":true,"href":"https:\/\/foreldrekompetanse.no\/en\/wp-json\/wp\/v2\/product_cat?post=24880"},{"taxonomy":"product_tag","embeddable":true,"href":"https:\/\/foreldrekompetanse.no\/en\/wp-json\/wp\/v2\/product_tag?post=24880"}],"curies":[{"name":"wp","href":"https:\/\/api.w.org\/{rel}","templated":true}]}}