{"id":27271,"date":"2017-02-10T16:55:48","date_gmt":"2017-02-10T16:55:48","guid":{"rendered":"https:\/\/foreldrekompetanse.no\/product\/trassalder-%e2%86%92lordag-2-desember-2017-kl-09-17-litteraturhuset-i-bergen\/"},"modified":"2017-08-28T17:19:02","modified_gmt":"2017-08-28T17:19:02","slug":"trassalder-%e2%86%92lordag-2-desember-2017-kl-09-17-litteraturhuset-i-bergen","status":"publish","type":"product","link":"https:\/\/foreldrekompetanse.no\/en\/product\/trassalder-%e2%86%92lordag-2-desember-2017-kl-09-17-litteraturhuset-i-bergen\/","title":{"rendered":"Konflikter med barn \u2192<br>L\u00f8rdag 13. januar. 2018 Kl. 09 \u2013 17.<br>Litteraturhuset i Bergen"},"content":{"rendered":"<p>Kursene som g\u00e5r over 1 dag i Oslo f\u00f8lger det samme formatet som de kursene vi har utenfor Oslo. Dette for \u00e5 gi mulighet til de som \u00f8nsker \u00e5 reise til Oslo for \u00e5 v\u00e6re med p\u00e5 kurs, de som ikke kan delta p\u00e5 kurs p\u00e5 kvelden i ukedager eller f\u00e5r ledig to kvelder. Du kan alikevel v\u00e6re med p\u00e5 en av kurskveldene hvor del 2 holdes, om du \u00f8nsker det.<\/p>\n<p>Konflikter i relasjoner med barn og unge.<br \/>\n<strong>Dato<\/strong>: L\u00f8rdag 13. januar 2018 Kl. 09 \u2013 17.<br \/>\n<strong>Sted<\/strong>: Litteraturhuset i Bergen.<br \/>\n<strong>Pris<\/strong>: 1900 kr. Partnerrabatt 1500 kr.<br \/>\nDet blir servert lunsj, kaffe og te under kurset.<\/p>\n<span class=\"et_bloom_bottom_trigger\"><\/span>","protected":false},"excerpt":{"rendered":"<p>Kursene som g\u00e5r over 1 dag i Oslo f\u00f8lger det samme formatet som de kursene vi har utenfor Oslo. Dette for \u00e5 gi mulighet til de som \u00f8nsker \u00e5 reise til Oslo for \u00e5 v\u00e6re med p\u00e5 kurs, de som ikke kan delta p\u00e5 kurs p\u00e5 kvelden i ukedager eller f\u00e5r ledig to kvelder. Du [&hellip;]<\/p>\n","protected":false},"featured_media":24650,"comment_status":"closed","ping_status":"closed","template":"","meta":{"_acf_changed":false,"_et_pb_use_builder":"","_et_pb_old_content":"","_et_gb_content_width":""},"product_brand":[],"product_cat":[7,53],"product_tag":[],"class_list":{"0":"post-27271","1":"product","2":"type-product","3":"status-publish","4":"has-post-thumbnail","6":"product_cat-kurs","7":"product_cat-trassalder","8":"vtprd_rule_category-partnerrabatt-trassalder","9":"vtprd_rule_category-pricing-deals-category","11":"first","12":"outofstock","13":"virtual","14":"taxable","15":"purchasable","16":"product-type-simple"},"acf":[],"aioseo_notices":[],"_links":{"self":[{"href":"https:\/\/foreldrekompetanse.no\/en\/wp-json\/wp\/v2\/product\/27271","targetHints":{"allow":["GET"]}}],"collection":[{"href":"https:\/\/foreldrekompetanse.no\/en\/wp-json\/wp\/v2\/product"}],"about":[{"href":"https:\/\/foreldrekompetanse.no\/en\/wp-json\/wp\/v2\/types\/product"}],"replies":[{"embeddable":true,"href":"https:\/\/foreldrekompetanse.no\/en\/wp-json\/wp\/v2\/comments?post=27271"}],"wp:featuredmedia":[{"embeddable":true,"href":"https:\/\/foreldrekompetanse.no\/en\/wp-json\/wp\/v2\/media\/24650"}],"wp:attachment":[{"href":"https:\/\/foreldrekompetanse.no\/en\/wp-json\/wp\/v2\/media?parent=27271"}],"wp:term":[{"taxonomy":"product_brand","embeddable":true,"href":"https:\/\/foreldrekompetanse.no\/en\/wp-json\/wp\/v2\/product_brand?post=27271"},{"taxonomy":"product_cat","embeddable":true,"href":"https:\/\/foreldrekompetanse.no\/en\/wp-json\/wp\/v2\/product_cat?post=27271"},{"taxonomy":"product_tag","embeddable":true,"href":"https:\/\/foreldrekompetanse.no\/en\/wp-json\/wp\/v2\/product_tag?post=27271"}],"curies":[{"name":"wp","href":"https:\/\/api.w.org\/{rel}","templated":true}]}}