{"id":27401,"date":"2017-01-09T20:57:38","date_gmt":"2017-01-09T20:57:38","guid":{"rendered":"https:\/\/foreldrekompetanse.no\/?post_type=product&#038;p=27401"},"modified":"2018-03-23T17:14:33","modified_gmt":"2018-03-23T17:14:33","slug":"de-forste-arene%e2%86%92-mandag-19-juni-kl-17-00-20-30-kirkeveien-64a-majorstuhuset-6-etasje","status":"publish","type":"product","link":"https:\/\/foreldrekompetanse.no\/en\/product\/de-forste-arene%e2%86%92-mandag-19-juni-kl-17-00-20-30-kirkeveien-64a-majorstuhuset-6-etasje\/","title":{"rendered":"De f\u00f8rste \u00e5rene\u2192<br \/> Mandag 19. juni kl. 17.00 \u2013 20.30.<br \/>  Kirkeveien 64A, Majorstuhuset, 6. etasje"},"content":{"rendered":"<h4>Kurs om s\u00f8vn, kommunikasjon, emosjonell, spr\u00e5klig og sosial utvikling<\/h4>\n<h4>\u2013 for deg som venter barn, har barn 0-2 \u00e5r, eller jobber med barn.<\/h4>\n<p><strong>Dato:<\/strong>\u00a0Mandag 19. juni kl. 17.00 \u2013 20.30.<\/p>\n<p><strong>Sted:<\/strong> Kirkeveien 64 a, Majorstuhuset, 6. etasje.<br \/>\nBeliggenhet ved Majorstua T-banestasjon. Inngang fra baksiden, mot T banen, ved nedsiden av trappen. Det st\u00e5r Positive Spiraler, Hans Holter Solhjell p\u00e5 ringeklokken. Du kan ogs\u00e5 ringe meg p\u00e5 41318627 n\u00e5r du er utenfor.<\/p>\n<p><strong>Pris:<\/strong> 990 kr.<\/p>\n<p><strong>Kurspakke<\/strong>: Dette kurset inng\u00e5r i en pakke sammen med kurset \u00abDe f\u00f8rste m\u00e5nedene\u00bb. Dette kurset arrangeres uken f\u00f8r. \u00a0Melder du deg p\u00e5 begge kursene f\u00e5r du redusert pris, totalt 1500 kr, for begge kursene.\u00a0 Du kan lese mer om kurset \u00abDe f\u00f8rste m\u00e5nedene\u00bb <a href=\"https:\/\/foreldrekompetanse.no\/en\/de-forste-manedene\/\"><strong>her<\/strong><\/a>.<\/p>\n<p><strong>Grupperabatt: <\/strong>800 kr per person.\u00a0Om dere er fem eller flere og betaler samlet. Kontakt oss da via <a href=\"https:\/\/foreldrekompetanse.no\/en\/kontakt\/\">kontaktskjemaet<\/a>.<\/p>\n<span class=\"et_bloom_bottom_trigger\"><\/span>","protected":false},"excerpt":{"rendered":"<h4>Kurs om s\u00f8vn, kommunikasjon, emosjonell, spr\u00e5klig og sosial utvikling<\/h4>\n<h4>\u2013 for deg som venter barn, har barn 0-2 \u00e5r, eller jobber med barn.<\/h4>\n<p><strong>Dato:<\/strong>\u00a0Mandag 19. juni kl. 17.00 \u2013 20.30.<br \/>\n<strong>Sted:<\/strong> Kirkeveien 64 a, Majorstuhuset, 6. etasje.<br \/>\n<strong>Kurspakke<\/strong>: Dette kurset inng\u00e5r i en pakke sammen med kurset \u00abDe f\u00f8rste m\u00e5nedene\u00bb. Dette kurset arrangeres uken f\u00f8r. \u00a0Melder du deg p\u00e5 begge kursene f\u00e5r du redusert pris, totalt 1500 kr, for begge kursene.\u00a0 Du kan lese mer om kurset \u00abDe f\u00f8rste m\u00e5nedene\u00bb <a href=\"https:\/\/foreldrekompetanse.no\/en\/de-forste-manedene\/\"><strong>her<\/strong><\/a>.<br \/>\n<strong>Grupperabatt: <\/strong>800 kr per person.\u00a0Om dere er fem eller flere og betaler samlet. Kontakt oss da via <a href=\"https:\/\/foreldrekompetanse.no\/en\/kontakt\/\">kontaktskjemaet<\/a>.<\/p>","protected":false},"featured_media":2732,"comment_status":"closed","ping_status":"closed","template":"","meta":{"_acf_changed":false,"_et_pb_use_builder":"","_et_pb_old_content":"","_et_gb_content_width":""},"product_brand":[],"product_cat":[7],"product_tag":[],"class_list":{"0":"post-27401","1":"product","2":"type-product","3":"status-publish","4":"has-post-thumbnail","6":"product_cat-kurs","8":"first","9":"outofstock","10":"virtual","11":"taxable","12":"purchasable","13":"product-type-simple"},"acf":[],"aioseo_notices":[],"_links":{"self":[{"href":"https:\/\/foreldrekompetanse.no\/en\/wp-json\/wp\/v2\/product\/27401","targetHints":{"allow":["GET"]}}],"collection":[{"href":"https:\/\/foreldrekompetanse.no\/en\/wp-json\/wp\/v2\/product"}],"about":[{"href":"https:\/\/foreldrekompetanse.no\/en\/wp-json\/wp\/v2\/types\/product"}],"replies":[{"embeddable":true,"href":"https:\/\/foreldrekompetanse.no\/en\/wp-json\/wp\/v2\/comments?post=27401"}],"wp:featuredmedia":[{"embeddable":true,"href":"https:\/\/foreldrekompetanse.no\/en\/wp-json\/wp\/v2\/media\/2732"}],"wp:attachment":[{"href":"https:\/\/foreldrekompetanse.no\/en\/wp-json\/wp\/v2\/media?parent=27401"}],"wp:term":[{"taxonomy":"product_brand","embeddable":true,"href":"https:\/\/foreldrekompetanse.no\/en\/wp-json\/wp\/v2\/product_brand?post=27401"},{"taxonomy":"product_cat","embeddable":true,"href":"https:\/\/foreldrekompetanse.no\/en\/wp-json\/wp\/v2\/product_cat?post=27401"},{"taxonomy":"product_tag","embeddable":true,"href":"https:\/\/foreldrekompetanse.no\/en\/wp-json\/wp\/v2\/product_tag?post=27401"}],"curies":[{"name":"wp","href":"https:\/\/api.w.org\/{rel}","templated":true}]}}