{"id":27566,"date":"2017-06-28T17:17:29","date_gmt":"2017-06-28T17:17:29","guid":{"rendered":"https:\/\/foreldrekompetanse.no\/?post_type=product&#038;p=27566"},"modified":"2017-12-08T10:25:16","modified_gmt":"2017-12-08T10:25:16","slug":"forstehjelpskurs-for-foreldre-%e2%86%92-tirsdag-12-desember-kl-18-21-sentralen-ovre-slottsgate-3","status":"publish","type":"product","link":"https:\/\/foreldrekompetanse.no\/en\/product\/forstehjelpskurs-for-foreldre-%e2%86%92-tirsdag-12-desember-kl-18-21-sentralen-ovre-slottsgate-3\/","title":{"rendered":"F\u00f8rstehjelpskurs for foreldre \u2192 <br>Tirsdag <strong>12. desember<\/strong> kl. 18 \u2013 21 <br>Sentralen, \u00d8vre Slottsgate 3"},"content":{"rendered":"<p><strong class=\"\">Sted:<\/strong><span class=\"\"> Sentralen, \u00d8vre Slottsgate 3, 2. etasje.<\/span><br class=\"\" \/><span class=\"\">Beliggenhet\u00a02-3 minutters gange fra Stortinget T bane stasjon, Egertorget.<\/span><\/p>\n<div class=\"\">\n<div class=\"\">Det er enkelt \u00e5 komme til Sentralen med offentlig transport. Det ligger kort vei fra Stortinget T bane stasjon. Og flere trikker og busser stopper rett ved. Kommer du med bil s\u00e5 er det mulig \u00e5 parkere p\u00e5 kommunale P plasser i omr\u00e5det, og det er ogs\u00e5 et P hus p\u00e5 Bankplassen 1.<\/div>\n<div class=\"\"><\/div>\n<div class=\"\">Det er ikke mulig \u00e5 ha med barnevogner inn i kurslokalet. Vogner kan plasseres p\u00e5 anvist plass. Sp\u00f8r om dette i resepsjonen. \u00a0Om du m\u00e5 ha med barn (kun mulig med spedbarn),\u00a0ber vi om at du tar hensyn til de andre deltagerene, og g\u00e5r ut om barnet blir urolig og kommer inn igjen n\u00e5r barnet er rolig igjen. Du kan da sp\u00f8rre instrukt\u00f8ren om hva du gikk glipp av i pausen.<\/div>\n<\/div>\n<div class=\"\"><\/div>\n<div class=\"\">Vi vil ogs\u00e5 invitere deg til \u00e5 ta en titt p\u00e5 v\u00e5rt meget popul\u00e6re kurs om kommunikasjon og konflikth\u00e5ndtering i relasjoner med barn. I dette kurset l\u00e6rer du viktige ferdigheter du f\u00e5r bruk for hver eneste dag som forelder, og som ogs\u00e5 gj\u00f8r foreldrerollen enklere og mindre stressende. Les gjerne mer om dette kurset her,\u00a0<a href=\"https:\/\/foreldrekompetanse.no\/en\/trassalder_kurs_for_foreldre_barnehager\/\">http:\/\/www.foreldrekompetanse.no\/trassalder_kurs_for_foreldre_barnehager\/<\/a>.<\/div>\n<div class=\"\"><\/div>\n<div class=\"\">Da ser vi frem til \u00e5 se deg p\u00e5 kurset!<\/div>\n<div class=\"\"><\/div>\n<div class=\"\">Med vennlig hilsen<\/div>\n<div class=\"\"><\/div>\n<div class=\"\">Hans Holter Solhjell<\/div>\n<div class=\"\"><\/div>\n<div class=\"\"><\/div>\n<span class=\"et_bloom_bottom_trigger\"><\/span>","protected":false},"excerpt":{"rendered":"<p><strong class=\"\">Sted:<\/strong><span class=\"\"> Sentralen, \u00d8vre Slottsgate 3, 2. etasje.<\/span><br class=\"\" \/><span class=\"\">Beliggenhet\u00a02-3 minutters gange fra Stortinget T bane stasjon, Egertorget.<\/span><\/p>\n<div class=\"\">\n<div class=\"\">Det er enkelt \u00e5 komme til Sentralen med offentlig transport. Det ligger kort vei fra Stortinget T bane stasjon. Og flere trikker og busser stopper rett ved. Kommer du med bil s\u00e5 er det mulig \u00e5 parkere p\u00e5 kommunale P plasser i omr\u00e5det, og det er ogs\u00e5 et P hus p\u00e5 Bankplassen 1.<\/div>\n<div class=\"\"><\/div>\n<div class=\"\">Det er ikke mulig \u00e5 ha med barnevogner inn i kurslokalet. Vogner kan plasseres p\u00e5 anvist plass. Sp\u00f8r om dette i resepsjonen. \u00a0Om du m\u00e5 ha med barn (kun mulig med spedbarn),\u00a0ber vi om at du tar hensyn til de andre deltagerene, og g\u00e5r ut om barnet blir urolig og kommer inn igjen n\u00e5r barnet er rolig igjen. Du kan da sp\u00f8rre instrukt\u00f8ren om hva du gikk glipp av i pausen.<\/div>\n<\/div>\n<div class=\"\"><\/div>\n<div class=\"\">Vi vil ogs\u00e5 invitere deg til \u00e5 ta en titt p\u00e5 v\u00e5rt meget popul\u00e6re kurs om kommunikasjon og konflikth\u00e5ndtering i relasjoner med barn. I dette kurset l\u00e6rer du viktige ferdigheter du f\u00e5r bruk for hver eneste dag som forelder, og som ogs\u00e5 gj\u00f8r foreldrerollen enklere og mindre stressende. Les gjerne mer om dette kurset her,\u00a0<a href=\"https:\/\/foreldrekompetanse.no\/en\/trassalder_kurs_for_foreldre_barnehager\/\">http:\/\/www.foreldrekompetanse.no\/trassalder_kurs_for_foreldre_barnehager\/<\/a>.<\/div>\n<div class=\"\"><\/div>\n<div class=\"\">Da ser vi frem til \u00e5 se deg p\u00e5 kurset!<\/div>\n<div class=\"\"><\/div>\n<div class=\"\">Med vennlig hilsen<\/div>\n<div class=\"\"><\/div>\n<div class=\"\">Hans Holter Solhjell<\/div>\n<div class=\"\"><\/div>\n<div class=\"\"><\/div>","protected":false},"featured_media":676,"comment_status":"closed","ping_status":"closed","template":"","meta":{"_acf_changed":false,"_et_pb_use_builder":"","_et_pb_old_content":"","_et_gb_content_width":""},"product_brand":[],"product_cat":[34,7],"product_tag":[],"class_list":{"0":"post-27566","1":"product","2":"type-product","3":"status-publish","4":"has-post-thumbnail","6":"product_cat-forstehjelpskurs","7":"product_cat-kurs","9":"first","10":"outofstock","11":"virtual","12":"taxable","13":"purchasable","14":"product-type-simple"},"acf":[],"aioseo_notices":[],"_links":{"self":[{"href":"https:\/\/foreldrekompetanse.no\/en\/wp-json\/wp\/v2\/product\/27566","targetHints":{"allow":["GET"]}}],"collection":[{"href":"https:\/\/foreldrekompetanse.no\/en\/wp-json\/wp\/v2\/product"}],"about":[{"href":"https:\/\/foreldrekompetanse.no\/en\/wp-json\/wp\/v2\/types\/product"}],"replies":[{"embeddable":true,"href":"https:\/\/foreldrekompetanse.no\/en\/wp-json\/wp\/v2\/comments?post=27566"}],"wp:featuredmedia":[{"embeddable":true,"href":"https:\/\/foreldrekompetanse.no\/en\/wp-json\/wp\/v2\/media\/676"}],"wp:attachment":[{"href":"https:\/\/foreldrekompetanse.no\/en\/wp-json\/wp\/v2\/media?parent=27566"}],"wp:term":[{"taxonomy":"product_brand","embeddable":true,"href":"https:\/\/foreldrekompetanse.no\/en\/wp-json\/wp\/v2\/product_brand?post=27566"},{"taxonomy":"product_cat","embeddable":true,"href":"https:\/\/foreldrekompetanse.no\/en\/wp-json\/wp\/v2\/product_cat?post=27566"},{"taxonomy":"product_tag","embeddable":true,"href":"https:\/\/foreldrekompetanse.no\/en\/wp-json\/wp\/v2\/product_tag?post=27566"}],"curies":[{"name":"wp","href":"https:\/\/api.w.org\/{rel}","templated":true}]}}