{"id":27799,"date":"2017-09-27T05:03:51","date_gmt":"2017-09-27T05:03:51","guid":{"rendered":"https:\/\/foreldrekompetanse.no\/?post_type=product&#038;p=27799"},"modified":"2018-04-14T09:58:33","modified_gmt":"2018-04-14T09:58:33","slug":"nettkurs-konflikter-kort-onsdag-13-desember","status":"publish","type":"product","link":"https:\/\/foreldrekompetanse.no\/en\/product\/nettkurs-konflikter-kort-onsdag-13-desember\/","title":{"rendered":"<strong>Nettkurs<\/strong> Konflikter i relasjoner med barn \u2192 Onsdag <strong>13. desember<\/strong> kl. 20 &#8211; 21:30."},"content":{"rendered":"<p>Webinar, nettkurs\u00a0om konflikter i relasjoner med barn!<\/p>\n<p>Du f\u00e5r n\u00e5 kortversjonen av v\u00e5rt kurs om konflikth\u00e5ndtering i relasjoner med barn. \u00a0Du kan ogs\u00e5 se opptak fra kurset senere, om du ikke f\u00e5r med deg deler av kurskvelden.<\/p>\n<p>Dette er en super mulighet for alle, og spesielt for deg som bor langt unna v\u00e5re kurssteder, eller ikke s\u00e5 lett kommer deg hjemmefra for \u00e5 delta p\u00e5 kurs.<\/p>\n<p>I forkant av kurset f\u00e5r du en epost med informasjon hvordan du f\u00e5r tilgang til kurset, med en link til nettsiden for selve webinaret og registreringssiden.<\/p>\n<p>Tidspunkt: Fra kl. 20 til 21:30.<\/p>\n<p>Pris: 390 kr.<\/p>\n<p>Sted: Hjemme hos deg selv!<\/p>\n<span class=\"et_bloom_bottom_trigger\"><\/span>","protected":false},"excerpt":{"rendered":"<p>Webinar, nettkurs\u00a0om konflikter i relasjoner med barn!<\/p>\n<p>Du f\u00e5r n\u00e5 kortversjonen av v\u00e5rt kurs om konflikth\u00e5ndtering i relasjoner med barn. \u00a0Du kan ogs\u00e5 se opptak fra kurset senere, om du ikke f\u00e5r med deg deler av kurskvelden.<\/p>\n<p>Dette er en super mulighet for alle, og spesielt for deg som bor langt unna v\u00e5re kurssteder, eller ikke s\u00e5 lett kommer deg hjemmefra for \u00e5 delta p\u00e5 kurs.<\/p>\n<p>I forkant av kurset f\u00e5r du en epost med informasjon hvordan du f\u00e5r tilgang til kurset, med en link til nettsiden for selve webinaret og registreringssiden.<\/p>\n<p>Tidspunkt: Fra kl. 20 til 21:30.<\/p>\n<p>Pris: 390 kr.<\/p>\n<p>Sted: Hjemme hos deg selv!<\/p>","protected":false},"featured_media":24650,"comment_status":"closed","ping_status":"closed","template":"","meta":{"_acf_changed":false,"_et_pb_use_builder":"","_et_pb_old_content":"","_et_gb_content_width":""},"product_brand":[],"product_cat":[32,7,61,53],"product_tag":[],"class_list":{"0":"post-27799","1":"product","2":"type-product","3":"status-publish","4":"has-post-thumbnail","6":"product_cat-coupon","7":"product_cat-kurs","8":"product_cat-nettkurs","9":"product_cat-trassalder","11":"first","12":"outofstock","13":"virtual","14":"taxable","15":"purchasable","16":"product-type-simple"},"acf":[],"aioseo_notices":[],"_links":{"self":[{"href":"https:\/\/foreldrekompetanse.no\/en\/wp-json\/wp\/v2\/product\/27799","targetHints":{"allow":["GET"]}}],"collection":[{"href":"https:\/\/foreldrekompetanse.no\/en\/wp-json\/wp\/v2\/product"}],"about":[{"href":"https:\/\/foreldrekompetanse.no\/en\/wp-json\/wp\/v2\/types\/product"}],"replies":[{"embeddable":true,"href":"https:\/\/foreldrekompetanse.no\/en\/wp-json\/wp\/v2\/comments?post=27799"}],"wp:featuredmedia":[{"embeddable":true,"href":"https:\/\/foreldrekompetanse.no\/en\/wp-json\/wp\/v2\/media\/24650"}],"wp:attachment":[{"href":"https:\/\/foreldrekompetanse.no\/en\/wp-json\/wp\/v2\/media?parent=27799"}],"wp:term":[{"taxonomy":"product_brand","embeddable":true,"href":"https:\/\/foreldrekompetanse.no\/en\/wp-json\/wp\/v2\/product_brand?post=27799"},{"taxonomy":"product_cat","embeddable":true,"href":"https:\/\/foreldrekompetanse.no\/en\/wp-json\/wp\/v2\/product_cat?post=27799"},{"taxonomy":"product_tag","embeddable":true,"href":"https:\/\/foreldrekompetanse.no\/en\/wp-json\/wp\/v2\/product_tag?post=27799"}],"curies":[{"name":"wp","href":"https:\/\/api.w.org\/{rel}","templated":true}]}}