{"id":29070,"date":"2018-06-02T07:31:32","date_gmt":"2018-06-02T07:31:32","guid":{"rendered":"https:\/\/foreldrekompetanse.no\/?post_type=product&#038;p=29070"},"modified":"2020-01-17T17:40:51","modified_gmt":"2020-01-17T17:40:51","slug":"nettkurs-traumer-relasjonelt-stress-og-barns-utvikling%e2%86%92mandag-og-tirsdag-26-og-27-november-2018-kl-20-21-30","status":"publish","type":"product","link":"https:\/\/foreldrekompetanse.no\/en\/product\/nettkurs-traumer-relasjonelt-stress-og-barns-utvikling%e2%86%92mandag-og-tirsdag-26-og-27-november-2018-kl-20-21-30\/","title":{"rendered":"<strong>Nettkurs<\/strong> Traumer, relasjonelt stress og barns utvikling\u2192<br>Mandag og tirsdag <strong>26. og 27. november 2018<\/strong> kl. 20-21.30."},"content":{"rendered":"<p><em>Mandag 26. og tirsdag 27. november kl. 20-21.30. <\/em>Nettkurset g\u00e5r over 2 kvelder. Du deltar hjemme hos deg selv, fra din datamaskin, ipad, telefon el. Ved p\u00e5melding f\u00e5r du mer informasjon om hvordan du gj\u00f8r dette i praksis, som er veldig enkelt.<\/p>\n<span class=\"et_bloom_bottom_trigger\"><\/span>","protected":false},"excerpt":{"rendered":"<p><em>Mandag 26. og tirsdag 27. november kl. 20-21.30. <\/em>Nettkurset g\u00e5r over 2 kvelder. Du deltar hjemme hos deg selv, fra din datamaskin, ipad, telefon el. Ved p\u00e5melding f\u00e5r du mer informasjon om hvordan du gj\u00f8r dette i praksis, som er veldig enkelt.<\/p>","protected":false},"featured_media":24813,"comment_status":"closed","ping_status":"closed","template":"","meta":{"_acf_changed":false,"_et_pb_use_builder":"","_et_pb_old_content":"","_et_gb_content_width":""},"product_brand":[],"product_cat":[61,53],"product_tag":[119],"class_list":{"0":"post-29070","1":"product","2":"type-product","3":"status-publish","4":"has-post-thumbnail","6":"product_cat-nettkurs","7":"product_cat-trassalder","8":"product_tag-traumer","10":"first","11":"outofstock","12":"taxable","13":"shipping-taxable","14":"purchasable","15":"product-type-simple"},"acf":[],"aioseo_notices":[],"_links":{"self":[{"href":"https:\/\/foreldrekompetanse.no\/en\/wp-json\/wp\/v2\/product\/29070","targetHints":{"allow":["GET"]}}],"collection":[{"href":"https:\/\/foreldrekompetanse.no\/en\/wp-json\/wp\/v2\/product"}],"about":[{"href":"https:\/\/foreldrekompetanse.no\/en\/wp-json\/wp\/v2\/types\/product"}],"replies":[{"embeddable":true,"href":"https:\/\/foreldrekompetanse.no\/en\/wp-json\/wp\/v2\/comments?post=29070"}],"wp:featuredmedia":[{"embeddable":true,"href":"https:\/\/foreldrekompetanse.no\/en\/wp-json\/wp\/v2\/media\/24813"}],"wp:attachment":[{"href":"https:\/\/foreldrekompetanse.no\/en\/wp-json\/wp\/v2\/media?parent=29070"}],"wp:term":[{"taxonomy":"product_brand","embeddable":true,"href":"https:\/\/foreldrekompetanse.no\/en\/wp-json\/wp\/v2\/product_brand?post=29070"},{"taxonomy":"product_cat","embeddable":true,"href":"https:\/\/foreldrekompetanse.no\/en\/wp-json\/wp\/v2\/product_cat?post=29070"},{"taxonomy":"product_tag","embeddable":true,"href":"https:\/\/foreldrekompetanse.no\/en\/wp-json\/wp\/v2\/product_tag?post=29070"}],"curies":[{"name":"wp","href":"https:\/\/api.w.org\/{rel}","templated":true}]}}